{"id":1396,"date":"2023-10-23T12:35:21","date_gmt":"2023-10-23T10:35:21","guid":{"rendered":"https:\/\/educem.com\/educacion-internacional\/"},"modified":"2026-02-18T20:24:43","modified_gmt":"2026-02-18T19:24:43","slug":"educacion-internacional","status":"publish","type":"page","link":"https:\/\/educem.com\/es\/educacion-internacional\/","title":{"rendered":"Educaci\u00f3n internacional"},"content":{"rendered":"<p>[et_pb_section fb_built=\u00bb1&#8243; fullwidth=\u00bbon\u00bb module_id=\u00bbed_cap\u00bb _builder_version=\u00bb4.22.2&#8243; _module_preset=\u00bbdefault\u00bb global_colors_info=\u00bb{}\u00bb][et_pb_fullwidth_header title=\u00bbEducaci\u00f3n internacional\u00bb background_overlay_color=\u00bbRGBA(255,255,255,0)\u00bb content_max_width_tablet=\u00bb\u00bb content_max_width_phone=\u00bb100%\u00bb content_max_width_last_edited=\u00bbon|phone\u00bb _builder_version=\u00bb4.27.4&#8243; _module_preset=\u00bbdefault\u00bb title_font=\u00bbArial Rounded|||on|||||\u00bb title_text_color=\u00bb#102569&#8243; title_font_size=\u00bb32px\u00bb title_line_height=\u00bb2.6em\u00bb background_color=\u00bbRGBA(255,255,255,0)\u00bb background_image=\u00bbhttps:\/\/educem.com\/wp-content\/uploads\/2023\/11\/DSF8578-scaled.jpg\u00bb background_position=\u00bbtop_center\u00bb background_vertical_offset=\u00bb32%\u00bb min_height=\u00bb700px\u00bb custom_margin=\u00bb||||false|false\u00bb custom_margin_tablet=\u00bb||||false|false\u00bb custom_margin_phone=\u00bb|0px||0px|false|false\u00bb custom_margin_last_edited=\u00bbon|phone\u00bb custom_padding=\u00bb550px||||false|false\u00bb custom_padding_tablet=\u00bb550px||||false|false\u00bb custom_padding_phone=\u00bb550px|0px||0px|false|false\u00bb custom_padding_last_edited=\u00bbon|phone\u00bb title_font_size_tablet=\u00bb32px\u00bb title_font_size_phone=\u00bb20px\u00bb title_font_size_last_edited=\u00bbon|phone\u00bb global_colors_info=\u00bb{}\u00bb][\/et_pb_fullwidth_header][\/et_pb_section][et_pb_section fb_built=\u00bb1&#8243; _builder_version=\u00bb4.23.1&#8243; _module_preset=\u00bbdefault\u00bb global_colors_info=\u00bb{}\u00bb][et_pb_row _builder_version=\u00bb4.23.1&#8243; _module_preset=\u00bbdefault\u00bb global_colors_info=\u00bb{}\u00bb][et_pb_column type=\u00bb4_4&#8243; _builder_version=\u00bb4.23.1&#8243; _module_preset=\u00bbdefault\u00bb global_colors_info=\u00bb{}\u00bb][et_pb_text _builder_version=\u00bb4.23.1&#8243; _module_preset=\u00bbdefault\u00bb text_font=\u00bbArial Rounded||||||||\u00bb text_text_color=\u00bbgcid-d809cb4a-3cf6-4a6e-a54c-2245ace4a999&#8243; text_font_size=\u00bb22px\u00bb global_colors_info=\u00bb{%22gcid-d809cb4a-3cf6-4a6e-a54c-2245ace4a999%22:%91%22text_text_color%22%93}\u00bb]<\/p>\n<p data-fontsize=\"13\" data-lineheight=\"20.02px\" class=\"fusion-responsive-typography-calculated\" style=\"text-align: center;\">Abrimos puertas en el mundo desde el coraz\u00f3n del Vall\u00e8s Oriental: Educaci\u00f3n Internacional en una escuela con m\u00e1s de 80 a\u00f1os de excelencia y compromiso.<\/p>\n<p>[\/et_pb_text][\/et_pb_column][\/et_pb_row][\/et_pb_section][et_pb_section fb_built=\u00bb1&#8243; _builder_version=\u00bb4.23.1&#8243; _module_preset=\u00bbdefault\u00bb background_color=\u00bbgcid-09c858cd-8520-4fb5-b2fa-491252a03b0c\u00bb global_colors_info=\u00bb{%22gcid-09c858cd-8520-4fb5-b2fa-491252a03b0c%22:%91%22background_color%22%93}\u00bb][et_pb_row _builder_version=\u00bb4.22.2&#8243; _module_preset=\u00bbdefault\u00bb global_colors_info=\u00bb{}\u00bb][et_pb_column type=\u00bb4_4&#8243; _builder_version=\u00bb4.22.2&#8243; _module_preset=\u00bbdefault\u00bb global_colors_info=\u00bb{}\u00bb][et_pb_text _builder_version=\u00bb4.23.1&#8243; _module_preset=\u00bbdefault\u00bb header_2_font=\u00bbArial Rounded|600|||||||\u00bb header_2_text_color=\u00bbgcid-9663e3f2-525a-469f-9b07-5e9681bda370&#8243; header_2_font_size=\u00bb32px\u00bb global_colors_info=\u00bb{%22gcid-9663e3f2-525a-469f-9b07-5e9681bda370%22:%91%22header_2_text_color%22%93}\u00bb]<\/p>\n<h2 style=\"text-align: center;\">EDUCACI\u00d3N INTERNACIONAL<\/h2>\n<p>El sector internacional contribuye notablemente al crecimiento de nuestro pa\u00eds , existiendo una relaci\u00f3n directa entre comercio exterior y desarrollo. Durante los \u00faltimos a\u00f1os se ha producido un significativo incremento de empresas e instituciones que han iniciado un proceso de internacionalizaci\u00f3n , que se ha generalizado en pr\u00e1cticamente todos los sectores productivos , provocando as\u00ed una mayor demanda de personas con una adecuada formaci\u00f3n en el \u00e1mbito internacional. En los pr\u00f3ximos a\u00f1os las organizaciones se enfrentar\u00e1n al reto de una globalizaci\u00f3n econ\u00f3mica, que dar\u00e1 como resultado la demanda nuevas capacidades en todos los \u00e1mbitos de actividad.<\/p>\n<p>A EDUCEM Centros de ense\u00f1anza procuramos evolucionar con las demandas de nuestra sociedad, introduciendo progresivamente en la formaci\u00f3n contenidos internacionales: por ejemplo, el ciclo formativo de grado superior de Administraci\u00f3n y Finanzas de educar que da respuesta a las nuevas exigencias de globalizaci\u00f3n de la econom\u00eda, y los procesos de internacionalizaci\u00f3n de las empresas, desde la ense\u00f1anza del ingl\u00e9s empresarial hasta asignaturas con contenidos espec\u00edficos de tem\u00e1tica internacional. O el ciclo formativo de grado medio de Farmacia y parafarmacia (entre otros), en el que dise\u00f1amos actividades de ense\u00f1anza-aprendizaje que incorporan la utilizaci\u00f3n de la lengua inglesa, as\u00ed como el m\u00f3dulo espec\u00edfico. <span style=\"font-weight: 400;\">O el Bachillerato Dual, una oportunidad \u00fanica para el aprendizaje que a\u00f1ade a la educaci\u00f3n tradicional la experiencia de un curso en una escuela de EE. UU.<\/span><\/p>\n<p>[\/et_pb_text][et_pb_text _builder_version=\u00bb4.23.1&#8243; _module_preset=\u00bbdefault\u00bb global_colors_info=\u00bb{}\u00bb]<\/p>\n<p>Para m\u00e1s informaci\u00f3n:<\/p>\n<p>[\/et_pb_text][\/et_pb_column][\/et_pb_row][et_pb_row column_structure=\u00bb1_3,1_3,1_3&#8243; _builder_version=\u00bb4.23.1&#8243; _module_preset=\u00bbdefault\u00bb global_colors_info=\u00bb{}\u00bb][et_pb_column type=\u00bb1_3&#8243; _builder_version=\u00bb4.23.1&#8243; _module_preset=\u00bbdefault\u00bb global_colors_info=\u00bb{}\u00bb][et_pb_button button_url=\u00bbhttps:\/\/administracioifinanceseducem.wordpress.com\u00bb url_new_window=\u00bbon\u00bb button_text=\u00bbBlog del CFGS Administraci\u00f3n y Finanzas\u00bb button_alignment=\u00bbcenter\u00bb _builder_version=\u00bb4.23.1&#8243; _module_preset=\u00bbdefault\u00bb custom_button=\u00bbon\u00bb button_text_color=\u00bb#FFFFFF\u00bb button_bg_color=\u00bbgcid-d809cb4a-3cf6-4a6e-a54c-2245ace4a999&#8243; button_border_radius=\u00bb48px\u00bb button_font=\u00bbArial Rounded|||on|||||\u00bb global_colors_info=\u00bb{%22gcid-d809cb4a-3cf6-4a6e-a54c-2245ace4a999%22:%91%22button_bg_color%22%93}\u00bb][\/et_pb_button][\/et_pb_column][et_pb_column type=\u00bb1_3&#8243; _builder_version=\u00bb4.23.1&#8243; _module_preset=\u00bbdefault\u00bb global_colors_info=\u00bb{}\u00bb][et_pb_button button_url=\u00bbhttps:\/\/educem.com\/es\/cfgm-farmacia-y-parafarmacia\/\u00bb button_text=\u00bbCFGM Farmacia y Parafarmacia: Flores de Bach\u00bb button_alignment=\u00bbcenter\u00bb _builder_version=\u00bb4.23.1&#8243; _module_preset=\u00bbdefault\u00bb custom_button=\u00bbon\u00bb button_text_color=\u00bb#FFFFFF\u00bb button_bg_color=\u00bbgcid-d809cb4a-3cf6-4a6e-a54c-2245ace4a999&#8243; button_border_radius=\u00bb30px\u00bb button_font=\u00bbArial Rounded|||on|||||\u00bb custom_padding=\u00bb|26px||||\u00bb global_colors_info=\u00bb{%22gcid-d809cb4a-3cf6-4a6e-a54c-2245ace4a999%22:%91%22button_bg_color%22%93}\u00bb][\/et_pb_button][\/et_pb_column][et_pb_column type=\u00bb1_3&#8243; _builder_version=\u00bb4.23.1&#8243; _module_preset=\u00bbdefault\u00bb global_colors_info=\u00bb{}\u00bb][et_pb_button button_url=\u00bbhttps:\/\/educem.com\/es\/bachillerato\/\u00bb button_text=\u00bbBachillerato dual\u00bb button_alignment=\u00bbcenter\u00bb _builder_version=\u00bb4.23.1&#8243; _module_preset=\u00bbdefault\u00bb custom_button=\u00bbon\u00bb button_text_color=\u00bb#FFFFFF\u00bb button_bg_color=\u00bbgcid-d809cb4a-3cf6-4a6e-a54c-2245ace4a999&#8243; button_border_radius=\u00bb30px\u00bb button_font=\u00bbArial Rounded|||on|||||\u00bb global_colors_info=\u00bb{%22gcid-d809cb4a-3cf6-4a6e-a54c-2245ace4a999%22:%91%22button_bg_color%22%93}\u00bb][\/et_pb_button][\/et_pb_column][\/et_pb_row][\/et_pb_section][et_pb_section fb_built=\u00bb1&#8243; _builder_version=\u00bb4.22.2&#8243; _module_preset=\u00bbdefault\u00bb global_colors_info=\u00bb{}\u00bb][et_pb_row column_structure=\u00bb3_5,2_5&#8243; _builder_version=\u00bb4.22.2&#8243; _module_preset=\u00bbdefault\u00bb global_colors_info=\u00bb{}\u00bb][et_pb_column type=\u00bb3_5&#8243; _builder_version=\u00bb4.22.2&#8243; _module_preset=\u00bbdefault\u00bb global_colors_info=\u00bb{}\u00bb][et_pb_text _builder_version=\u00bb4.22.2&#8243; _module_preset=\u00bbdefault\u00bb custom_margin=\u00bb102px|||||\u00bb global_colors_info=\u00bb{}\u00bb]EDUCEM ofrece el ciclo formativo de grado superior de ADMINISTRACI\u00d3N Y FINANZAS con la especializaci\u00f3n en COMERCIO INTERNACIONAL, que da la posibilidad de formarse en las diferentes \u00e1reas de la empresa: con este nuevo enfoque se potencia la formaci\u00f3n espec\u00edfica en un \u00e1rea important\u00edsima para la econom\u00eda actual y para las empresas de nuestro entorno.[\/et_pb_text][\/et_pb_column][et_pb_column type=\u00bb2_5&#8243; _builder_version=\u00bb4.22.2&#8243; _module_preset=\u00bbdefault\u00bb global_colors_info=\u00bb{}\u00bb][et_pb_image src=\u00bbhttps:\/\/educem.com\/wp-content\/uploads\/2023\/11\/internacionalizacion-pymes7.jpg\u00bb title_text=\u00bbinternacionalizacion-pymes7&#8243; _builder_version=\u00bb4.23.1&#8243; _module_preset=\u00bbdefault\u00bb global_colors_info=\u00bb{}\u00bb][\/et_pb_image][\/et_pb_column][\/et_pb_row][\/et_pb_section][et_pb_section fb_built=\u00bb1&#8243; _builder_version=\u00bb4.22.2&#8243; _module_preset=\u00bbdefault\u00bb background_color=\u00bbgcid-09c858cd-8520-4fb5-b2fa-491252a03b0c\u00bb global_colors_info=\u00bb{%22gcid-09c858cd-8520-4fb5-b2fa-491252a03b0c%22:%91%22background_color%22%93}\u00bb][et_pb_row column_structure=\u00bb2_5,3_5&#8243; _builder_version=\u00bb4.22.2&#8243; _module_preset=\u00bbdefault\u00bb global_colors_info=\u00bb{}\u00bb][et_pb_column type=\u00bb2_5&#8243; _builder_version=\u00bb4.22.2&#8243; _module_preset=\u00bbdefault\u00bb global_colors_info=\u00bb{}\u00bb][et_pb_image src=\u00bbhttps:\/\/educem.com\/wp-content\/uploads\/2023\/10\/bola-mon-erasmus-icona.png\u00bb title_text=\u00bbbola mon erasmus icona\u00bb _builder_version=\u00bb4.22.2&#8243; _module_preset=\u00bbdefault\u00bb width=\u00bb300px\u00bb global_colors_info=\u00bb{}\u00bb][\/et_pb_image][\/et_pb_column][et_pb_column type=\u00bb3_5&#8243; _builder_version=\u00bb4.22.2&#8243; _module_preset=\u00bbdefault\u00bb global_colors_info=\u00bb{}\u00bb][et_pb_text _builder_version=\u00bb4.23.1&#8243; _module_preset=\u00bbdefault\u00bb header_2_font=\u00bbArial Rounded|600||on|||||\u00bb header_2_text_align=\u00bbcenter\u00bb header_2_font_size=\u00bb32px\u00bb custom_padding=\u00bb||1px|||\u00bb global_colors_info=\u00bb{}\u00bb]<\/p>\n<h2>Carta Erasmus universitaria<\/h2>\n<p>La escuela EDUCEM ha conseguido la Carta Erasmus Universitaria, que tiene como finalidad que el alumnado de ciclos formativos de grado superior pueda <strong>realizar pr\u00e1cticas en una empresa u organizaci\u00f3n de otro pa\u00eds europeo.<\/strong><\/p>\n<p>Esta estancia en un pa\u00eds extranjero <strong>permitir\u00e1 al alumno \/ a adaptarse a las exigencias del mercado laboral a nivel europeo<\/strong>, adquirir\u00e1 aptitudes espec\u00edficas, experiencia laboral y mejorar\u00e1 la comprensi\u00f3n del entorno econ\u00f3mico y social del pa\u00eds en cuesti\u00f3n.<\/p>\n<p>Podr\u00e1n participar los estudiantes de los ciclos formativos de grado superior que el Claustro de profesorado haya valorado positivamente por sus resultados acad\u00e9micos y por su actitud. La estancia tiene un periodo m\u00ednimo de 2 meses.<\/p>\n<p>Para m\u00e1s informaci\u00f3n consultar:<\/p>\n<p>[\/et_pb_text][et_pb_button button_url=\u00bbhttp:\/\/www.sepie.es\/formacion-profesional\/index.html\u00bb url_new_window=\u00bbon\u00bb button_text=\u00bbSepie &#8211; Formaci\u00f3n Profesional\u00bb _builder_version=\u00bb4.23.1&#8243; _module_preset=\u00bbdefault\u00bb custom_button=\u00bbon\u00bb button_text_color=\u00bb#FFFFFF\u00bb button_bg_color=\u00bbgcid-d809cb4a-3cf6-4a6e-a54c-2245ace4a999&#8243; button_border_radius=\u00bb30px\u00bb button_font=\u00bbArial Rounded|||on|||||\u00bb global_colors_info=\u00bb{%22gcid-d809cb4a-3cf6-4a6e-a54c-2245ace4a999%22:%91%22button_bg_color%22%93}\u00bb][\/et_pb_button][et_pb_button button_url=\u00bbhttps:\/\/educem.com\/wp-content\/uploads\/2023\/11\/Erasmus.pdf\u00bb url_new_window=\u00bbon\u00bb button_text=\u00bbCarta Erasmus Otorgada a Educem\u00bb _builder_version=\u00bb4.23.1&#8243; _module_preset=\u00bbdefault\u00bb custom_button=\u00bbon\u00bb button_text_color=\u00bb#FFFFFF\u00bb button_bg_color=\u00bbgcid-d809cb4a-3cf6-4a6e-a54c-2245ace4a999&#8243; button_border_radius=\u00bb30px\u00bb button_font=\u00bbArial Rounded|||on|||||\u00bb global_colors_info=\u00bb{%22gcid-d809cb4a-3cf6-4a6e-a54c-2245ace4a999%22:%91%22button_bg_color%22%93}\u00bb][\/et_pb_button][\/et_pb_column][\/et_pb_row][\/et_pb_section][et_pb_section fb_built=\u00bb1&#8243; _builder_version=\u00bb4.22.2&#8243; _module_preset=\u00bbdefault\u00bb global_colors_info=\u00bb{}\u00bb][et_pb_row column_structure=\u00bb3_5,2_5&#8243; _builder_version=\u00bb4.22.2&#8243; _module_preset=\u00bbdefault\u00bb global_colors_info=\u00bb{}\u00bb][et_pb_column type=\u00bb3_5&#8243; _builder_version=\u00bb4.22.2&#8243; _module_preset=\u00bbdefault\u00bb global_colors_info=\u00bb{}\u00bb][et_pb_text _builder_version=\u00bb4.23.1&#8243; _module_preset=\u00bbdefault\u00bb custom_margin=\u00bb36px|||||\u00bb global_colors_info=\u00bb{}\u00bb]Educamos Centros de Ense\u00f1anza es titular de la Carta Erasmus+, y, para dar a conocer nuestra pol\u00edtica de internacionalizaci\u00f3n, publicamos la Declaraci\u00f3n de Pol\u00edtica Erasmus del Centro:[\/et_pb_text][et_pb_button button_url=\u00bbhttps:\/\/educem.com\/wp-content\/uploads\/2026\/02\/Declaracio-politica-Erasmus-EDUCEM-2021_27-1.pdf\u00bb url_new_window=\u00bbon\u00bb button_text=\u00bbDeclaraci\u00f3n Pol\u00edtica Erasmus+ Educem\u00bb _builder_version=\u00bb4.27.5&#8243; _module_preset=\u00bbdefault\u00bb custom_button=\u00bbon\u00bb button_text_color=\u00bb#FFFFFF\u00bb button_bg_color=\u00bbgcid-d809cb4a-3cf6-4a6e-a54c-2245ace4a999&#8243; button_border_radius=\u00bb30px\u00bb button_font=\u00bbArial Rounded|||on|||||\u00bb hover_enabled=\u00bb0&#8243; global_colors_info=\u00bb{%22gcid-d809cb4a-3cf6-4a6e-a54c-2245ace4a999%22:%91%22button_bg_color%22%93}\u00bb sticky_enabled=\u00bb0&#8243;][\/et_pb_button][\/et_pb_column][et_pb_column type=\u00bb2_5&#8243; _builder_version=\u00bb4.22.2&#8243; _module_preset=\u00bbdefault\u00bb global_colors_info=\u00bb{}\u00bb][et_pb_image src=\u00bbhttps:\/\/educem.com\/wp-content\/uploads\/2023\/10\/erasmus-logo.jpg\u00bb title_text=\u00bberasmus logo\u00bb _builder_version=\u00bb4.22.2&#8243; _module_preset=\u00bbdefault\u00bb global_colors_info=\u00bb{}\u00bb][\/et_pb_image][\/et_pb_column][\/et_pb_row][\/et_pb_section]<\/p>\n","protected":false},"excerpt":{"rendered":"<p>Abrimos puertas en el mundo desde el coraz\u00f3n del Vall\u00e8s Oriental: Educaci\u00f3n Internacional en una escuela con m\u00e1s de 80 a\u00f1os de excelencia y compromiso.EDUCACI\u00d3N INTERNACIONAL El sector internacional contribuye notablemente al crecimiento de nuestro pa\u00eds , existiendo una relaci\u00f3n directa entre comercio exterior y desarrollo. Durante los \u00faltimos a\u00f1os se ha producido un significativo [&hellip;]<\/p>\n","protected":false},"author":1,"featured_media":0,"parent":0,"menu_order":0,"comment_status":"closed","ping_status":"closed","template":"","meta":{"_et_pb_use_builder":"on","_et_pb_old_content":"","_et_gb_content_width":"","footnotes":""},"class_list":["post-1396","page","type-page","status-publish","hentry"],"yoast_head":"<!-- This site is optimized with the Yoast SEO plugin v27.4 - https:\/\/yoast.com\/product\/yoast-seo-wordpress\/ -->\n<title>Educaci\u00f3n internacional - Centres Educem<\/title>\n<meta name=\"robots\" content=\"index, follow, max-snippet:-1, max-image-preview:large, max-video-preview:-1\" \/>\n<link rel=\"canonical\" href=\"https:\/\/educem.com\/es\/educacion-internacional\/\" \/>\n<meta property=\"og:locale\" content=\"es_ES\" \/>\n<meta property=\"og:type\" content=\"article\" \/>\n<meta property=\"og:title\" content=\"Educaci\u00f3n internacional - Centres Educem\" \/>\n<meta property=\"og:description\" content=\"Abrimos puertas en el mundo desde el coraz\u00f3n del Vall\u00e8s Oriental: Educaci\u00f3n Internacional en una escuela con m\u00e1s de 80 a\u00f1os de excelencia y compromiso.EDUCACI\u00d3N INTERNACIONAL El sector internacional contribuye notablemente al crecimiento de nuestro pa\u00eds , existiendo una relaci\u00f3n directa entre comercio exterior y desarrollo. Durante los \u00faltimos a\u00f1os se ha producido un significativo [&hellip;]\" \/>\n<meta property=\"og:url\" content=\"https:\/\/educem.com\/es\/educacion-internacional\/\" \/>\n<meta property=\"og:site_name\" content=\"Centres Educem\" \/>\n<meta property=\"article:publisher\" content=\"https:\/\/ca-es.facebook.com\/educemcentresdensenyament\/\" \/>\n<meta property=\"article:modified_time\" content=\"2026-02-18T19:24:43+00:00\" \/>\n<meta property=\"og:image\" content=\"https:\/\/educem.com\/wp-content\/uploads\/2023\/09\/img_edifici_home.jpg\" \/>\n\t<meta property=\"og:image:width\" content=\"1925\" \/>\n\t<meta property=\"og:image:height\" content=\"859\" \/>\n\t<meta property=\"og:image:type\" content=\"image\/jpeg\" \/>\n<meta name=\"twitter:card\" content=\"summary_large_image\" \/>\n<meta name=\"twitter:site\" content=\"@EducemGran\" \/>\n<script type=\"application\/ld+json\" class=\"yoast-schema-graph\">{\"@context\":\"https:\\\/\\\/schema.org\",\"@graph\":[{\"@type\":\"WebPage\",\"@id\":\"https:\\\/\\\/educem.com\\\/es\\\/educacion-internacional\\\/\",\"url\":\"https:\\\/\\\/educem.com\\\/es\\\/educacion-internacional\\\/\",\"name\":\"Educaci\u00f3n internacional - Centres Educem\",\"isPartOf\":{\"@id\":\"https:\\\/\\\/educem.com\\\/#website\"},\"datePublished\":\"2023-10-23T10:35:21+00:00\",\"dateModified\":\"2026-02-18T19:24:43+00:00\",\"breadcrumb\":{\"@id\":\"https:\\\/\\\/educem.com\\\/es\\\/educacion-internacional\\\/#breadcrumb\"},\"inLanguage\":\"es\",\"potentialAction\":[{\"@type\":\"ReadAction\",\"target\":[\"https:\\\/\\\/educem.com\\\/es\\\/educacion-internacional\\\/\"]}]},{\"@type\":\"BreadcrumbList\",\"@id\":\"https:\\\/\\\/educem.com\\\/es\\\/educacion-internacional\\\/#breadcrumb\",\"itemListElement\":[{\"@type\":\"ListItem\",\"position\":1,\"name\":\"Portada\",\"item\":\"https:\\\/\\\/educem.com\\\/es\\\/\"},{\"@type\":\"ListItem\",\"position\":2,\"name\":\"Educaci\u00f3n internacional\"}]},{\"@type\":\"WebSite\",\"@id\":\"https:\\\/\\\/educem.com\\\/#website\",\"url\":\"https:\\\/\\\/educem.com\\\/\",\"name\":\"Centres Educem\",\"description\":\"Oferta formativa\",\"publisher\":{\"@id\":\"https:\\\/\\\/educem.com\\\/#organization\"},\"potentialAction\":[{\"@type\":\"SearchAction\",\"target\":{\"@type\":\"EntryPoint\",\"urlTemplate\":\"https:\\\/\\\/educem.com\\\/?s={search_term_string}\"},\"query-input\":{\"@type\":\"PropertyValueSpecification\",\"valueRequired\":true,\"valueName\":\"search_term_string\"}}],\"inLanguage\":\"es\"},{\"@type\":\"Organization\",\"@id\":\"https:\\\/\\\/educem.com\\\/#organization\",\"name\":\"Educem\",\"url\":\"https:\\\/\\\/educem.com\\\/\",\"logo\":{\"@type\":\"ImageObject\",\"inLanguage\":\"es\",\"@id\":\"https:\\\/\\\/educem.com\\\/#\\\/schema\\\/logo\\\/image\\\/\",\"url\":\"https:\\\/\\\/educem.com\\\/wp-content\\\/uploads\\\/2023\\\/06\\\/logo_educem_menu.png\",\"contentUrl\":\"https:\\\/\\\/educem.com\\\/wp-content\\\/uploads\\\/2023\\\/06\\\/logo_educem_menu.png\",\"width\":150,\"height\":49,\"caption\":\"Educem\"},\"image\":{\"@id\":\"https:\\\/\\\/educem.com\\\/#\\\/schema\\\/logo\\\/image\\\/\"},\"sameAs\":[\"https:\\\/\\\/ca-es.facebook.com\\\/educemcentresdensenyament\\\/\",\"https:\\\/\\\/x.com\\\/EducemGran\",\"https:\\\/\\\/www.instagram.com\\\/educem_granollers\\\/\",\"https:\\\/\\\/www.linkedin.com\\\/company\\\/escola-educem\"]}]}<\/script>\n<!-- \/ Yoast SEO plugin. -->","yoast_head_json":{"title":"Educaci\u00f3n internacional - Centres Educem","robots":{"index":"index","follow":"follow","max-snippet":"max-snippet:-1","max-image-preview":"max-image-preview:large","max-video-preview":"max-video-preview:-1"},"canonical":"https:\/\/educem.com\/es\/educacion-internacional\/","og_locale":"es_ES","og_type":"article","og_title":"Educaci\u00f3n internacional - Centres Educem","og_description":"Abrimos puertas en el mundo desde el coraz\u00f3n del Vall\u00e8s Oriental: Educaci\u00f3n Internacional en una escuela con m\u00e1s de 80 a\u00f1os de excelencia y compromiso.EDUCACI\u00d3N INTERNACIONAL El sector internacional contribuye notablemente al crecimiento de nuestro pa\u00eds , existiendo una relaci\u00f3n directa entre comercio exterior y desarrollo. Durante los \u00faltimos a\u00f1os se ha producido un significativo [&hellip;]","og_url":"https:\/\/educem.com\/es\/educacion-internacional\/","og_site_name":"Centres Educem","article_publisher":"https:\/\/ca-es.facebook.com\/educemcentresdensenyament\/","article_modified_time":"2026-02-18T19:24:43+00:00","og_image":[{"width":1925,"height":859,"url":"https:\/\/educem.com\/wp-content\/uploads\/2023\/09\/img_edifici_home.jpg","type":"image\/jpeg"}],"twitter_card":"summary_large_image","twitter_site":"@EducemGran","schema":{"@context":"https:\/\/schema.org","@graph":[{"@type":"WebPage","@id":"https:\/\/educem.com\/es\/educacion-internacional\/","url":"https:\/\/educem.com\/es\/educacion-internacional\/","name":"Educaci\u00f3n internacional - Centres Educem","isPartOf":{"@id":"https:\/\/educem.com\/#website"},"datePublished":"2023-10-23T10:35:21+00:00","dateModified":"2026-02-18T19:24:43+00:00","breadcrumb":{"@id":"https:\/\/educem.com\/es\/educacion-internacional\/#breadcrumb"},"inLanguage":"es","potentialAction":[{"@type":"ReadAction","target":["https:\/\/educem.com\/es\/educacion-internacional\/"]}]},{"@type":"BreadcrumbList","@id":"https:\/\/educem.com\/es\/educacion-internacional\/#breadcrumb","itemListElement":[{"@type":"ListItem","position":1,"name":"Portada","item":"https:\/\/educem.com\/es\/"},{"@type":"ListItem","position":2,"name":"Educaci\u00f3n internacional"}]},{"@type":"WebSite","@id":"https:\/\/educem.com\/#website","url":"https:\/\/educem.com\/","name":"Centres Educem","description":"Oferta formativa","publisher":{"@id":"https:\/\/educem.com\/#organization"},"potentialAction":[{"@type":"SearchAction","target":{"@type":"EntryPoint","urlTemplate":"https:\/\/educem.com\/?s={search_term_string}"},"query-input":{"@type":"PropertyValueSpecification","valueRequired":true,"valueName":"search_term_string"}}],"inLanguage":"es"},{"@type":"Organization","@id":"https:\/\/educem.com\/#organization","name":"Educem","url":"https:\/\/educem.com\/","logo":{"@type":"ImageObject","inLanguage":"es","@id":"https:\/\/educem.com\/#\/schema\/logo\/image\/","url":"https:\/\/educem.com\/wp-content\/uploads\/2023\/06\/logo_educem_menu.png","contentUrl":"https:\/\/educem.com\/wp-content\/uploads\/2023\/06\/logo_educem_menu.png","width":150,"height":49,"caption":"Educem"},"image":{"@id":"https:\/\/educem.com\/#\/schema\/logo\/image\/"},"sameAs":["https:\/\/ca-es.facebook.com\/educemcentresdensenyament\/","https:\/\/x.com\/EducemGran","https:\/\/www.instagram.com\/educem_granollers\/","https:\/\/www.linkedin.com\/company\/escola-educem"]}]}},"_links":{"self":[{"href":"https:\/\/educem.com\/es\/wp-json\/wp\/v2\/pages\/1396","targetHints":{"allow":["GET"]}}],"collection":[{"href":"https:\/\/educem.com\/es\/wp-json\/wp\/v2\/pages"}],"about":[{"href":"https:\/\/educem.com\/es\/wp-json\/wp\/v2\/types\/page"}],"author":[{"embeddable":true,"href":"https:\/\/educem.com\/es\/wp-json\/wp\/v2\/users\/1"}],"replies":[{"embeddable":true,"href":"https:\/\/educem.com\/es\/wp-json\/wp\/v2\/comments?post=1396"}],"version-history":[{"count":35,"href":"https:\/\/educem.com\/es\/wp-json\/wp\/v2\/pages\/1396\/revisions"}],"predecessor-version":[{"id":8489,"href":"https:\/\/educem.com\/es\/wp-json\/wp\/v2\/pages\/1396\/revisions\/8489"}],"wp:attachment":[{"href":"https:\/\/educem.com\/es\/wp-json\/wp\/v2\/media?parent=1396"}],"curies":[{"name":"wp","href":"https:\/\/api.w.org\/{rel}","templated":true}]}}