{"id":1505,"date":"2023-10-23T09:26:40","date_gmt":"2023-10-23T07:26:40","guid":{"rendered":"https:\/\/educem.com\/documentacion-ciclos-formativos\/"},"modified":"2026-01-22T11:46:51","modified_gmt":"2026-01-22T10:46:51","slug":"documentacion-ciclos-formativos","status":"publish","type":"page","link":"https:\/\/educem.com\/es\/documentacion-ciclos-formativos\/","title":{"rendered":"Documentaci\u00f3n &#8211; Ciclos Formativos"},"content":{"rendered":"<p>[et_pb_section fb_built=\u00bb1&#8243; fullwidth=\u00bbon\u00bb module_id=\u00bbed_cap\u00bb _builder_version=\u00bb4.22.2&#8243; _module_preset=\u00bbdefault\u00bb global_colors_info=\u00bb{}\u00bb][et_pb_fullwidth_header title=\u00bbDocumentaci\u00f3n &#8211; Ciclos formativos\u00bb background_overlay_color=\u00bbRGBA(255,255,255,0)\u00bb _builder_version=\u00bb4.23.1&#8243; _module_preset=\u00bbdefault\u00bb title_font=\u00bbArial Rounded|||on|||||\u00bb title_text_color=\u00bb#102569&#8243; title_font_size=\u00bb36px\u00bb title_line_height=\u00bb2.8em\u00bb background_color=\u00bbRGBA(255,255,255,0)\u00bb background_image=\u00bbhttps:\/\/educem.com\/wp-content\/uploads\/2023\/10\/DSF7002-scaled.jpg\u00bb background_position=\u00bbtop_center\u00bb background_vertical_offset=\u00bb20%\u00bb min_height=\u00bb700px\u00bb custom_padding=\u00bb550px||||false|false\u00bb title_font_size_tablet=\u00bb36px\u00bb title_font_size_phone=\u00bb26px\u00bb title_font_size_last_edited=\u00bbon|phone\u00bb global_colors_info=\u00bb{}\u00bb][\/et_pb_fullwidth_header][\/et_pb_section][et_pb_section fb_built=\u00bb1&#8243; _builder_version=\u00bb4.22.2&#8243; _module_preset=\u00bbdefault\u00bb global_colors_info=\u00bb{}\u00bb][et_pb_row _builder_version=\u00bb4.22.2&#8243; _module_preset=\u00bbdefault\u00bb custom_padding=\u00bb|50px||50px|false|true\u00bb global_colors_info=\u00bb{}\u00bb][et_pb_column type=\u00bb4_4&#8243; _builder_version=\u00bb4.22.2&#8243; _module_preset=\u00bbdefault\u00bb global_colors_info=\u00bb{}\u00bb][et_pb_text _builder_version=\u00bb4.27.4&#8243; _module_preset=\u00bbdefault\u00bb text_font=\u00bb|700|||||||\u00bb text_text_color=\u00bbgcid-d809cb4a-3cf6-4a6e-a54c-2245ace4a999&#8243; text_font_size=\u00bb22px\u00bb text_orientation=\u00bbcenter\u00bb custom_padding=\u00bb|50px||50px|false|true\u00bb global_colors_info=\u00bb{%22gcid-d809cb4a-3cf6-4a6e-a54c-2245ace4a999%22:%91%22text_text_color%22%93}\u00bb]<\/p>\n<p>Curso 2025 &#8211; 2026<\/p>\n<p>[\/et_pb_text][\/et_pb_column][\/et_pb_row][\/et_pb_section][et_pb_section fb_built=\u00bb1&#8243; _builder_version=\u00bb4.22.2&#8243; _module_preset=\u00bbdefault\u00bb background_color=\u00bbgcid-09c858cd-8520-4fb5-b2fa-491252a03b0c\u00bb global_colors_info=\u00bb{%22gcid-09c858cd-8520-4fb5-b2fa-491252a03b0c%22:%91%22background_color%22%93}\u00bb][et_pb_row _builder_version=\u00bb4.22.2&#8243; _module_preset=\u00bbdefault\u00bb global_colors_info=\u00bb{}\u00bb][et_pb_column type=\u00bb4_4&#8243; _builder_version=\u00bb4.22.2&#8243; _module_preset=\u00bbdefault\u00bb global_colors_info=\u00bb{}\u00bb][et_pb_text _builder_version=\u00bb4.22.2&#8243; _module_preset=\u00bbdefault\u00bb header_2_font=\u00bbArial Rounded|600||on|||||\u00bb header_2_text_align=\u00bbcenter\u00bb header_2_font_size=\u00bb32px\u00bb global_colors_info=\u00bb{}\u00bb]<\/p>\n<h2>Documentaci\u00f3n ciclos formativos<\/h2>\n<p>[\/et_pb_text][\/et_pb_column][\/et_pb_row][et_pb_row _builder_version=\u00bb4.22.2&#8243; _module_preset=\u00bbdefault\u00bb global_colors_info=\u00bb{}\u00bb][et_pb_column type=\u00bb4_4&#8243; _builder_version=\u00bb4.22.2&#8243; _module_preset=\u00bbdefault\u00bb global_colors_info=\u00bb{}\u00bb][et_pb_text _builder_version=\u00bb4.22.2&#8243; _module_preset=\u00bbdefault\u00bb global_colors_info=\u00bb{}\u00bb]<\/p>\n<p>Aqu\u00ed encontrar\u00e9is toda la documentaci\u00f3n referente a esta etapa educativa.<\/p>\n<p>En caso de necesitar alguna informaci\u00f3n adicional, contactad con el centro de Educaci\u00f3n Secundaria (pesta\u00f1a \u00abCONTACTO\u00bb del men\u00fa principal).<\/p>\n<p>[\/et_pb_text][\/et_pb_column][\/et_pb_row][\/et_pb_section][et_pb_section fb_built=\u00bb1&#8243; _builder_version=\u00bb4.22.2&#8243; _module_preset=\u00bbdefault\u00bb global_colors_info=\u00bb{}\u00bb][et_pb_row _builder_version=\u00bb4.22.2&#8243; _module_preset=\u00bbdefault\u00bb width_tablet=\u00bb95%\u00bb width_phone=\u00bb95%\u00bb width_last_edited=\u00bbon|tablet\u00bb global_colors_info=\u00bb{}\u00bb][et_pb_column type=\u00bb4_4&#8243; _builder_version=\u00bb4.22.2&#8243; _module_preset=\u00bbdefault\u00bb global_colors_info=\u00bb{}\u00bb][et_pb_tabs active_tab_background_color=\u00bb#ffe7d2&#8243; active_tab_text_color=\u00bb#0e2569&#8243; _builder_version=\u00bb4.27.5&#8243; _module_preset=\u00bbdefault\u00bb tab_text_color=\u00bb#0e2569&#8243; tab_font=\u00bbArial Rounded||||||||\u00bb background_color=\u00bb#ffe7d2&#8243; hover_enabled=\u00bb0&#8243; global_colors_info=\u00bb{%22gcid-09c858cd-8520-4fb5-b2fa-491252a03b0c%22:%91%22active_tab_background_color%22,%22background_color%22%93,%22gcid-9663e3f2-525a-469f-9b07-5e9681bda370%22:%91%22active_tab_text_color%22,%22tab_text_color%22%93}\u00bb sticky_enabled=\u00bb0&#8243;][et_pb_tab title=\u00bbNormativa del centro\u00bb _builder_version=\u00bb4.27.5&#8243; _module_preset=\u00bbdefault\u00bb hover_enabled=\u00bb0&#8243; global_colors_info=\u00bb{}\u00bb sticky_enabled=\u00bb0&#8243;]* Normativa de la Etapa Postobligatoria curso 2025-26<br \/>\n<a class=\"ed_btn_tr\" href=\"https:\/\/educem.com\/wp-content\/uploads\/2026\/01\/Normativa-Post-obligatoria-curs-2025-26_-4.pdf\" target=\"_blank\" rel=\"noopener\">DESCARGAR<\/a><\/p>\n<p>* Normativa digital curso 2024-25<br \/>\n<a class=\"ed_btn_tr\" href=\"#\" target=\"_blank\" rel=\"noopener\">DESCARGAR<\/a><\/p>\n<p>* Normativa de Drogas curso 2024-25<br \/>\n<a class=\"ed_btn_tr\" href=\"#\" target=\"_blank\" rel=\"noopener\">DESCARGAR<\/a><\/p>\n<p>* Normativa de Redes Sociales curso 2024-25<br \/>\n<a class=\"ed_btn_tr\" href=\"#\" target=\"_blank\" rel=\"noopener\">DESCARGAR<\/a>[\/et_pb_tab][et_pb_tab title=\u00bbCirculares\u00bb _builder_version=\u00bb4.27.4&#8243; _module_preset=\u00bbdefault\u00bb global_colors_info=\u00bb{}\u00bb]* Circular Ciclos curso 2025-2026<br \/>\n<a href=\"https:\/\/educem.com\/wp-content\/uploads\/2025\/07\/Circular-Cicles-Formatius-curs-25-26-1.pdf\" target=\"_blank\" rel=\"noopener\" class=\"ed_btn_tr\">DESCARGAR<\/a><\/p>\n<p>* Circular reunion de padres GM 24-25<br \/>\n<a href=\"#\" target=\"_blank\" rel=\"noopener\" class=\"ed_btn_tr\">DESCARGAR<\/a><\/p>\n<p>* Circular reunion de padres GS 24-25<br \/>\n<a href=\"#\" target=\"_blank\" rel=\"noopener\" class=\"ed_btn_tr\">DESCARGAR<\/a>[\/et_pb_tab][et_pb_tab title=\u00bbHorarios\u00bb _builder_version=\u00bb4.27.4&#8243; _module_preset=\u00bbdefault\u00bb global_colors_info=\u00bb{}\u00bb]*Horario CFGM Gesti\u00f3n Administrativa GA<br \/>\n<a class=\"ed_btn_tr\" href=\"#\" target=\"_blank\" rel=\"noopener\">DESCARGAR<\/a><\/p>\n<p>* Horario CFGM Farmacia y Parafarmacia FAR ma\u00f1anas<br \/>\n<a class=\"ed_btn_tr\" href=\"#\" target=\"_blank\" rel=\"noopener\">DESCARGAR<\/a><\/p>\n<p>* Horario CFGM Farmacia y Parafarmacia FAR tarde<br \/>\n<a class=\"ed_btn_tr\" href=\"#\" target=\"_blank\" rel=\"noopener\">DESCARGAR<\/a><\/p>\n<p>* Horario CFGM Sistemas Microinform\u00e1ticos y Redes SMX<br \/>\n<a class=\"ed_btn_tr\" href=\"#\" target=\"_blank\" rel=\"noopener\">DESCARGAR<\/a><\/p>\n<p>*Horario CFGS Administraci\u00f3n y Finanzas AIF<br \/>\n<a class=\"ed_btn_tr\" href=\"#\" target=\"_blank\" rel=\"noopener\">DESCARGAR<\/a><\/p>\n<p>*Horario CFGS Educaci\u00f3n Infantil TEI<br \/>\n<a class=\"ed_btn_tr\" href=\"#\" target=\"_blank\" rel=\"noopener\">DESCARGAR<\/a><\/p>\n<p>* Horario CFGS Desarrollo de Aplicaciones Multiplataforma DAM<br \/>\n<a class=\"ed_btn_tr\" href=\"#\" target=\"_blank\" rel=\"noopener\">DESCARGAR<\/a><\/p>\n<p>* Horario CFGS Administraci\u00f3n de Sistemas Inform\u00e1ticos en Red ASIX<br \/>\n<a class=\"ed_btn_tr\" href=\"#\" target=\"_blank\" rel=\"noopener\">DESCARGAR<\/a>[\/et_pb_tab][et_pb_tab title=\u00bbReuniones con padres\u00bb _builder_version=\u00bb4.27.4&#8243; _module_preset=\u00bbdefault\u00bb global_colors_info=\u00bb{}\u00bb]* Presentaci\u00f3n reuni\u00f3n CFGM Farmacia y Parafarmacia MA\u00d1ANA 1.\u00ba curso 2025-26<br \/>\n<a class=\"ed_btn_tr\" href=\"https:\/\/educem.com\/wp-content\/uploads\/2025\/09\/Reunio-families-farmacia-FAR1-25-26.pdf\" target=\"_blank\" rel=\"noopener\">DESCARGAR<\/a><\/p>\n<p>* Presentaci\u00f3n reuni\u00f3n CFGM Farmacia y Parafarmacia MA\u00d1ANA 2.\u00ba curso 2025-26<br \/>\n<a class=\"ed_btn_tr\" href=\"https:\/\/educem.com\/wp-content\/uploads\/2025\/09\/Power-reunio-pares-far-2n-MATINS-25-26.pdf\" target=\"_blank\" rel=\"noopener\">DESCARGAR<\/a><\/p>\n<p>* Presentaci\u00f3n reuni\u00f3n CFGM Farmacia y Parafarmacia TARDE 1.\u00ba curso 2025-26<br \/>\n<a class=\"ed_btn_tr\" href=\"https:\/\/educem.com\/wp-content\/uploads\/2025\/09\/Powerpoint-reunio-pares-25-26-Marta.pptx\" target=\"_blank\" rel=\"noopener\">DESCARGAR<\/a><\/p>\n<p>* Presentaci\u00f3n reuni\u00f3n CFGM Farmacia y Parafarmacia TARDE 2.\u00ba curso 2025-26<br \/>\n<a class=\"ed_btn_tr\" href=\"https:\/\/educem.com\/wp-content\/uploads\/2025\/10\/Presentacio-Reunio-de-Pares-25-26-FAR-2-T.pdf\" target=\"_blank\" rel=\"noopener\">DESCARGAR<\/a><\/p>\n<p>* Presentaci\u00f3n reuni\u00f3n CFGM Gesti\u00f3n Administrativa 1.\u00ba curso 2025-26<br \/>\n<a class=\"ed_btn_tr\" href=\"https:\/\/educem.com\/wp-content\/uploads\/2025\/09\/ppt-reunio-pares-GA-25-26.pptx\" target=\"_blank\" rel=\"noopener\">DESCARGAR<\/a><\/p>\n<p>* Presentaci\u00f3n reuni\u00f3n CFGS Administraci\u00f3n y Finanzas 1.\u00ba curso 2025-26<br \/>\n<a class=\"ed_btn_tr\" href=\"https:\/\/educem.com\/wp-content\/uploads\/2025\/09\/Presentacio-reunio-pares-AIF-25-26.pptx\" target=\"_blank\" rel=\"noopener\">DESCARGAR<\/a><\/p>\n<p>* Presentaci\u00f3n reuni\u00f3n CFGS Desarrollo de Aplicaciones Multiplataforma 1.\u00ba curso 2025-26<br \/>\n<a class=\"ed_btn_tr\" href=\"https:\/\/educem.com\/wp-content\/uploads\/2025\/09\/Reunio-de-Pares-DAM1-25-26-2.pptx\" target=\"_blank\" rel=\"noopener\">DESCARGAR<\/a><\/p>\n<p>* Presentaci\u00f3n reuni\u00f3n CFGS Administraci\u00f3n de Sistemas Inform\u00e1ticos en Red 1.\u00ba curso 2025-26<br \/>\n<a class=\"ed_btn_tr\" href=\"https:\/\/educem.com\/wp-content\/uploads\/2025\/09\/Reunio-de-Pares-ASIX1-25-26.pdf\" target=\"_blank\" rel=\"noopener\">DESCARGAR<\/a>[\/et_pb_tab][\/et_pb_tabs][\/et_pb_column][\/et_pb_row][\/et_pb_section]<\/p>\n","protected":false},"excerpt":{"rendered":"<p>Curso 2025 &#8211; 2026Documentaci\u00f3n ciclos formativosAqu\u00ed encontrar\u00e9is toda la documentaci\u00f3n referente a esta etapa educativa. En caso de necesitar alguna informaci\u00f3n adicional, contactad con el centro de Educaci\u00f3n Secundaria (pesta\u00f1a \u00abCONTACTO\u00bb del men\u00fa principal).* Normativa de la Etapa Postobligatoria curso 2025-26 DESCARGAR * Normativa digital curso 2024-25 DESCARGAR * Normativa de Drogas curso 2024-25 DESCARGAR [&hellip;]<\/p>\n","protected":false},"author":1,"featured_media":0,"parent":0,"menu_order":0,"comment_status":"closed","ping_status":"closed","template":"","meta":{"_et_pb_use_builder":"on","_et_pb_old_content":"","_et_gb_content_width":"","footnotes":""},"class_list":["post-1505","page","type-page","status-publish","hentry"],"yoast_head":"<!-- This site is optimized with the Yoast SEO plugin v27.4 - https:\/\/yoast.com\/product\/yoast-seo-wordpress\/ -->\n<title>Documentaci\u00f3n - Ciclos Formativos - Centres Educem<\/title>\n<meta name=\"robots\" content=\"index, follow, max-snippet:-1, max-image-preview:large, max-video-preview:-1\" \/>\n<link rel=\"canonical\" href=\"https:\/\/educem.com\/es\/documentacion-ciclos-formativos\/\" \/>\n<meta property=\"og:locale\" content=\"es_ES\" \/>\n<meta property=\"og:type\" content=\"article\" \/>\n<meta property=\"og:title\" content=\"Documentaci\u00f3n - Ciclos Formativos - Centres Educem\" \/>\n<meta property=\"og:description\" content=\"Curso 2025 - 2026Documentaci\u00f3n ciclos formativosAqu\u00ed encontrar\u00e9is toda la documentaci\u00f3n referente a esta etapa educativa. En caso de necesitar alguna informaci\u00f3n adicional, contactad con el centro de Educaci\u00f3n Secundaria (pesta\u00f1a &quot;CONTACTO&quot; del men\u00fa principal).* Normativa de la Etapa Postobligatoria curso 2025-26 DESCARGAR * Normativa digital curso 2024-25 DESCARGAR * Normativa de Drogas curso 2024-25 DESCARGAR [&hellip;]\" \/>\n<meta property=\"og:url\" content=\"https:\/\/educem.com\/es\/documentacion-ciclos-formativos\/\" \/>\n<meta property=\"og:site_name\" content=\"Centres Educem\" \/>\n<meta property=\"article:publisher\" content=\"https:\/\/ca-es.facebook.com\/educemcentresdensenyament\/\" \/>\n<meta property=\"article:modified_time\" content=\"2026-01-22T10:46:51+00:00\" \/>\n<meta property=\"og:image\" content=\"https:\/\/educem.com\/wp-content\/uploads\/2023\/09\/img_edifici_home.jpg\" \/>\n\t<meta property=\"og:image:width\" content=\"1925\" \/>\n\t<meta property=\"og:image:height\" content=\"859\" \/>\n\t<meta property=\"og:image:type\" content=\"image\/jpeg\" \/>\n<meta name=\"twitter:card\" content=\"summary_large_image\" \/>\n<meta name=\"twitter:site\" content=\"@EducemGran\" \/>\n<script type=\"application\/ld+json\" class=\"yoast-schema-graph\">{\"@context\":\"https:\\\/\\\/schema.org\",\"@graph\":[{\"@type\":\"WebPage\",\"@id\":\"https:\\\/\\\/educem.com\\\/es\\\/documentacion-ciclos-formativos\\\/\",\"url\":\"https:\\\/\\\/educem.com\\\/es\\\/documentacion-ciclos-formativos\\\/\",\"name\":\"Documentaci\u00f3n - Ciclos Formativos - Centres Educem\",\"isPartOf\":{\"@id\":\"https:\\\/\\\/educem.com\\\/#website\"},\"datePublished\":\"2023-10-23T07:26:40+00:00\",\"dateModified\":\"2026-01-22T10:46:51+00:00\",\"breadcrumb\":{\"@id\":\"https:\\\/\\\/educem.com\\\/es\\\/documentacion-ciclos-formativos\\\/#breadcrumb\"},\"inLanguage\":\"es\",\"potentialAction\":[{\"@type\":\"ReadAction\",\"target\":[\"https:\\\/\\\/educem.com\\\/es\\\/documentacion-ciclos-formativos\\\/\"]}]},{\"@type\":\"BreadcrumbList\",\"@id\":\"https:\\\/\\\/educem.com\\\/es\\\/documentacion-ciclos-formativos\\\/#breadcrumb\",\"itemListElement\":[{\"@type\":\"ListItem\",\"position\":1,\"name\":\"Portada\",\"item\":\"https:\\\/\\\/educem.com\\\/es\\\/\"},{\"@type\":\"ListItem\",\"position\":2,\"name\":\"Documentaci\u00f3n &#8211; Ciclos Formativos\"}]},{\"@type\":\"WebSite\",\"@id\":\"https:\\\/\\\/educem.com\\\/#website\",\"url\":\"https:\\\/\\\/educem.com\\\/\",\"name\":\"Centres Educem\",\"description\":\"Oferta formativa\",\"publisher\":{\"@id\":\"https:\\\/\\\/educem.com\\\/#organization\"},\"potentialAction\":[{\"@type\":\"SearchAction\",\"target\":{\"@type\":\"EntryPoint\",\"urlTemplate\":\"https:\\\/\\\/educem.com\\\/?s={search_term_string}\"},\"query-input\":{\"@type\":\"PropertyValueSpecification\",\"valueRequired\":true,\"valueName\":\"search_term_string\"}}],\"inLanguage\":\"es\"},{\"@type\":\"Organization\",\"@id\":\"https:\\\/\\\/educem.com\\\/#organization\",\"name\":\"Educem\",\"url\":\"https:\\\/\\\/educem.com\\\/\",\"logo\":{\"@type\":\"ImageObject\",\"inLanguage\":\"es\",\"@id\":\"https:\\\/\\\/educem.com\\\/#\\\/schema\\\/logo\\\/image\\\/\",\"url\":\"https:\\\/\\\/educem.com\\\/wp-content\\\/uploads\\\/2023\\\/06\\\/logo_educem_menu.png\",\"contentUrl\":\"https:\\\/\\\/educem.com\\\/wp-content\\\/uploads\\\/2023\\\/06\\\/logo_educem_menu.png\",\"width\":150,\"height\":49,\"caption\":\"Educem\"},\"image\":{\"@id\":\"https:\\\/\\\/educem.com\\\/#\\\/schema\\\/logo\\\/image\\\/\"},\"sameAs\":[\"https:\\\/\\\/ca-es.facebook.com\\\/educemcentresdensenyament\\\/\",\"https:\\\/\\\/x.com\\\/EducemGran\",\"https:\\\/\\\/www.instagram.com\\\/educem_granollers\\\/\",\"https:\\\/\\\/www.linkedin.com\\\/company\\\/escola-educem\"]}]}<\/script>\n<!-- \/ Yoast SEO plugin. -->","yoast_head_json":{"title":"Documentaci\u00f3n - Ciclos Formativos - Centres Educem","robots":{"index":"index","follow":"follow","max-snippet":"max-snippet:-1","max-image-preview":"max-image-preview:large","max-video-preview":"max-video-preview:-1"},"canonical":"https:\/\/educem.com\/es\/documentacion-ciclos-formativos\/","og_locale":"es_ES","og_type":"article","og_title":"Documentaci\u00f3n - Ciclos Formativos - Centres Educem","og_description":"Curso 2025 - 2026Documentaci\u00f3n ciclos formativosAqu\u00ed encontrar\u00e9is toda la documentaci\u00f3n referente a esta etapa educativa. En caso de necesitar alguna informaci\u00f3n adicional, contactad con el centro de Educaci\u00f3n Secundaria (pesta\u00f1a \"CONTACTO\" del men\u00fa principal).* Normativa de la Etapa Postobligatoria curso 2025-26 DESCARGAR * Normativa digital curso 2024-25 DESCARGAR * Normativa de Drogas curso 2024-25 DESCARGAR [&hellip;]","og_url":"https:\/\/educem.com\/es\/documentacion-ciclos-formativos\/","og_site_name":"Centres Educem","article_publisher":"https:\/\/ca-es.facebook.com\/educemcentresdensenyament\/","article_modified_time":"2026-01-22T10:46:51+00:00","og_image":[{"width":1925,"height":859,"url":"https:\/\/educem.com\/wp-content\/uploads\/2023\/09\/img_edifici_home.jpg","type":"image\/jpeg"}],"twitter_card":"summary_large_image","twitter_site":"@EducemGran","schema":{"@context":"https:\/\/schema.org","@graph":[{"@type":"WebPage","@id":"https:\/\/educem.com\/es\/documentacion-ciclos-formativos\/","url":"https:\/\/educem.com\/es\/documentacion-ciclos-formativos\/","name":"Documentaci\u00f3n - Ciclos Formativos - Centres Educem","isPartOf":{"@id":"https:\/\/educem.com\/#website"},"datePublished":"2023-10-23T07:26:40+00:00","dateModified":"2026-01-22T10:46:51+00:00","breadcrumb":{"@id":"https:\/\/educem.com\/es\/documentacion-ciclos-formativos\/#breadcrumb"},"inLanguage":"es","potentialAction":[{"@type":"ReadAction","target":["https:\/\/educem.com\/es\/documentacion-ciclos-formativos\/"]}]},{"@type":"BreadcrumbList","@id":"https:\/\/educem.com\/es\/documentacion-ciclos-formativos\/#breadcrumb","itemListElement":[{"@type":"ListItem","position":1,"name":"Portada","item":"https:\/\/educem.com\/es\/"},{"@type":"ListItem","position":2,"name":"Documentaci\u00f3n &#8211; Ciclos Formativos"}]},{"@type":"WebSite","@id":"https:\/\/educem.com\/#website","url":"https:\/\/educem.com\/","name":"Centres Educem","description":"Oferta formativa","publisher":{"@id":"https:\/\/educem.com\/#organization"},"potentialAction":[{"@type":"SearchAction","target":{"@type":"EntryPoint","urlTemplate":"https:\/\/educem.com\/?s={search_term_string}"},"query-input":{"@type":"PropertyValueSpecification","valueRequired":true,"valueName":"search_term_string"}}],"inLanguage":"es"},{"@type":"Organization","@id":"https:\/\/educem.com\/#organization","name":"Educem","url":"https:\/\/educem.com\/","logo":{"@type":"ImageObject","inLanguage":"es","@id":"https:\/\/educem.com\/#\/schema\/logo\/image\/","url":"https:\/\/educem.com\/wp-content\/uploads\/2023\/06\/logo_educem_menu.png","contentUrl":"https:\/\/educem.com\/wp-content\/uploads\/2023\/06\/logo_educem_menu.png","width":150,"height":49,"caption":"Educem"},"image":{"@id":"https:\/\/educem.com\/#\/schema\/logo\/image\/"},"sameAs":["https:\/\/ca-es.facebook.com\/educemcentresdensenyament\/","https:\/\/x.com\/EducemGran","https:\/\/www.instagram.com\/educem_granollers\/","https:\/\/www.linkedin.com\/company\/escola-educem"]}]}},"_links":{"self":[{"href":"https:\/\/educem.com\/es\/wp-json\/wp\/v2\/pages\/1505","targetHints":{"allow":["GET"]}}],"collection":[{"href":"https:\/\/educem.com\/es\/wp-json\/wp\/v2\/pages"}],"about":[{"href":"https:\/\/educem.com\/es\/wp-json\/wp\/v2\/types\/page"}],"author":[{"embeddable":true,"href":"https:\/\/educem.com\/es\/wp-json\/wp\/v2\/users\/1"}],"replies":[{"embeddable":true,"href":"https:\/\/educem.com\/es\/wp-json\/wp\/v2\/comments?post=1505"}],"version-history":[{"count":26,"href":"https:\/\/educem.com\/es\/wp-json\/wp\/v2\/pages\/1505\/revisions"}],"predecessor-version":[{"id":8454,"href":"https:\/\/educem.com\/es\/wp-json\/wp\/v2\/pages\/1505\/revisions\/8454"}],"wp:attachment":[{"href":"https:\/\/educem.com\/es\/wp-json\/wp\/v2\/media?parent=1505"}],"curies":[{"name":"wp","href":"https:\/\/api.w.org\/{rel}","templated":true}]}}