{"id":1506,"date":"2023-10-23T09:50:57","date_gmt":"2023-10-23T07:50:57","guid":{"rendered":"https:\/\/educem.com\/documentacion-bachillerato\/"},"modified":"2025-07-09T13:08:18","modified_gmt":"2025-07-09T11:08:18","slug":"documentacion-bachillerato","status":"publish","type":"page","link":"https:\/\/educem.com\/es\/documentacion-bachillerato\/","title":{"rendered":"Documentaci\u00f3n Bachillerato"},"content":{"rendered":"<p>[et_pb_section fb_built=\u00bb1&#8243; fullwidth=\u00bbon\u00bb module_id=\u00bbed_cap\u00bb _builder_version=\u00bb4.22.2&#8243; _module_preset=\u00bbdefault\u00bb global_colors_info=\u00bb{}\u00bb][et_pb_fullwidth_header title=\u00bbDocumentaci\u00f3n &#8211; Bachillerato\u00bb background_overlay_color=\u00bbRGBA(255,255,255,0)\u00bb _builder_version=\u00bb4.23.1&#8243; _module_preset=\u00bbdefault\u00bb title_font=\u00bbArial Rounded|||on|||||\u00bb title_text_color=\u00bb#102569&#8243; title_font_size=\u00bb36px\u00bb title_line_height=\u00bb3em\u00bb background_color=\u00bbRGBA(255,255,255,0)\u00bb background_image=\u00bbhttps:\/\/educem.com\/wp-content\/uploads\/2023\/10\/DSF4787-scaled.jpg\u00bb background_position=\u00bbtop_center\u00bb background_vertical_offset=\u00bb5%\u00bb min_height=\u00bb700px\u00bb custom_padding=\u00bb550px||||false|false\u00bb title_font_size_tablet=\u00bb36px\u00bb title_font_size_phone=\u00bb24px\u00bb title_font_size_last_edited=\u00bbon|phone\u00bb global_colors_info=\u00bb{}\u00bb][\/et_pb_fullwidth_header][\/et_pb_section][et_pb_section fb_built=\u00bb1&#8243; _builder_version=\u00bb4.22.2&#8243; _module_preset=\u00bbdefault\u00bb global_colors_info=\u00bb{}\u00bb][et_pb_row _builder_version=\u00bb4.22.2&#8243; _module_preset=\u00bbdefault\u00bb custom_padding=\u00bb|50px||50px|false|true\u00bb global_colors_info=\u00bb{}\u00bb][et_pb_column type=\u00bb4_4&#8243; _builder_version=\u00bb4.22.2&#8243; _module_preset=\u00bbdefault\u00bb global_colors_info=\u00bb{}\u00bb][et_pb_text _builder_version=\u00bb4.27.4&#8243; _module_preset=\u00bbdefault\u00bb text_font=\u00bb|700|||||||\u00bb text_text_color=\u00bbgcid-d809cb4a-3cf6-4a6e-a54c-2245ace4a999&#8243; text_font_size=\u00bb22px\u00bb text_orientation=\u00bbcenter\u00bb custom_padding=\u00bb|50px||50px|false|true\u00bb custom_padding_tablet=\u00bb|50px||50px|false|true\u00bb custom_padding_phone=\u00bb|0px||0px|false|true\u00bb custom_padding_last_edited=\u00bbon|phone\u00bb hover_enabled=\u00bb0&#8243; global_colors_info=\u00bb{%22gcid-d809cb4a-3cf6-4a6e-a54c-2245ace4a999%22:%91%22text_text_color%22%93}\u00bb sticky_enabled=\u00bb0&#8243;]<\/p>\n<p>Curso 2025 &#8211; 2026<\/p>\n<p>[\/et_pb_text][\/et_pb_column][\/et_pb_row][\/et_pb_section][et_pb_section fb_built=\u00bb1&#8243; _builder_version=\u00bb4.22.2&#8243; _module_preset=\u00bbdefault\u00bb background_color=\u00bbgcid-09c858cd-8520-4fb5-b2fa-491252a03b0c\u00bb global_colors_info=\u00bb{%22gcid-09c858cd-8520-4fb5-b2fa-491252a03b0c%22:%91%22background_color%22%93}\u00bb][et_pb_row _builder_version=\u00bb4.22.2&#8243; _module_preset=\u00bbdefault\u00bb global_colors_info=\u00bb{}\u00bb][et_pb_column type=\u00bb4_4&#8243; _builder_version=\u00bb4.22.2&#8243; _module_preset=\u00bbdefault\u00bb global_colors_info=\u00bb{}\u00bb][et_pb_text _builder_version=\u00bb4.22.2&#8243; _module_preset=\u00bbdefault\u00bb header_2_font=\u00bbArial Rounded|600||on|||||\u00bb header_2_text_align=\u00bbcenter\u00bb header_2_font_size=\u00bb32px\u00bb global_colors_info=\u00bb{}\u00bb]<\/p>\n<h2>Documentaci\u00f3n Bachillerato<\/h2>\n<p>[\/et_pb_text][\/et_pb_column][\/et_pb_row][et_pb_row _builder_version=\u00bb4.22.2&#8243; _module_preset=\u00bbdefault\u00bb global_colors_info=\u00bb{}\u00bb][et_pb_column type=\u00bb4_4&#8243; _builder_version=\u00bb4.22.2&#8243; _module_preset=\u00bbdefault\u00bb global_colors_info=\u00bb{}\u00bb][et_pb_text _builder_version=\u00bb4.22.2&#8243; _module_preset=\u00bbdefault\u00bb global_colors_info=\u00bb{}\u00bb]<\/p>\n<p>Aqu\u00ed encontrar\u00e9is toda la documentaci\u00f3n referente a esta etapa educativa.<\/p>\n<p>En caso de necesitar alguna informaci\u00f3n adicional, contactad con el centro (pesta\u00f1a \u00abCONTACTO\u00bb del men\u00fa principal).<\/p>\n<p>[\/et_pb_text][\/et_pb_column][\/et_pb_row][\/et_pb_section][et_pb_section fb_built=\u00bb1&#8243; _builder_version=\u00bb4.22.2&#8243; _module_preset=\u00bbdefault\u00bb global_colors_info=\u00bb{}\u00bb][et_pb_row _builder_version=\u00bb4.22.2&#8243; _module_preset=\u00bbdefault\u00bb width_tablet=\u00bb95%\u00bb width_phone=\u00bb95%\u00bb width_last_edited=\u00bbon|tablet\u00bb global_colors_info=\u00bb{}\u00bb][et_pb_column type=\u00bb4_4&#8243; _builder_version=\u00bb4.22.2&#8243; _module_preset=\u00bbdefault\u00bb global_colors_info=\u00bb{}\u00bb][et_pb_tabs _builder_version=\u00bb4.27.4&#8243; _module_preset=\u00bbdefault\u00bb hover_enabled=\u00bb0&#8243; global_colors_info=\u00bb{}\u00bb sticky_enabled=\u00bb0&#8243;][et_pb_tab title=\u00bbNormativa\u00bb _builder_version=\u00bb4.27.4&#8243; _module_preset=\u00bbdefault\u00bb hover_enabled=\u00bb0&#8243; global_colors_info=\u00bb{}\u00bb sticky_enabled=\u00bb0&#8243;]<\/p>\n<p>* Normativa de la Etapa Postobligatoria curso 2025-26&#8230;. <a href=\"https:\/\/educem.com\/wp-content\/uploads\/2025\/07\/Normativa-Post-obligatoria-curs-2025-26_-2.docx\" target=\"_blank\" rel=\"noopener\">DESCARGAR<\/a><\/p>\n<p>* Normativa digital&#8230;&#8230;&#8230;&#8230;&#8230;&#8230;&#8230;&#8230;&#8230;&#8230;&#8230;. <a href=\"https:\/\/educem.com\/wp-content\/uploads\/2023\/10\/NORMATIVA-DIGITAL-2324-uv.pdf\" target=\"_blank\" rel=\"noopener\">DESCARGAR<\/a><\/p>\n<p>* Normativa de Drogas&#8230;&#8230;&#8230;&#8230;&#8230;..<a href=\"https:\/\/educem.com\/wp-content\/uploads\/2023\/10\/Normativa-drogues-23-24.pdf\" target=\"_blank\" rel=\"noopener\"><\/a><\/p>\n<p>* Normativa de Redes Sociales&#8230;&#8230;&#8230;&#8230;&#8230;&#8230;..<a href=\"https:\/\/educem.com\/wp-content\/uploads\/2023\/10\/Normativa-xarxes-socials-2324.pdf\" target=\"_blank\" rel=\"noopener\"><\/a><\/p>\n<p>* Protocolo para el uso de pantallas&#8230;&#8230;&#8230;&#8230;&#8230;&#8230;&#8230;.<\/p>\n<p>[\/et_pb_tab][et_pb_tab title=\u00bbCirculares\u00bb _builder_version=\u00bb4.27.4&#8243; _module_preset=\u00bbdefault\u00bb hover_enabled=\u00bb0&#8243; global_colors_info=\u00bb{}\u00bb sticky_enabled=\u00bb0&#8243;]* Circular Bachillerato curso 2025-2026&#8230;<a href=\"https:\/\/educem.com\/wp-content\/uploads\/2025\/07\/BATXILLERATCircularinicicurs2025-26.pdf\" target=\"_blank\" rel=\"noopener\">DESCARGAR<\/a><\/p>\n<p>* Plan de apertura Bachillerato curso 2020-2021&#8230; <a target=\"_blank\" rel=\"noopener noreferrer\">DESCARGAR <\/a><\/p>\n<p>* Declaracio responsable curso 2020-21 post obligatoria&#8230;&#8230;.. <a target=\"_blank\" rel=\"noopener noreferrer\">DESCARGAR <\/a>[\/et_pb_tab][et_pb_tab title=\u00bbHorarios\u00bb _builder_version=\u00bb4.22.2&#8243; _module_preset=\u00bbdefault\u00bb global_colors_info=\u00bb{}\u00bb]<\/p>\n<div class=\"tab-pane fade fusion-clearfix active in\" id=\"tab-3289ff573307cd34a26\">\n<p>* Horario 1\u00baA curso 2023-2024&#8230;. <a href=\"https:\/\/educem.com\/wp-content\/uploads\/2023\/10\/Horari-1rA.pdf\" target=\"_blank\" rel=\"noopener\">DESCARGAR<\/a><\/p>\n<p>* Horario 1\u00baB curso 2023-2024&#8230;. <a href=\"https:\/\/educem.com\/wp-content\/uploads\/2023\/10\/Horari-1rB.pdf\" target=\"_blank\" rel=\"noopener\">DESCARGAR<\/a><\/p>\n<p>* Horario 2\u00baA curso 2023-2024&#8230;. <a href=\"https:\/\/educem.com\/wp-content\/uploads\/2023\/10\/Horari-2nA.pdf\" target=\"_blank\" rel=\"noopener\">DESCARGAR<\/a><\/p>\n<p>* Horario 2\u00baB curso 2023-2024&#8230;. <a href=\"https:\/\/educem.com\/wp-content\/uploads\/2023\/10\/Horari-2nB.pdf\" target=\"_blank\" rel=\"noopener\">DESCARGAR<\/a><\/p>\n<p>* Horario 2\u00baC curso 2023-2024&#8230;. <a href=\"https:\/\/educem.com\/wp-content\/uploads\/2023\/10\/Horari-2nC.pdf\" target=\"_blank\" rel=\"noopener\">DESCARGAR<\/a><\/p>\n<\/div>\n<p>[\/et_pb_tab][et_pb_tab title=\u00bbReuniones padres\u00bb _builder_version=\u00bb4.22.2&#8243; _module_preset=\u00bbdefault\u00bb global_colors_info=\u00bb{}\u00bb][\/et_pb_tab][et_pb_tab title=\u00bbRevista\u00bb _builder_version=\u00bb4.22.2&#8243; _module_preset=\u00bbdefault\u00bb global_colors_info=\u00bb{}\u00bb][\/et_pb_tab][\/et_pb_tabs][\/et_pb_column][\/et_pb_row][\/et_pb_section]<\/p>\n","protected":false},"excerpt":{"rendered":"<p>Curso 2025 &#8211; 2026Documentaci\u00f3n BachilleratoAqu\u00ed encontrar\u00e9is toda la documentaci\u00f3n referente a esta etapa educativa. En caso de necesitar alguna informaci\u00f3n adicional, contactad con el centro (pesta\u00f1a \u00abCONTACTO\u00bb del men\u00fa principal).* Normativa de la Etapa Postobligatoria curso 2025-26&#8230;. DESCARGAR * Normativa digital&#8230;&#8230;&#8230;&#8230;&#8230;&#8230;&#8230;&#8230;&#8230;&#8230;&#8230;. DESCARGAR * Normativa de Drogas&#8230;&#8230;&#8230;&#8230;&#8230;.. * Normativa de Redes Sociales&#8230;&#8230;&#8230;&#8230;&#8230;&#8230;.. * Protocolo para el [&hellip;]<\/p>\n","protected":false},"author":1,"featured_media":0,"parent":0,"menu_order":0,"comment_status":"closed","ping_status":"closed","template":"","meta":{"_et_pb_use_builder":"on","_et_pb_old_content":"","_et_gb_content_width":"","footnotes":""},"class_list":["post-1506","page","type-page","status-publish","hentry"],"yoast_head":"<!-- This site is optimized with the Yoast SEO plugin v27.4 - https:\/\/yoast.com\/product\/yoast-seo-wordpress\/ -->\n<title>Documentaci\u00f3n Bachillerato - Centres Educem<\/title>\n<meta name=\"robots\" content=\"index, follow, max-snippet:-1, max-image-preview:large, max-video-preview:-1\" \/>\n<link rel=\"canonical\" href=\"https:\/\/educem.com\/es\/documentacion-bachillerato\/\" \/>\n<meta property=\"og:locale\" content=\"es_ES\" \/>\n<meta property=\"og:type\" content=\"article\" \/>\n<meta property=\"og:title\" content=\"Documentaci\u00f3n Bachillerato - Centres Educem\" \/>\n<meta property=\"og:description\" content=\"Curso 2025 - 2026Documentaci\u00f3n BachilleratoAqu\u00ed encontrar\u00e9is toda la documentaci\u00f3n referente a esta etapa educativa. En caso de necesitar alguna informaci\u00f3n adicional, contactad con el centro (pesta\u00f1a &quot;CONTACTO&quot; del men\u00fa principal).* Normativa de la Etapa Postobligatoria curso 2025-26.... DESCARGAR * Normativa digital.................................. DESCARGAR * Normativa de Drogas................. * Normativa de Redes Sociales.................... * Protocolo para el [&hellip;]\" \/>\n<meta property=\"og:url\" content=\"https:\/\/educem.com\/es\/documentacion-bachillerato\/\" \/>\n<meta property=\"og:site_name\" content=\"Centres Educem\" \/>\n<meta property=\"article:publisher\" content=\"https:\/\/ca-es.facebook.com\/educemcentresdensenyament\/\" \/>\n<meta property=\"article:modified_time\" content=\"2025-07-09T11:08:18+00:00\" \/>\n<meta property=\"og:image\" content=\"https:\/\/educem.com\/wp-content\/uploads\/2023\/09\/img_edifici_home.jpg\" \/>\n\t<meta property=\"og:image:width\" content=\"1925\" \/>\n\t<meta property=\"og:image:height\" content=\"859\" \/>\n\t<meta property=\"og:image:type\" content=\"image\/jpeg\" \/>\n<meta name=\"twitter:card\" content=\"summary_large_image\" \/>\n<meta name=\"twitter:site\" content=\"@EducemGran\" \/>\n<script type=\"application\/ld+json\" class=\"yoast-schema-graph\">{\"@context\":\"https:\\\/\\\/schema.org\",\"@graph\":[{\"@type\":\"WebPage\",\"@id\":\"https:\\\/\\\/educem.com\\\/es\\\/documentacion-bachillerato\\\/\",\"url\":\"https:\\\/\\\/educem.com\\\/es\\\/documentacion-bachillerato\\\/\",\"name\":\"Documentaci\u00f3n Bachillerato - Centres Educem\",\"isPartOf\":{\"@id\":\"https:\\\/\\\/educem.com\\\/#website\"},\"datePublished\":\"2023-10-23T07:50:57+00:00\",\"dateModified\":\"2025-07-09T11:08:18+00:00\",\"breadcrumb\":{\"@id\":\"https:\\\/\\\/educem.com\\\/es\\\/documentacion-bachillerato\\\/#breadcrumb\"},\"inLanguage\":\"es\",\"potentialAction\":[{\"@type\":\"ReadAction\",\"target\":[\"https:\\\/\\\/educem.com\\\/es\\\/documentacion-bachillerato\\\/\"]}]},{\"@type\":\"BreadcrumbList\",\"@id\":\"https:\\\/\\\/educem.com\\\/es\\\/documentacion-bachillerato\\\/#breadcrumb\",\"itemListElement\":[{\"@type\":\"ListItem\",\"position\":1,\"name\":\"Portada\",\"item\":\"https:\\\/\\\/educem.com\\\/es\\\/\"},{\"@type\":\"ListItem\",\"position\":2,\"name\":\"Documentaci\u00f3n Bachillerato\"}]},{\"@type\":\"WebSite\",\"@id\":\"https:\\\/\\\/educem.com\\\/#website\",\"url\":\"https:\\\/\\\/educem.com\\\/\",\"name\":\"Centres Educem\",\"description\":\"Oferta formativa\",\"publisher\":{\"@id\":\"https:\\\/\\\/educem.com\\\/#organization\"},\"potentialAction\":[{\"@type\":\"SearchAction\",\"target\":{\"@type\":\"EntryPoint\",\"urlTemplate\":\"https:\\\/\\\/educem.com\\\/?s={search_term_string}\"},\"query-input\":{\"@type\":\"PropertyValueSpecification\",\"valueRequired\":true,\"valueName\":\"search_term_string\"}}],\"inLanguage\":\"es\"},{\"@type\":\"Organization\",\"@id\":\"https:\\\/\\\/educem.com\\\/#organization\",\"name\":\"Educem\",\"url\":\"https:\\\/\\\/educem.com\\\/\",\"logo\":{\"@type\":\"ImageObject\",\"inLanguage\":\"es\",\"@id\":\"https:\\\/\\\/educem.com\\\/#\\\/schema\\\/logo\\\/image\\\/\",\"url\":\"https:\\\/\\\/educem.com\\\/wp-content\\\/uploads\\\/2023\\\/06\\\/logo_educem_menu.png\",\"contentUrl\":\"https:\\\/\\\/educem.com\\\/wp-content\\\/uploads\\\/2023\\\/06\\\/logo_educem_menu.png\",\"width\":150,\"height\":49,\"caption\":\"Educem\"},\"image\":{\"@id\":\"https:\\\/\\\/educem.com\\\/#\\\/schema\\\/logo\\\/image\\\/\"},\"sameAs\":[\"https:\\\/\\\/ca-es.facebook.com\\\/educemcentresdensenyament\\\/\",\"https:\\\/\\\/x.com\\\/EducemGran\",\"https:\\\/\\\/www.instagram.com\\\/educem_granollers\\\/\",\"https:\\\/\\\/www.linkedin.com\\\/company\\\/escola-educem\"]}]}<\/script>\n<!-- \/ Yoast SEO plugin. -->","yoast_head_json":{"title":"Documentaci\u00f3n Bachillerato - Centres Educem","robots":{"index":"index","follow":"follow","max-snippet":"max-snippet:-1","max-image-preview":"max-image-preview:large","max-video-preview":"max-video-preview:-1"},"canonical":"https:\/\/educem.com\/es\/documentacion-bachillerato\/","og_locale":"es_ES","og_type":"article","og_title":"Documentaci\u00f3n Bachillerato - Centres Educem","og_description":"Curso 2025 - 2026Documentaci\u00f3n BachilleratoAqu\u00ed encontrar\u00e9is toda la documentaci\u00f3n referente a esta etapa educativa. En caso de necesitar alguna informaci\u00f3n adicional, contactad con el centro (pesta\u00f1a \"CONTACTO\" del men\u00fa principal).* Normativa de la Etapa Postobligatoria curso 2025-26.... DESCARGAR * Normativa digital.................................. DESCARGAR * Normativa de Drogas................. * Normativa de Redes Sociales.................... * Protocolo para el [&hellip;]","og_url":"https:\/\/educem.com\/es\/documentacion-bachillerato\/","og_site_name":"Centres Educem","article_publisher":"https:\/\/ca-es.facebook.com\/educemcentresdensenyament\/","article_modified_time":"2025-07-09T11:08:18+00:00","og_image":[{"width":1925,"height":859,"url":"https:\/\/educem.com\/wp-content\/uploads\/2023\/09\/img_edifici_home.jpg","type":"image\/jpeg"}],"twitter_card":"summary_large_image","twitter_site":"@EducemGran","schema":{"@context":"https:\/\/schema.org","@graph":[{"@type":"WebPage","@id":"https:\/\/educem.com\/es\/documentacion-bachillerato\/","url":"https:\/\/educem.com\/es\/documentacion-bachillerato\/","name":"Documentaci\u00f3n Bachillerato - Centres Educem","isPartOf":{"@id":"https:\/\/educem.com\/#website"},"datePublished":"2023-10-23T07:50:57+00:00","dateModified":"2025-07-09T11:08:18+00:00","breadcrumb":{"@id":"https:\/\/educem.com\/es\/documentacion-bachillerato\/#breadcrumb"},"inLanguage":"es","potentialAction":[{"@type":"ReadAction","target":["https:\/\/educem.com\/es\/documentacion-bachillerato\/"]}]},{"@type":"BreadcrumbList","@id":"https:\/\/educem.com\/es\/documentacion-bachillerato\/#breadcrumb","itemListElement":[{"@type":"ListItem","position":1,"name":"Portada","item":"https:\/\/educem.com\/es\/"},{"@type":"ListItem","position":2,"name":"Documentaci\u00f3n Bachillerato"}]},{"@type":"WebSite","@id":"https:\/\/educem.com\/#website","url":"https:\/\/educem.com\/","name":"Centres Educem","description":"Oferta formativa","publisher":{"@id":"https:\/\/educem.com\/#organization"},"potentialAction":[{"@type":"SearchAction","target":{"@type":"EntryPoint","urlTemplate":"https:\/\/educem.com\/?s={search_term_string}"},"query-input":{"@type":"PropertyValueSpecification","valueRequired":true,"valueName":"search_term_string"}}],"inLanguage":"es"},{"@type":"Organization","@id":"https:\/\/educem.com\/#organization","name":"Educem","url":"https:\/\/educem.com\/","logo":{"@type":"ImageObject","inLanguage":"es","@id":"https:\/\/educem.com\/#\/schema\/logo\/image\/","url":"https:\/\/educem.com\/wp-content\/uploads\/2023\/06\/logo_educem_menu.png","contentUrl":"https:\/\/educem.com\/wp-content\/uploads\/2023\/06\/logo_educem_menu.png","width":150,"height":49,"caption":"Educem"},"image":{"@id":"https:\/\/educem.com\/#\/schema\/logo\/image\/"},"sameAs":["https:\/\/ca-es.facebook.com\/educemcentresdensenyament\/","https:\/\/x.com\/EducemGran","https:\/\/www.instagram.com\/educem_granollers\/","https:\/\/www.linkedin.com\/company\/escola-educem"]}]}},"_links":{"self":[{"href":"https:\/\/educem.com\/es\/wp-json\/wp\/v2\/pages\/1506","targetHints":{"allow":["GET"]}}],"collection":[{"href":"https:\/\/educem.com\/es\/wp-json\/wp\/v2\/pages"}],"about":[{"href":"https:\/\/educem.com\/es\/wp-json\/wp\/v2\/types\/page"}],"author":[{"embeddable":true,"href":"https:\/\/educem.com\/es\/wp-json\/wp\/v2\/users\/1"}],"replies":[{"embeddable":true,"href":"https:\/\/educem.com\/es\/wp-json\/wp\/v2\/comments?post=1506"}],"version-history":[{"count":12,"href":"https:\/\/educem.com\/es\/wp-json\/wp\/v2\/pages\/1506\/revisions"}],"predecessor-version":[{"id":7708,"href":"https:\/\/educem.com\/es\/wp-json\/wp\/v2\/pages\/1506\/revisions\/7708"}],"wp:attachment":[{"href":"https:\/\/educem.com\/es\/wp-json\/wp\/v2\/media?parent=1506"}],"curies":[{"name":"wp","href":"https:\/\/api.w.org\/{rel}","templated":true}]}}