{"id":1511,"date":"2023-10-23T11:45:14","date_gmt":"2023-10-23T09:45:14","guid":{"rendered":"https:\/\/educem.com\/documentacion-educacion-infantil\/"},"modified":"2025-09-14T16:30:14","modified_gmt":"2025-09-14T14:30:14","slug":"documentacion-educacion-infantil","status":"publish","type":"page","link":"https:\/\/educem.com\/es\/documentacion-educacion-infantil\/","title":{"rendered":"Documentaci\u00f3n &#8211; Educaci\u00f3n Infantil"},"content":{"rendered":"<p>[et_pb_section fb_built=\u00bb1&#8243; fullwidth=\u00bbon\u00bb module_id=\u00bbed_cap\u00bb _builder_version=\u00bb4.22.2&#8243; _module_preset=\u00bbdefault\u00bb global_colors_info=\u00bb{}\u00bb][et_pb_fullwidth_header title=\u00bbDocumentaci\u00f3n &#8211; Educaci\u00f3n Infantil\u00bb background_overlay_color=\u00bbRGBA(255,255,255,0)\u00bb _builder_version=\u00bb4.23.1&#8243; _module_preset=\u00bbdefault\u00bb title_font=\u00bbArial Rounded|||on|||||\u00bb title_text_color=\u00bb#102569&#8243; title_font_size=\u00bb36px\u00bb title_line_height=\u00bb2.5em\u00bb background_color=\u00bbRGBA(255,255,255,0)\u00bb background_image=\u00bbhttps:\/\/educem.com\/wp-content\/uploads\/2023\/10\/DSF4458-scaled.jpg\u00bb background_position=\u00bbtop_center\u00bb background_vertical_offset=\u00bb0%\u00bb min_height=\u00bb700px\u00bb custom_padding=\u00bb550px||||false|false\u00bb title_font_size_tablet=\u00bb36px\u00bb title_font_size_phone=\u00bb28px\u00bb title_font_size_last_edited=\u00bbon|phone\u00bb global_colors_info=\u00bb{}\u00bb][\/et_pb_fullwidth_header][\/et_pb_section][et_pb_section fb_built=\u00bb1&#8243; _builder_version=\u00bb4.22.2&#8243; _module_preset=\u00bbdefault\u00bb global_colors_info=\u00bb{}\u00bb][et_pb_row _builder_version=\u00bb4.22.2&#8243; _module_preset=\u00bbdefault\u00bb custom_padding=\u00bb|50px||50px|false|true\u00bb global_colors_info=\u00bb{}\u00bb][et_pb_column type=\u00bb4_4&#8243; _builder_version=\u00bb4.22.2&#8243; _module_preset=\u00bbdefault\u00bb global_colors_info=\u00bb{}\u00bb][et_pb_text _builder_version=\u00bb4.27.4&#8243; _module_preset=\u00bbdefault\u00bb text_font=\u00bb|700|||||||\u00bb text_text_color=\u00bbgcid-2788ecaf-a9b6-4620-8618-ef4ee3724de2&#8243; text_font_size=\u00bb22px\u00bb text_orientation=\u00bbcenter\u00bb custom_padding=\u00bb|50px||50px|false|true\u00bb custom_padding_tablet=\u00bb|50px||50px|false|true\u00bb custom_padding_phone=\u00bb|0px||0px|false|true\u00bb custom_padding_last_edited=\u00bbon|phone\u00bb global_colors_info=\u00bb{%22gcid-2788ecaf-a9b6-4620-8618-ef4ee3724de2%22:%91%22text_text_color%22%93}\u00bb]<\/p>\n<p>Curso 2025 &#8211; 2026<\/p>\n<p>[\/et_pb_text][\/et_pb_column][\/et_pb_row][\/et_pb_section][et_pb_section fb_built=\u00bb1&#8243; _builder_version=\u00bb4.22.2&#8243; _module_preset=\u00bbdefault\u00bb background_color=\u00bbgcid-2788ecaf-a9b6-4620-8618-ef4ee3724de2&#8243; global_colors_info=\u00bb{%22gcid-2788ecaf-a9b6-4620-8618-ef4ee3724de2%22:%91%22background_color%22%93}\u00bb][et_pb_row _builder_version=\u00bb4.22.2&#8243; _module_preset=\u00bbdefault\u00bb global_colors_info=\u00bb{}\u00bb][et_pb_column type=\u00bb4_4&#8243; _builder_version=\u00bb4.22.2&#8243; _module_preset=\u00bbdefault\u00bb global_colors_info=\u00bb{}\u00bb][et_pb_text _builder_version=\u00bb4.22.2&#8243; _module_preset=\u00bbdefault\u00bb header_2_font=\u00bbArial Rounded|600||on|||||\u00bb header_2_text_align=\u00bbcenter\u00bb header_2_text_color=\u00bb#FFFFFF\u00bb header_2_font_size=\u00bb32px\u00bb global_colors_info=\u00bb{}\u00bb]<\/p>\n<h2>Documentaci\u00f3n Educaci\u00f3n infantil<\/h2>\n<p>[\/et_pb_text][\/et_pb_column][\/et_pb_row][et_pb_row _builder_version=\u00bb4.22.2&#8243; _module_preset=\u00bbdefault\u00bb global_colors_info=\u00bb{}\u00bb][et_pb_column type=\u00bb4_4&#8243; _builder_version=\u00bb4.22.2&#8243; _module_preset=\u00bbdefault\u00bb global_colors_info=\u00bb{}\u00bb][et_pb_text _builder_version=\u00bb4.22.2&#8243; _module_preset=\u00bbdefault\u00bb text_text_color=\u00bb#FFFFFF\u00bb global_colors_info=\u00bb{}\u00bb]<\/p>\n<p>Aqu\u00ed encontrar\u00e9is toda la documentaci\u00f3n referente a esta etapa educativa.<\/p>\n<p>En caso de necesitar alguna informaci\u00f3n adicional, contactad con el centro de educaci\u00f3n primaria (pesta\u00f1a \u00abCONTACTO\u00bb del men\u00fa principal).<\/p>\n<p>[\/et_pb_text][\/et_pb_column][\/et_pb_row][\/et_pb_section][et_pb_section fb_built=\u00bb1&#8243; _builder_version=\u00bb4.22.2&#8243; _module_preset=\u00bbdefault\u00bb global_colors_info=\u00bb{}\u00bb][et_pb_row _builder_version=\u00bb4.22.2&#8243; _module_preset=\u00bbdefault\u00bb width_tablet=\u00bb95%\u00bb width_phone=\u00bb95%\u00bb width_last_edited=\u00bbon|tablet\u00bb global_colors_info=\u00bb{}\u00bb][et_pb_column type=\u00bb4_4&#8243; _builder_version=\u00bb4.22.2&#8243; _module_preset=\u00bbdefault\u00bb global_colors_info=\u00bb{}\u00bb][et_pb_tabs _builder_version=\u00bb4.27.4&#8243; _module_preset=\u00bbdefault\u00bb hover_enabled=\u00bb0&#8243; global_colors_info=\u00bb{}\u00bb sticky_enabled=\u00bb0&#8243;][et_pb_tab title=\u00bbNormativa\u00bb _builder_version=\u00bb4.27.4&#8243; _module_preset=\u00bbdefault\u00bb global_colors_info=\u00bb{}\u00bb]<\/p>\n<div class=\"tab-pane fade fusion-clearfix in active\" id=\"tab-f143025f6f0f763a500\">\n<p>* Normativa de la Etapa Obligatoria 2025-26&#8230;.. <a href=\"https:\/\/educem.com\/wp-content\/uploads\/2025\/07\/Normativa-curs-25-26-EI-EP-i-ESO.pdf\" target=\"_blank\" rel=\"noopener noreferrer\">DESCARGAR <\/a><\/p>\n<p>* Calendario Escolar 2025-26 EDUCEM&#8230;. <a href=\"https:\/\/educem.com\/wp-content\/uploads\/2025\/06\/Calendari-Escolar-2025-26.pdf\" target=\"_blank\" rel=\"noopener\">DESCARGAR<\/a><\/p>\n<\/div>\n<p>[\/et_pb_tab][et_pb_tab title=\u00bbDocumentaci\u00f3n\u00bb _builder_version=\u00bb4.27.4&#8243; _module_preset=\u00bbdefault\u00bb global_colors_info=\u00bb{}\u00bb]<\/p>\n<p>* Autorizaci\u00f3n salidas Granollers y normativa&#8230;&#8230;&#8230;&#8230;&#8230;&#8230;&#8230;. <a href=\"https:\/\/educem.com\/wp-content\/uploads\/2023\/10\/Autoritzacio-sortides-per-Granollers-i-normativa.pdf\" target=\"_blank\" rel=\"noopener\">DESCARGAR<\/a><\/p>\n<p>* Autorizaci\u00f3n intervenci\u00f3n DOT, Servicios externos y derivaci\u00f3n a la EAP..<a href=\"https:\/\/educem.com\/wp-content\/uploads\/2023\/10\/Autoritzacio-intervencio-DOT-Serveis-externs-i-derivacio-a-lEAP.pdf\" target=\"_blank\" rel=\"noopener\">DESCARGAR<\/a><\/p>\n<p>* Autorizaci\u00f3n para recoger a los alumnos&#8230;&#8230;&#8230;&#8230;&#8230;&#8230;&#8230;&#8230;<a href=\"https:\/\/educem.com\/wp-content\/uploads\/2023\/10\/autoritzacio-per-a-recollir-als-alumnes.pdf\" target=\"_blank\" rel=\"noopener\">DESCARGAR<\/a><\/p>\n<p>[\/et_pb_tab][et_pb_tab title=\u00bbCirculares\u00bb _builder_version=\u00bb4.27.4&#8243; _module_preset=\u00bbdefault\u00bb global_colors_info=\u00bb{}\u00bb]<\/p>\n<p>* Circular Informativa inicio de curso septiembre curso 2025-26&#8230;.. <a href=\"https:\/\/educem.com\/wp-content\/uploads\/2025\/06\/Circular-informativa-pel-curs-2025-26.pdf\" target=\"_blank\" rel=\"noopener noreferrer\">DESCARGAR <\/a><\/p>\n<p>* Inscripci\u00f3n Acogida Educaci\u00f3n Infantil y Primaria&#8230;&#8230;&#8230;&#8230;&#8230;&#8230;&#8230;&#8230;&#8230; <a href=\"https:\/\/educem.com\/wp-content\/uploads\/2025\/07\/Inscripcio-Acollida-Educacio-Infantil-i-Primaria-25-26-PDF-Editable.pdf\" target=\"_blank\" rel=\"noopener\">DESCARGAR<\/a><\/p>\n<p>* Carta de compromiso educativo&#8230;&#8230;&#8230;&#8230;&#8230;&#8230;&#8230;.. <a href=\"https:\/\/educem.com\/wp-content\/uploads\/2024\/07\/Carta-compromis-Educatiu-2024.pdf\" target=\"_blank\" rel=\"noopener\">DESCARGAR<\/a><\/p>\n<p>[\/et_pb_tab][et_pb_tab title=\u00bbSalidas\u00bb _builder_version=\u00bb4.27.4&#8243; _module_preset=\u00bbdefault\u00bb global_colors_info=\u00bb{}\u00bb]<\/p>\n<div class=\"tab-pane fade fusion-clearfix active in\" id=\"tab-b4ff0b4832500af8601\">\n<div class=\"tab-pane fade fusion-clearfix active in\" id=\"tab-b93414fb4002508d537\">\n<p>* Circular Solida 1T curso 25-26&#8230;&#8230;&#8230;&#8230;&#8230;&#8230;&#8230;&#8230;&#8230;&#8230;.<a href=\"#\" target=\"_blank\" rel=\"noopener noreferrer\"> DESCARGAR<\/a><\/p>\n<p>* Circular Solida 2T curso 25-26&#8230;&#8230;&#8230;&#8230;&#8230;&#8230;&#8230;&#8230;&#8230;&#8230;.<a href=\"#\" target=\"_blank\" rel=\"noopener noreferrer\"> DESCARGAR<\/a><\/p>\n<p>* Circular Colonias curso 25-26&#8230;&#8230;&#8230;&#8230;&#8230;&#8230;&#8230;&#8230;&#8230;&#8230;.<a href=\"#\" target=\"_blank\" rel=\"noopener noreferrer\"> DESCARGAR<\/a><\/p>\n<\/div>\n<\/div>\n<p>[\/et_pb_tab][et_pb_tab title=\u00bbDoc. M\u00e9dica\u00bb _builder_version=\u00bb4.27.4&#8243; _module_preset=\u00bbdefault\u00bb global_colors_info=\u00bb{}\u00bb]<\/p>\n<p>* Ficha m\u00e9dica&#8230;&#8230;&#8230;&#8230;&#8230;&#8230;&#8230;&#8230;&#8230;&#8230;&#8230;&#8230;&#8230;&#8230; <a href=\"https:\/\/educem.com\/wp-content\/uploads\/2024\/07\/3-Fitxa-medica-Infantil-1.pdf\" target=\"_blank\" rel=\"noopener noreferrer\">DESCARGAR <\/a><\/p>\n<p>* Autorizaci\u00f3n medicamentos&#8230;&#8230;&#8230;&#8230;&#8230;&#8230;&#8230;&#8230;&#8230;.. <a href=\"https:\/\/educem.com\/wp-content\/uploads\/2023\/10\/AUTORITZACIO-MEDICAMENT.pdf\" target=\"_blank\" rel=\"noopener\">DESCARGAR<\/a><\/p>\n<p>[\/et_pb_tab][et_pb_tab title=\u00bbHorarios\u00bb _builder_version=\u00bb4.27.4&#8243; _module_preset=\u00bbdefault\u00bb hover_enabled=\u00bb0&#8243; global_colors_info=\u00bb{}\u00bb sticky_enabled=\u00bb0&#8243;]<\/p>\n<div class=\"tab-pane fade fusion-clearfix active in\" id=\"tab-20f2ff040b861af3875\">\n<p>* Horario I-3&#8230;&#8230;&#8230;&#8230;&#8230;&#8230;&#8230;&#8230;&#8230;.. <a href=\"https:\/\/educem.com\/wp-content\/uploads\/2025\/09\/Horari-I3.pdf\" target=\"_blank\" rel=\"noopener\">DESCARGAR<\/a><\/p>\n<p>* Horario I-4&#8230;&#8230;&#8230;&#8230;&#8230;&#8230;&#8230;&#8230;&#8230;.. <a href=\"https:\/\/educem.com\/wp-content\/uploads\/2025\/09\/Horari-I4.pdf\" target=\"_blank\" rel=\"noopener\">DESCARGAR<\/a><\/p>\n<p>* Horario I-5&#8230;&#8230;&#8230;&#8230;&#8230;&#8230;&#8230;&#8230;&#8230;&#8230; <a href=\"https:\/\/educem.com\/wp-content\/uploads\/2025\/09\/Horari-I5.pdf\" target=\"_blank\" rel=\"noopener\">DESCARGAR<\/a><\/p>\n<\/div>\n<p>[\/et_pb_tab][et_pb_tab title=\u00bbInternet \/ Im\u00e1genes\u00bb _builder_version=\u00bb4.27.0&#8243; _module_preset=\u00bbdefault\u00bb global_colors_info=\u00bb{}\u00bb]<\/p>\n<p>* Autorizaci\u00f3n menores de 14 a\u00f1os uso internet&#8230;&#8230;&#8230;&#8230;&#8230;.. <a href=\"https:\/\/educem.com\/wp-content\/uploads\/2024\/07\/Autoritzacio-us-internet-menors-14-anys.pdf\" target=\"_blank\" rel=\"noopener\">DESCARGAR<\/a><\/p>\n<p>[\/et_pb_tab][et_pb_tab title=\u00bbExtraescolares\u00bb _builder_version=\u00bb4.27.4&#8243; _module_preset=\u00bbdefault\u00bb global_colors_info=\u00bb{}\u00bb]* Infantil Extraescolares 2025-26&#8230;&#8230;&#8230;&#8230;&#8230;&#8230;&#8230;.. <a href=\"https:\/\/educem.com\/wp-content\/uploads\/2025\/06\/Extraescolars-Educacio-infantil-curs-2025-26.pdf\" target=\"_blank\" rel=\"noopener\">DESCARGAR<\/a><\/p>\n<p>* Inscripci\u00f3n extraescolar INFANTIL 2025-26&#8230;. <a href=\"https:\/\/educem.com\/wp-content\/uploads\/2025\/07\/Inscripcio-extraescolars-infantil-25-26-PDF-Editable.pdf\" target=\"_blank\" rel=\"noopener\">DESCARGAR<\/a>[\/et_pb_tab][et_pb_tab title=\u00bbDeberes Verano\u00bb _builder_version=\u00bb4.27.4&#8243; _module_preset=\u00bbdefault\u00bb global_colors_info=\u00bb{}\u00bb]<\/p>\n<div class=\"tab-pane fade fusion-clearfix active in\" id=\"tab-bda0b9bfc3ff55952cf\">* Deberes de verano 2025 Ed.Infantil&#8230;.. <a href=\"https:\/\/educem.com\/wp-content\/uploads\/2025\/06\/deures-destiu-Ed-Infantil-25-26.pdf\" target=\"_blank\" rel=\"noopener noreferrer\">DESCARGAR <\/a><\/div>\n<p>[\/et_pb_tab][\/et_pb_tabs][\/et_pb_column][\/et_pb_row][\/et_pb_section]<\/p>\n","protected":false},"excerpt":{"rendered":"<p>Curso 2025 &#8211; 2026Documentaci\u00f3n Educaci\u00f3n infantilAqu\u00ed encontrar\u00e9is toda la documentaci\u00f3n referente a esta etapa educativa. En caso de necesitar alguna informaci\u00f3n adicional, contactad con el centro de educaci\u00f3n primaria (pesta\u00f1a \u00abCONTACTO\u00bb del men\u00fa principal). * Normativa de la Etapa Obligatoria 2025-26&#8230;.. DESCARGAR * Calendario Escolar 2025-26 EDUCEM&#8230;. DESCARGAR * Autorizaci\u00f3n salidas Granollers y normativa&#8230;&#8230;&#8230;&#8230;&#8230;&#8230;&#8230;. DESCARGAR [&hellip;]<\/p>\n","protected":false},"author":1,"featured_media":0,"parent":0,"menu_order":0,"comment_status":"closed","ping_status":"closed","template":"","meta":{"_et_pb_use_builder":"on","_et_pb_old_content":"","_et_gb_content_width":"","footnotes":""},"class_list":["post-1511","page","type-page","status-publish","hentry"],"yoast_head":"<!-- This site is optimized with the Yoast SEO plugin v27.4 - https:\/\/yoast.com\/product\/yoast-seo-wordpress\/ -->\n<title>Documentaci\u00f3n - Educaci\u00f3n Infantil - Centres Educem<\/title>\n<meta name=\"robots\" content=\"index, follow, max-snippet:-1, max-image-preview:large, max-video-preview:-1\" \/>\n<link rel=\"canonical\" href=\"https:\/\/educem.com\/es\/documentacion-educacion-infantil\/\" \/>\n<meta property=\"og:locale\" content=\"es_ES\" \/>\n<meta property=\"og:type\" content=\"article\" \/>\n<meta property=\"og:title\" content=\"Documentaci\u00f3n - Educaci\u00f3n Infantil - Centres Educem\" \/>\n<meta property=\"og:description\" content=\"Curso 2025 - 2026Documentaci\u00f3n Educaci\u00f3n infantilAqu\u00ed encontrar\u00e9is toda la documentaci\u00f3n referente a esta etapa educativa. En caso de necesitar alguna informaci\u00f3n adicional, contactad con el centro de educaci\u00f3n primaria (pesta\u00f1a &quot;CONTACTO&quot; del men\u00fa principal). * Normativa de la Etapa Obligatoria 2025-26..... DESCARGAR * Calendario Escolar 2025-26 EDUCEM.... DESCARGAR * Autorizaci\u00f3n salidas Granollers y normativa...................... DESCARGAR [&hellip;]\" \/>\n<meta property=\"og:url\" content=\"https:\/\/educem.com\/es\/documentacion-educacion-infantil\/\" \/>\n<meta property=\"og:site_name\" content=\"Centres Educem\" \/>\n<meta property=\"article:publisher\" content=\"https:\/\/ca-es.facebook.com\/educemcentresdensenyament\/\" \/>\n<meta property=\"article:modified_time\" content=\"2025-09-14T14:30:14+00:00\" \/>\n<meta property=\"og:image\" content=\"https:\/\/educem.com\/wp-content\/uploads\/2023\/09\/img_edifici_home.jpg\" \/>\n\t<meta property=\"og:image:width\" content=\"1925\" \/>\n\t<meta property=\"og:image:height\" content=\"859\" \/>\n\t<meta property=\"og:image:type\" content=\"image\/jpeg\" \/>\n<meta name=\"twitter:card\" content=\"summary_large_image\" \/>\n<meta name=\"twitter:site\" content=\"@EducemGran\" \/>\n<script type=\"application\/ld+json\" class=\"yoast-schema-graph\">{\"@context\":\"https:\\\/\\\/schema.org\",\"@graph\":[{\"@type\":\"WebPage\",\"@id\":\"https:\\\/\\\/educem.com\\\/es\\\/documentacion-educacion-infantil\\\/\",\"url\":\"https:\\\/\\\/educem.com\\\/es\\\/documentacion-educacion-infantil\\\/\",\"name\":\"Documentaci\u00f3n - Educaci\u00f3n Infantil - Centres Educem\",\"isPartOf\":{\"@id\":\"https:\\\/\\\/educem.com\\\/#website\"},\"datePublished\":\"2023-10-23T09:45:14+00:00\",\"dateModified\":\"2025-09-14T14:30:14+00:00\",\"breadcrumb\":{\"@id\":\"https:\\\/\\\/educem.com\\\/es\\\/documentacion-educacion-infantil\\\/#breadcrumb\"},\"inLanguage\":\"es\",\"potentialAction\":[{\"@type\":\"ReadAction\",\"target\":[\"https:\\\/\\\/educem.com\\\/es\\\/documentacion-educacion-infantil\\\/\"]}]},{\"@type\":\"BreadcrumbList\",\"@id\":\"https:\\\/\\\/educem.com\\\/es\\\/documentacion-educacion-infantil\\\/#breadcrumb\",\"itemListElement\":[{\"@type\":\"ListItem\",\"position\":1,\"name\":\"Portada\",\"item\":\"https:\\\/\\\/educem.com\\\/es\\\/\"},{\"@type\":\"ListItem\",\"position\":2,\"name\":\"Documentaci\u00f3n &#8211; Educaci\u00f3n Infantil\"}]},{\"@type\":\"WebSite\",\"@id\":\"https:\\\/\\\/educem.com\\\/#website\",\"url\":\"https:\\\/\\\/educem.com\\\/\",\"name\":\"Centres Educem\",\"description\":\"Oferta formativa\",\"publisher\":{\"@id\":\"https:\\\/\\\/educem.com\\\/#organization\"},\"potentialAction\":[{\"@type\":\"SearchAction\",\"target\":{\"@type\":\"EntryPoint\",\"urlTemplate\":\"https:\\\/\\\/educem.com\\\/?s={search_term_string}\"},\"query-input\":{\"@type\":\"PropertyValueSpecification\",\"valueRequired\":true,\"valueName\":\"search_term_string\"}}],\"inLanguage\":\"es\"},{\"@type\":\"Organization\",\"@id\":\"https:\\\/\\\/educem.com\\\/#organization\",\"name\":\"Educem\",\"url\":\"https:\\\/\\\/educem.com\\\/\",\"logo\":{\"@type\":\"ImageObject\",\"inLanguage\":\"es\",\"@id\":\"https:\\\/\\\/educem.com\\\/#\\\/schema\\\/logo\\\/image\\\/\",\"url\":\"https:\\\/\\\/educem.com\\\/wp-content\\\/uploads\\\/2023\\\/06\\\/logo_educem_menu.png\",\"contentUrl\":\"https:\\\/\\\/educem.com\\\/wp-content\\\/uploads\\\/2023\\\/06\\\/logo_educem_menu.png\",\"width\":150,\"height\":49,\"caption\":\"Educem\"},\"image\":{\"@id\":\"https:\\\/\\\/educem.com\\\/#\\\/schema\\\/logo\\\/image\\\/\"},\"sameAs\":[\"https:\\\/\\\/ca-es.facebook.com\\\/educemcentresdensenyament\\\/\",\"https:\\\/\\\/x.com\\\/EducemGran\",\"https:\\\/\\\/www.instagram.com\\\/educem_granollers\\\/\",\"https:\\\/\\\/www.linkedin.com\\\/company\\\/escola-educem\"]}]}<\/script>\n<!-- \/ Yoast SEO plugin. -->","yoast_head_json":{"title":"Documentaci\u00f3n - Educaci\u00f3n Infantil - Centres Educem","robots":{"index":"index","follow":"follow","max-snippet":"max-snippet:-1","max-image-preview":"max-image-preview:large","max-video-preview":"max-video-preview:-1"},"canonical":"https:\/\/educem.com\/es\/documentacion-educacion-infantil\/","og_locale":"es_ES","og_type":"article","og_title":"Documentaci\u00f3n - Educaci\u00f3n Infantil - Centres Educem","og_description":"Curso 2025 - 2026Documentaci\u00f3n Educaci\u00f3n infantilAqu\u00ed encontrar\u00e9is toda la documentaci\u00f3n referente a esta etapa educativa. En caso de necesitar alguna informaci\u00f3n adicional, contactad con el centro de educaci\u00f3n primaria (pesta\u00f1a \"CONTACTO\" del men\u00fa principal). * Normativa de la Etapa Obligatoria 2025-26..... DESCARGAR * Calendario Escolar 2025-26 EDUCEM.... DESCARGAR * Autorizaci\u00f3n salidas Granollers y normativa...................... DESCARGAR [&hellip;]","og_url":"https:\/\/educem.com\/es\/documentacion-educacion-infantil\/","og_site_name":"Centres Educem","article_publisher":"https:\/\/ca-es.facebook.com\/educemcentresdensenyament\/","article_modified_time":"2025-09-14T14:30:14+00:00","og_image":[{"width":1925,"height":859,"url":"https:\/\/educem.com\/wp-content\/uploads\/2023\/09\/img_edifici_home.jpg","type":"image\/jpeg"}],"twitter_card":"summary_large_image","twitter_site":"@EducemGran","schema":{"@context":"https:\/\/schema.org","@graph":[{"@type":"WebPage","@id":"https:\/\/educem.com\/es\/documentacion-educacion-infantil\/","url":"https:\/\/educem.com\/es\/documentacion-educacion-infantil\/","name":"Documentaci\u00f3n - Educaci\u00f3n Infantil - Centres Educem","isPartOf":{"@id":"https:\/\/educem.com\/#website"},"datePublished":"2023-10-23T09:45:14+00:00","dateModified":"2025-09-14T14:30:14+00:00","breadcrumb":{"@id":"https:\/\/educem.com\/es\/documentacion-educacion-infantil\/#breadcrumb"},"inLanguage":"es","potentialAction":[{"@type":"ReadAction","target":["https:\/\/educem.com\/es\/documentacion-educacion-infantil\/"]}]},{"@type":"BreadcrumbList","@id":"https:\/\/educem.com\/es\/documentacion-educacion-infantil\/#breadcrumb","itemListElement":[{"@type":"ListItem","position":1,"name":"Portada","item":"https:\/\/educem.com\/es\/"},{"@type":"ListItem","position":2,"name":"Documentaci\u00f3n &#8211; Educaci\u00f3n Infantil"}]},{"@type":"WebSite","@id":"https:\/\/educem.com\/#website","url":"https:\/\/educem.com\/","name":"Centres Educem","description":"Oferta formativa","publisher":{"@id":"https:\/\/educem.com\/#organization"},"potentialAction":[{"@type":"SearchAction","target":{"@type":"EntryPoint","urlTemplate":"https:\/\/educem.com\/?s={search_term_string}"},"query-input":{"@type":"PropertyValueSpecification","valueRequired":true,"valueName":"search_term_string"}}],"inLanguage":"es"},{"@type":"Organization","@id":"https:\/\/educem.com\/#organization","name":"Educem","url":"https:\/\/educem.com\/","logo":{"@type":"ImageObject","inLanguage":"es","@id":"https:\/\/educem.com\/#\/schema\/logo\/image\/","url":"https:\/\/educem.com\/wp-content\/uploads\/2023\/06\/logo_educem_menu.png","contentUrl":"https:\/\/educem.com\/wp-content\/uploads\/2023\/06\/logo_educem_menu.png","width":150,"height":49,"caption":"Educem"},"image":{"@id":"https:\/\/educem.com\/#\/schema\/logo\/image\/"},"sameAs":["https:\/\/ca-es.facebook.com\/educemcentresdensenyament\/","https:\/\/x.com\/EducemGran","https:\/\/www.instagram.com\/educem_granollers\/","https:\/\/www.linkedin.com\/company\/escola-educem"]}]}},"_links":{"self":[{"href":"https:\/\/educem.com\/es\/wp-json\/wp\/v2\/pages\/1511","targetHints":{"allow":["GET"]}}],"collection":[{"href":"https:\/\/educem.com\/es\/wp-json\/wp\/v2\/pages"}],"about":[{"href":"https:\/\/educem.com\/es\/wp-json\/wp\/v2\/types\/page"}],"author":[{"embeddable":true,"href":"https:\/\/educem.com\/es\/wp-json\/wp\/v2\/users\/1"}],"replies":[{"embeddable":true,"href":"https:\/\/educem.com\/es\/wp-json\/wp\/v2\/comments?post=1511"}],"version-history":[{"count":36,"href":"https:\/\/educem.com\/es\/wp-json\/wp\/v2\/pages\/1511\/revisions"}],"predecessor-version":[{"id":7997,"href":"https:\/\/educem.com\/es\/wp-json\/wp\/v2\/pages\/1511\/revisions\/7997"}],"wp:attachment":[{"href":"https:\/\/educem.com\/es\/wp-json\/wp\/v2\/media?parent=1511"}],"curies":[{"name":"wp","href":"https:\/\/api.w.org\/{rel}","templated":true}]}}