{"id":1512,"date":"2023-10-23T12:05:19","date_gmt":"2023-10-23T10:05:19","guid":{"rendered":"https:\/\/educem.com\/libros-de-texto\/"},"modified":"2025-06-25T08:19:23","modified_gmt":"2025-06-25T06:19:23","slug":"libros-de-texto","status":"publish","type":"page","link":"https:\/\/educem.com\/es\/libros-de-texto\/","title":{"rendered":"Libros de texto"},"content":{"rendered":"<p>[et_pb_section fb_built=\u00bb1&#8243; fullwidth=\u00bbon\u00bb module_id=\u00bbed_cap\u00bb _builder_version=\u00bb4.22.2&#8243; _module_preset=\u00bbdefault\u00bb global_colors_info=\u00bb{}\u00bb][et_pb_fullwidth_header title=\u00bbLibros de texto\u00bb background_overlay_color=\u00bbRGBA(255,255,255,0)\u00bb _builder_version=\u00bb4.23.1&#8243; _module_preset=\u00bbdefault\u00bb title_font=\u00bbArial Rounded|||on|||||\u00bb title_text_color=\u00bb#102569&#8243; title_font_size=\u00bb36px\u00bb background_color=\u00bbRGBA(255,255,255,0)\u00bb background_image=\u00bbhttps:\/\/educem.com\/wp-content\/uploads\/2023\/10\/DSF4518-scaled.jpg\u00bb background_position=\u00bbtop_center\u00bb background_vertical_offset=\u00bb100%\u00bb min_height=\u00bb700px\u00bb custom_padding=\u00bb550px||||false|false\u00bb title_font_size_tablet=\u00bb36px\u00bb title_font_size_phone=\u00bb36px\u00bb title_font_size_last_edited=\u00bbon|phone\u00bb global_colors_info=\u00bb{}\u00bb][\/et_pb_fullwidth_header][\/et_pb_section][et_pb_section fb_built=\u00bb1&#8243; _builder_version=\u00bb4.22.2&#8243; _module_preset=\u00bbdefault\u00bb global_colors_info=\u00bb{}\u00bb][et_pb_row _builder_version=\u00bb4.22.2&#8243; _module_preset=\u00bbdefault\u00bb custom_padding=\u00bb|50px||50px|false|true\u00bb global_colors_info=\u00bb{}\u00bb][et_pb_column type=\u00bb4_4&#8243; _builder_version=\u00bb4.22.2&#8243; _module_preset=\u00bbdefault\u00bb global_colors_info=\u00bb{}\u00bb][et_pb_text _builder_version=\u00bb4.27.4&#8243; _module_preset=\u00bbdefault\u00bb text_font=\u00bb|700|||||||\u00bb text_text_color=\u00bbgcid-d809cb4a-3cf6-4a6e-a54c-2245ace4a999&#8243; text_font_size=\u00bb22px\u00bb text_orientation=\u00bbcenter\u00bb custom_padding=\u00bb|50px||50px|false|true\u00bb global_colors_info=\u00bb{%22gcid-d809cb4a-3cf6-4a6e-a54c-2245ace4a999%22:%91%22text_text_color%22%93}\u00bb]<\/p>\n<p>Curso 2025 &#8211; 2026<\/p>\n<p>[\/et_pb_text][\/et_pb_column][\/et_pb_row][\/et_pb_section][et_pb_section fb_built=\u00bb1&#8243; _builder_version=\u00bb4.22.2&#8243; _module_preset=\u00bbdefault\u00bb background_color=\u00bbgcid-09c858cd-8520-4fb5-b2fa-491252a03b0c\u00bb global_colors_info=\u00bb{%22gcid-09c858cd-8520-4fb5-b2fa-491252a03b0c%22:%91%22background_color%22%93}\u00bb][et_pb_row _builder_version=\u00bb4.22.2&#8243; _module_preset=\u00bbdefault\u00bb global_colors_info=\u00bb{}\u00bb][et_pb_column type=\u00bb4_4&#8243; _builder_version=\u00bb4.22.2&#8243; _module_preset=\u00bbdefault\u00bb global_colors_info=\u00bb{}\u00bb][et_pb_text _builder_version=\u00bb4.22.2&#8243; _module_preset=\u00bbdefault\u00bb header_2_font=\u00bbArial Rounded|600||on|||||\u00bb header_2_text_align=\u00bbcenter\u00bb header_2_text_color=\u00bbgcid-9663e3f2-525a-469f-9b07-5e9681bda370&#8243; header_2_font_size=\u00bb32px\u00bb global_colors_info=\u00bb{%22gcid-9663e3f2-525a-469f-9b07-5e9681bda370%22:%91%22header_2_text_color%22%93}\u00bb]<\/p>\n<h2>Informaci\u00f3n sobre libros de texto<\/h2>\n<p>[\/et_pb_text][\/et_pb_column][\/et_pb_row][et_pb_row _builder_version=\u00bb4.22.2&#8243; _module_preset=\u00bbdefault\u00bb global_colors_info=\u00bb{}\u00bb][et_pb_column type=\u00bb4_4&#8243; _builder_version=\u00bb4.22.2&#8243; _module_preset=\u00bbdefault\u00bb global_colors_info=\u00bb{}\u00bb][et_pb_text _builder_version=\u00bb4.22.2&#8243; _module_preset=\u00bbdefault\u00bb text_text_color=\u00bbgcid-9663e3f2-525a-469f-9b07-5e9681bda370&#8243; custom_padding=\u00bb||1px|||\u00bb global_colors_info=\u00bb{%22gcid-9663e3f2-525a-469f-9b07-5e9681bda370%22:%91%22text_text_color%22%93}\u00bb]<\/p>\n<p>Aqu\u00ed encontrar\u00e9is archivos descargables con las referencias de los libros de texto de cada etapa educativa.<\/p>\n<p>En caso de necesitar alguna informaci\u00f3n adicional, contactad con el centro de educaci\u00f3n primaria (pesta\u00f1a \u00abCONTACTO\u00bb del men\u00fa principal).<\/p>\n<p>[\/et_pb_text][\/et_pb_column][\/et_pb_row][\/et_pb_section][et_pb_section fb_built=\u00bb1&#8243; _builder_version=\u00bb4.22.2&#8243; _module_preset=\u00bbdefault\u00bb global_colors_info=\u00bb{}\u00bb][et_pb_row _builder_version=\u00bb4.22.2&#8243; _module_preset=\u00bbdefault\u00bb width_tablet=\u00bb95%\u00bb width_phone=\u00bb95%\u00bb width_last_edited=\u00bbon|tablet\u00bb global_colors_info=\u00bb{}\u00bb][et_pb_column type=\u00bb4_4&#8243; _builder_version=\u00bb4.22.2&#8243; _module_preset=\u00bbdefault\u00bb global_colors_info=\u00bb{}\u00bb][et_pb_tabs _builder_version=\u00bb4.27.4&#8243; _module_preset=\u00bbdefault\u00bb hover_enabled=\u00bb0&#8243; global_colors_info=\u00bb{}\u00bb sticky_enabled=\u00bb0&#8243;][et_pb_tab title=\u00bbEd. infantil\u00bb _builder_version=\u00bb4.27.4&#8243; _module_preset=\u00bbdefault\u00bb global_colors_info=\u00bb{}\u00bb]<\/p>\n<div id=\"tab-97b136d71c561ee8265\" class=\"tab-pane fade fusion-clearfix in active\">\n<p><strong>* I-3<\/strong><br \/>\n&gt;&gt;&gt; \u00a0Listado de libros de texto para el curso 2025-2026\u2026\u2026\u2026\u2026\u2026\u2026\u2026.<a href=\"https:\/\/educem.com\/wp-content\/uploads\/2025\/06\/EDUCACIO-INFANTIL-2025-26-I3.pdf\" target=\"_blank\" rel=\"noopener\">DESCARGAR<\/a><\/p>\n<p><strong>* I-4<\/strong><br \/>\n&gt;&gt;&gt; Listado de libros de texto para el curso 2025-2026\u2026\u2026\u2026\u2026\u2026\u2026\u2026.<a href=\"https:\/\/educem.com\/wp-content\/uploads\/2025\/06\/EDUCACIO-INFANTIL-2025-26-I4.pdf\" target=\"_blank\" rel=\"noopener\">DESCARGAR<\/a><\/p>\n<p><strong>* I-5<\/strong><br \/>\n&gt;&gt;&gt; Listado de libros de texto para el curso 2025-2026\u2026\u2026\u2026\u2026\u2026\u2026\u2026.<a href=\"https:\/\/educem.com\/wp-content\/uploads\/2025\/06\/EDUCACIO-INFANTIL-2025-26-I5.pdf\" target=\"_blank\" rel=\"noopener\">DESCARGAR<\/a><\/p>\n<\/div>\n<p>[\/et_pb_tab][et_pb_tab title=\u00bbEd. Primaria\u00bb _builder_version=\u00bb4.27.4&#8243; _module_preset=\u00bbdefault\u00bb hover_enabled=\u00bb0&#8243; global_colors_info=\u00bb{}\u00bb sticky_enabled=\u00bb0&#8243;]<\/p>\n<div id=\"tab-4a530c963571c559bb7\" class=\"tab-pane fade fusion-clearfix active in\">\n<p><strong>* CICLE INICIAL 1r.<\/strong><br \/>\n&gt;&gt;&gt; \u00a0Listado de libros de texto para el curso 2025-2026\u2026\u2026\u2026\u2026\u2026\u2026\u2026.<a href=\"https:\/\/educem.com\/wp-content\/uploads\/2025\/06\/LLIBRES-I-MATERIAL-EDUCACIO-PRIMARIA-2025-2026-1r-1.pdf\" target=\"_blank\" rel=\"noopener\">DESCARGAR<\/a><\/p>\n<p><strong>* CICLE INICIAL 2n.<\/strong><br \/>\n&gt;&gt;&gt; \u00a0Listado de libros de texto para el curso 2025-2026\u2026\u2026\u2026\u2026\u2026\u2026\u2026.<a href=\"https:\/\/educem.com\/wp-content\/uploads\/2025\/06\/LLIBRES-I-MATERIAL-EDUCACIO-PRIMARIA-2025-2026-2n-1.pdf\" target=\"_blank\" rel=\"noopener\">DESCARGAR<\/a><\/p>\n<p><strong>* CICLE MITJ\u00c0 3r.<\/strong><br \/>\n&gt;&gt;&gt; \u00a0Listado de libros de texto para el curso 2025-2026\u2026\u2026\u2026\u2026\u2026\u2026\u2026.<a href=\"https:\/\/educem.com\/wp-content\/uploads\/2025\/06\/LLIBRES-I-MATERIAL-EDUCACIO-PRIMARIA-2025-2026-3r-1.pdf\" target=\"_blank\" rel=\"noopener\">DESCARGAR<\/a><\/p>\n<p><strong>* CICLE MITJ\u00c0 4rt.<\/strong><br \/>\n&gt;&gt;&gt; \u00a0Listado de libros de texto para el curso 2025-2026\u2026\u2026\u2026\u2026\u2026\u2026\u2026.<a href=\"https:\/\/educem.com\/wp-content\/uploads\/2025\/06\/LLIBRES-I-MATERIAL-EDUCACIO-PRIMARIA-2025-2026-4t-1.pdf\" target=\"_blank\" rel=\"noopener\">DESCARGAR<\/a><\/p>\n<p><strong>* CICLE SUPERIOR 5\u00e8.<\/strong><br \/>\n&gt;&gt;&gt; \u00a0Listado de libros de texto para el curso 2025-2026\u2026\u2026\u2026\u2026\u2026\u2026\u2026.<a href=\"https:\/\/educem.com\/wp-content\/uploads\/2025\/06\/LLIBRES-I-MATERIAL-EDUCACIO-PRIMARIA-2025-2026-5e-1.pdf\" target=\"_blank\" rel=\"noopener\">DESCARGAR<\/a><\/p>\n<p><strong>* CICLE SUPERIOR 6\u00e8.<\/strong><br \/>\n&gt;&gt;&gt; \u00a0Listado de libros de texto para el curso 2025-2026\u2026\u2026\u2026\u2026\u2026\u2026\u2026.<a href=\"https:\/\/educem.com\/wp-content\/uploads\/2025\/06\/LLIBRES-I-MATERIAL-EDUCACIO-PRIMARIA-2025-2026-6e-1.pdf\" target=\"_blank\" rel=\"noopener\">DESCARGAR<\/a><\/p>\n<\/div>\n<p>[\/et_pb_tab][et_pb_tab title=\u00bbESO\u00bb _builder_version=\u00bb4.27.4&#8243; _module_preset=\u00bbdefault\u00bb global_colors_info=\u00bb{}\u00bb]<\/p>\n<div id=\"tab-165bec5bd8f514a1ce1\" class=\"tab-pane fade fusion-clearfix active in\">\n<p><strong>* 1r. ESO<\/strong><br \/>\n&gt;&gt;&gt; \u00a0Listado de libros de texto para el curso 2025-2026\u2026\u2026\u2026\u2026\u2026\u2026\u2026.<a href=\"https:\/\/educem.com\/wp-content\/uploads\/2025\/06\/Llibres-text-25-26-1ESO.pdf\" target=\"_blank\" rel=\"noopener\">DESCARGAR<\/a><\/p>\n<p><strong>* 2n. ESO<\/strong><br \/>\n&gt;&gt;&gt; \u00a0Listado de libros de texto para el curso 2025-2026\u2026\u2026\u2026\u2026\u2026\u2026\u2026.<a href=\"https:\/\/educem.com\/wp-content\/uploads\/2025\/06\/Llibres-text-25-26-2ESO.pdf\" target=\"_blank\" rel=\"noopener\">DESCARGAR<\/a><\/p>\n<p><strong>* 3r. ESO<\/strong><br \/>\n&gt;&gt;&gt; \u00a0Listado de libros de texto para el curso 2025-2026\u2026\u2026\u2026\u2026\u2026\u2026\u2026.<a href=\"https:\/\/educem.com\/wp-content\/uploads\/2025\/06\/Llibres-text-25-26-3ESO.pdf\" target=\"_blank\" rel=\"noopener\">DESCARGAR<\/a><\/p>\n<p><strong>* 4rt. ESO<\/strong><br \/>\n&gt;&gt;&gt; \u00a0Listado de libros de texto para el curso 2025-2026\u2026\u2026\u2026\u2026\u2026\u2026\u2026.<a href=\"https:\/\/educem.com\/wp-content\/uploads\/2025\/06\/Llibres-text-25-26-4ESO.pdf\" target=\"_blank\" rel=\"noopener\">DESCARGAR<\/a><\/p>\n<\/div>\n<p>[\/et_pb_tab][et_pb_tab title=\u00bbBachillerato\u00bb _builder_version=\u00bb4.27.4&#8243; _module_preset=\u00bbdefault\u00bb global_colors_info=\u00bb{}\u00bb]<\/p>\n<div id=\"tab-311f4a7ea57e2d8d344\" class=\"tab-pane fade fusion-clearfix active in\">\n<p><strong>* 1r. Bachillerato<\/strong><br \/>\n&gt;&gt;&gt; \u00a0Listado de libros de texto para el curso 2025-2026\u2026\u2026\u2026\u2026\u2026\u2026\u2026\u2026\u2026\u2026\u2026<a href=\"https:\/\/educem.com\/wp-content\/uploads\/2025\/06\/Llista-de-LLibres-de-Text-1r-BATXILLERAT-2025-2026.pdf\" target=\"_blank\" rel=\"noopener\">DESCARGAR<\/a><\/p>\n<p><strong>* 2n. Bachillerato<\/strong><br \/>\n&gt;&gt;&gt; \u00a0Listado de libros de texto para el curso 2025-2026\u2026\u2026\u2026\u2026\u2026\u2026\u2026\u2026\u2026\u2026\u2026<a href=\"https:\/\/educem.com\/wp-content\/uploads\/2025\/06\/Llista-de-LLibres-de-Text-2n-BATXILLERAT-2025-2026.pdf\" target=\"_blank\" rel=\"noopener\">DESCARGAR<\/a><\/p>\n<\/div>\n<p>[\/et_pb_tab][et_pb_tab title=\u00bbC. Formativos\u00bb _builder_version=\u00bb4.27.4&#8243; _module_preset=\u00bbdefault\u00bb global_colors_info=\u00bb{}\u00bb]&gt;&gt;&gt; \u00a0<strong>Listado de libros de texto de CIclo formativo de grado MEDIO para el curso 2025-2026<\/strong>\u2026\u2026\u2026\u2026\u2026\u2026\u2026\u2026\u2026\u2026\u2026<a href=\"https:\/\/educem.com\/wp-content\/uploads\/2025\/06\/LLIBRES-CFGM-25-26.pdf.pdf\" target=\"_blank\" rel=\"noopener noreferrer\">DESCARGAR <\/a><\/p>\n<p>&gt;&gt;&gt; \u00a0<strong>Listado de libros de texto de CIclo formativo de grado SUPERIOR para el curso 2025-2026<\/strong>\u2026\u2026\u2026\u2026\u2026\u2026\u2026&#8230;\u2026<a href=\"https:\/\/educem.com\/wp-content\/uploads\/2025\/06\/LLIBRES-CFGS-25-26.pdf\" target=\"_blank\" rel=\"noopener noreferrer\">DESCARGAR <\/a>[\/et_pb_tab][et_pb_tab title=\u00bbEscuela de adultos\u00bb _builder_version=\u00bb4.27.4&#8243; _module_preset=\u00bbdefault\u00bb global_colors_info=\u00bb{}\u00bb]<\/p>\n<p>&gt;&gt;&gt; \u00a0<strong>Listado de libros de texto de GES, GES II para el curso 2025-2026<\/strong>\u2026\u2026\u2026\u2026\u2026\u2026&#8230;\u2026<a href=\"https:\/\/educem.com\/wp-content\/uploads\/2025\/06\/GES-GES-II.pdf\" target=\"_blank\" rel=\"noopener\">DESCARGAR<\/a><\/p>\n<p>&gt;&gt;&gt; \u00a0<strong>Listado de libros de texto de PPAS para el curso 2025-2026<\/strong>\u2026\u2026\u2026\u2026\u2026\u2026&#8230;\u2026<a href=\"https:\/\/educem.com\/wp-content\/uploads\/2025\/06\/PPAS.pdf\" target=\"_blank\" rel=\"noopener\">DESCARGAR<\/a><\/p>\n<p>[\/et_pb_tab][\/et_pb_tabs][\/et_pb_column][\/et_pb_row][\/et_pb_section]<\/p>\n","protected":false},"excerpt":{"rendered":"<p>Curso 2025 &#8211; 2026Informaci\u00f3n sobre libros de textoAqu\u00ed encontrar\u00e9is archivos descargables con las referencias de los libros de texto de cada etapa educativa. En caso de necesitar alguna informaci\u00f3n adicional, contactad con el centro de educaci\u00f3n primaria (pesta\u00f1a \u00abCONTACTO\u00bb del men\u00fa principal). * I-3 &gt;&gt;&gt; \u00a0Listado de libros de texto para el curso 2025-2026\u2026\u2026\u2026\u2026\u2026\u2026\u2026.DESCARGAR * [&hellip;]<\/p>\n","protected":false},"author":1,"featured_media":0,"parent":0,"menu_order":0,"comment_status":"closed","ping_status":"closed","template":"","meta":{"_et_pb_use_builder":"on","_et_pb_old_content":"","_et_gb_content_width":"","footnotes":""},"class_list":["post-1512","page","type-page","status-publish","hentry"],"yoast_head":"<!-- This site is optimized with the Yoast SEO plugin v27.4 - https:\/\/yoast.com\/product\/yoast-seo-wordpress\/ -->\n<title>Libros de texto - Centres Educem<\/title>\n<meta name=\"robots\" content=\"index, follow, max-snippet:-1, max-image-preview:large, max-video-preview:-1\" \/>\n<link rel=\"canonical\" href=\"https:\/\/educem.com\/es\/libros-de-texto\/\" \/>\n<meta property=\"og:locale\" content=\"es_ES\" \/>\n<meta property=\"og:type\" content=\"article\" \/>\n<meta property=\"og:title\" content=\"Libros de texto - Centres Educem\" \/>\n<meta property=\"og:description\" content=\"Curso 2025 - 2026Informaci\u00f3n sobre libros de textoAqu\u00ed encontrar\u00e9is archivos descargables con las referencias de los libros de texto de cada etapa educativa. En caso de necesitar alguna informaci\u00f3n adicional, contactad con el centro de educaci\u00f3n primaria (pesta\u00f1a &quot;CONTACTO&quot; del men\u00fa principal). * I-3 &gt;&gt;&gt; \u00a0Listado de libros de texto para el curso 2025-2026\u2026\u2026\u2026\u2026\u2026\u2026\u2026.DESCARGAR * [&hellip;]\" \/>\n<meta property=\"og:url\" content=\"https:\/\/educem.com\/es\/libros-de-texto\/\" \/>\n<meta property=\"og:site_name\" content=\"Centres Educem\" \/>\n<meta property=\"article:publisher\" content=\"https:\/\/ca-es.facebook.com\/educemcentresdensenyament\/\" \/>\n<meta property=\"article:modified_time\" content=\"2025-06-25T06:19:23+00:00\" \/>\n<meta property=\"og:image\" content=\"https:\/\/educem.com\/wp-content\/uploads\/2023\/09\/img_edifici_home.jpg\" \/>\n\t<meta property=\"og:image:width\" content=\"1925\" \/>\n\t<meta property=\"og:image:height\" content=\"859\" \/>\n\t<meta property=\"og:image:type\" content=\"image\/jpeg\" \/>\n<meta name=\"twitter:card\" content=\"summary_large_image\" \/>\n<meta name=\"twitter:site\" content=\"@EducemGran\" \/>\n<script type=\"application\/ld+json\" class=\"yoast-schema-graph\">{\"@context\":\"https:\\\/\\\/schema.org\",\"@graph\":[{\"@type\":\"WebPage\",\"@id\":\"https:\\\/\\\/educem.com\\\/es\\\/libros-de-texto\\\/\",\"url\":\"https:\\\/\\\/educem.com\\\/es\\\/libros-de-texto\\\/\",\"name\":\"Libros de texto - Centres Educem\",\"isPartOf\":{\"@id\":\"https:\\\/\\\/educem.com\\\/#website\"},\"datePublished\":\"2023-10-23T10:05:19+00:00\",\"dateModified\":\"2025-06-25T06:19:23+00:00\",\"breadcrumb\":{\"@id\":\"https:\\\/\\\/educem.com\\\/es\\\/libros-de-texto\\\/#breadcrumb\"},\"inLanguage\":\"es\",\"potentialAction\":[{\"@type\":\"ReadAction\",\"target\":[\"https:\\\/\\\/educem.com\\\/es\\\/libros-de-texto\\\/\"]}]},{\"@type\":\"BreadcrumbList\",\"@id\":\"https:\\\/\\\/educem.com\\\/es\\\/libros-de-texto\\\/#breadcrumb\",\"itemListElement\":[{\"@type\":\"ListItem\",\"position\":1,\"name\":\"Portada\",\"item\":\"https:\\\/\\\/educem.com\\\/es\\\/\"},{\"@type\":\"ListItem\",\"position\":2,\"name\":\"Libros de texto\"}]},{\"@type\":\"WebSite\",\"@id\":\"https:\\\/\\\/educem.com\\\/#website\",\"url\":\"https:\\\/\\\/educem.com\\\/\",\"name\":\"Centres Educem\",\"description\":\"Oferta formativa\",\"publisher\":{\"@id\":\"https:\\\/\\\/educem.com\\\/#organization\"},\"potentialAction\":[{\"@type\":\"SearchAction\",\"target\":{\"@type\":\"EntryPoint\",\"urlTemplate\":\"https:\\\/\\\/educem.com\\\/?s={search_term_string}\"},\"query-input\":{\"@type\":\"PropertyValueSpecification\",\"valueRequired\":true,\"valueName\":\"search_term_string\"}}],\"inLanguage\":\"es\"},{\"@type\":\"Organization\",\"@id\":\"https:\\\/\\\/educem.com\\\/#organization\",\"name\":\"Educem\",\"url\":\"https:\\\/\\\/educem.com\\\/\",\"logo\":{\"@type\":\"ImageObject\",\"inLanguage\":\"es\",\"@id\":\"https:\\\/\\\/educem.com\\\/#\\\/schema\\\/logo\\\/image\\\/\",\"url\":\"https:\\\/\\\/educem.com\\\/wp-content\\\/uploads\\\/2023\\\/06\\\/logo_educem_menu.png\",\"contentUrl\":\"https:\\\/\\\/educem.com\\\/wp-content\\\/uploads\\\/2023\\\/06\\\/logo_educem_menu.png\",\"width\":150,\"height\":49,\"caption\":\"Educem\"},\"image\":{\"@id\":\"https:\\\/\\\/educem.com\\\/#\\\/schema\\\/logo\\\/image\\\/\"},\"sameAs\":[\"https:\\\/\\\/ca-es.facebook.com\\\/educemcentresdensenyament\\\/\",\"https:\\\/\\\/x.com\\\/EducemGran\",\"https:\\\/\\\/www.instagram.com\\\/educem_granollers\\\/\",\"https:\\\/\\\/www.linkedin.com\\\/company\\\/escola-educem\"]}]}<\/script>\n<!-- \/ Yoast SEO plugin. -->","yoast_head_json":{"title":"Libros de texto - Centres Educem","robots":{"index":"index","follow":"follow","max-snippet":"max-snippet:-1","max-image-preview":"max-image-preview:large","max-video-preview":"max-video-preview:-1"},"canonical":"https:\/\/educem.com\/es\/libros-de-texto\/","og_locale":"es_ES","og_type":"article","og_title":"Libros de texto - Centres Educem","og_description":"Curso 2025 - 2026Informaci\u00f3n sobre libros de textoAqu\u00ed encontrar\u00e9is archivos descargables con las referencias de los libros de texto de cada etapa educativa. En caso de necesitar alguna informaci\u00f3n adicional, contactad con el centro de educaci\u00f3n primaria (pesta\u00f1a \"CONTACTO\" del men\u00fa principal). * I-3 &gt;&gt;&gt; \u00a0Listado de libros de texto para el curso 2025-2026\u2026\u2026\u2026\u2026\u2026\u2026\u2026.DESCARGAR * [&hellip;]","og_url":"https:\/\/educem.com\/es\/libros-de-texto\/","og_site_name":"Centres Educem","article_publisher":"https:\/\/ca-es.facebook.com\/educemcentresdensenyament\/","article_modified_time":"2025-06-25T06:19:23+00:00","og_image":[{"width":1925,"height":859,"url":"https:\/\/educem.com\/wp-content\/uploads\/2023\/09\/img_edifici_home.jpg","type":"image\/jpeg"}],"twitter_card":"summary_large_image","twitter_site":"@EducemGran","schema":{"@context":"https:\/\/schema.org","@graph":[{"@type":"WebPage","@id":"https:\/\/educem.com\/es\/libros-de-texto\/","url":"https:\/\/educem.com\/es\/libros-de-texto\/","name":"Libros de texto - Centres Educem","isPartOf":{"@id":"https:\/\/educem.com\/#website"},"datePublished":"2023-10-23T10:05:19+00:00","dateModified":"2025-06-25T06:19:23+00:00","breadcrumb":{"@id":"https:\/\/educem.com\/es\/libros-de-texto\/#breadcrumb"},"inLanguage":"es","potentialAction":[{"@type":"ReadAction","target":["https:\/\/educem.com\/es\/libros-de-texto\/"]}]},{"@type":"BreadcrumbList","@id":"https:\/\/educem.com\/es\/libros-de-texto\/#breadcrumb","itemListElement":[{"@type":"ListItem","position":1,"name":"Portada","item":"https:\/\/educem.com\/es\/"},{"@type":"ListItem","position":2,"name":"Libros de texto"}]},{"@type":"WebSite","@id":"https:\/\/educem.com\/#website","url":"https:\/\/educem.com\/","name":"Centres Educem","description":"Oferta formativa","publisher":{"@id":"https:\/\/educem.com\/#organization"},"potentialAction":[{"@type":"SearchAction","target":{"@type":"EntryPoint","urlTemplate":"https:\/\/educem.com\/?s={search_term_string}"},"query-input":{"@type":"PropertyValueSpecification","valueRequired":true,"valueName":"search_term_string"}}],"inLanguage":"es"},{"@type":"Organization","@id":"https:\/\/educem.com\/#organization","name":"Educem","url":"https:\/\/educem.com\/","logo":{"@type":"ImageObject","inLanguage":"es","@id":"https:\/\/educem.com\/#\/schema\/logo\/image\/","url":"https:\/\/educem.com\/wp-content\/uploads\/2023\/06\/logo_educem_menu.png","contentUrl":"https:\/\/educem.com\/wp-content\/uploads\/2023\/06\/logo_educem_menu.png","width":150,"height":49,"caption":"Educem"},"image":{"@id":"https:\/\/educem.com\/#\/schema\/logo\/image\/"},"sameAs":["https:\/\/ca-es.facebook.com\/educemcentresdensenyament\/","https:\/\/x.com\/EducemGran","https:\/\/www.instagram.com\/educem_granollers\/","https:\/\/www.linkedin.com\/company\/escola-educem"]}]}},"_links":{"self":[{"href":"https:\/\/educem.com\/es\/wp-json\/wp\/v2\/pages\/1512","targetHints":{"allow":["GET"]}}],"collection":[{"href":"https:\/\/educem.com\/es\/wp-json\/wp\/v2\/pages"}],"about":[{"href":"https:\/\/educem.com\/es\/wp-json\/wp\/v2\/types\/page"}],"author":[{"embeddable":true,"href":"https:\/\/educem.com\/es\/wp-json\/wp\/v2\/users\/1"}],"replies":[{"embeddable":true,"href":"https:\/\/educem.com\/es\/wp-json\/wp\/v2\/comments?post=1512"}],"version-history":[{"count":25,"href":"https:\/\/educem.com\/es\/wp-json\/wp\/v2\/pages\/1512\/revisions"}],"predecessor-version":[{"id":7620,"href":"https:\/\/educem.com\/es\/wp-json\/wp\/v2\/pages\/1512\/revisions\/7620"}],"wp:attachment":[{"href":"https:\/\/educem.com\/es\/wp-json\/wp\/v2\/media?parent=1512"}],"curies":[{"name":"wp","href":"https:\/\/api.w.org\/{rel}","templated":true}]}}