{"id":1514,"date":"2023-10-23T10:19:51","date_gmt":"2023-10-23T08:19:51","guid":{"rendered":"https:\/\/educem.com\/documentacion-eso\/"},"modified":"2025-10-02T18:44:35","modified_gmt":"2025-10-02T16:44:35","slug":"documentacion-eso","status":"publish","type":"page","link":"https:\/\/educem.com\/es\/documentacion-eso\/","title":{"rendered":"Documentaci\u00f3n &#8211; ESO"},"content":{"rendered":"<p>[et_pb_section fb_built=\u00bb1&#8243; fullwidth=\u00bbon\u00bb module_id=\u00bbed_cap\u00bb _builder_version=\u00bb4.22.2&#8243; _module_preset=\u00bbdefault\u00bb global_colors_info=\u00bb{}\u00bb][et_pb_fullwidth_header title=\u00bbDocumentaci\u00f3n &#8211; ESO\u00bb background_overlay_color=\u00bbRGBA(255,255,255,0)\u00bb _builder_version=\u00bb4.23.1&#8243; _module_preset=\u00bbdefault\u00bb title_font=\u00bbArial Rounded|||on|||||\u00bb title_text_color=\u00bb#102569&#8243; title_font_size=\u00bb36px\u00bb background_color=\u00bbRGBA(255,255,255,0)\u00bb background_image=\u00bbhttps:\/\/educem.com\/wp-content\/uploads\/2023\/10\/DSF4501-scaled.jpg\u00bb background_position=\u00bbtop_center\u00bb background_vertical_offset=\u00bb15%\u00bb min_height=\u00bb700px\u00bb custom_padding=\u00bb550px||||false|false\u00bb title_font_size_tablet=\u00bb36px\u00bb title_font_size_phone=\u00bb24px\u00bb title_font_size_last_edited=\u00bbon|phone\u00bb global_colors_info=\u00bb{}\u00bb][\/et_pb_fullwidth_header][\/et_pb_section][et_pb_section fb_built=\u00bb1&#8243; _builder_version=\u00bb4.22.2&#8243; _module_preset=\u00bbdefault\u00bb global_colors_info=\u00bb{}\u00bb][et_pb_row _builder_version=\u00bb4.22.2&#8243; _module_preset=\u00bbdefault\u00bb custom_padding=\u00bb|50px||50px|false|true\u00bb global_colors_info=\u00bb{}\u00bb][et_pb_column type=\u00bb4_4&#8243; _builder_version=\u00bb4.22.2&#8243; _module_preset=\u00bbdefault\u00bb global_colors_info=\u00bb{}\u00bb][et_pb_text _builder_version=\u00bb4.27.4&#8243; _module_preset=\u00bbdefault\u00bb text_font=\u00bb|700|||||||\u00bb text_text_color=\u00bbgcid-d809cb4a-3cf6-4a6e-a54c-2245ace4a999&#8243; text_font_size=\u00bb22px\u00bb text_orientation=\u00bbcenter\u00bb custom_padding=\u00bb|50px||50px|false|true\u00bb custom_padding_tablet=\u00bb|50px||50px|false|true\u00bb custom_padding_phone=\u00bb|0px||0px|false|true\u00bb custom_padding_last_edited=\u00bbon|phone\u00bb global_colors_info=\u00bb{%22gcid-d809cb4a-3cf6-4a6e-a54c-2245ace4a999%22:%91%22text_text_color%22%93}\u00bb]<\/p>\n<p>Curso 2025 &#8211; 2026<\/p>\n<p>[\/et_pb_text][\/et_pb_column][\/et_pb_row][\/et_pb_section][et_pb_section fb_built=\u00bb1&#8243; _builder_version=\u00bb4.22.2&#8243; _module_preset=\u00bbdefault\u00bb background_color=\u00bbgcid-09c858cd-8520-4fb5-b2fa-491252a03b0c\u00bb global_colors_info=\u00bb{%22gcid-09c858cd-8520-4fb5-b2fa-491252a03b0c%22:%91%22background_color%22%93}\u00bb][et_pb_row _builder_version=\u00bb4.22.2&#8243; _module_preset=\u00bbdefault\u00bb global_colors_info=\u00bb{}\u00bb][et_pb_column type=\u00bb4_4&#8243; _builder_version=\u00bb4.22.2&#8243; _module_preset=\u00bbdefault\u00bb global_colors_info=\u00bb{}\u00bb][et_pb_text _builder_version=\u00bb4.22.2&#8243; _module_preset=\u00bbdefault\u00bb header_2_font=\u00bbArial Rounded|600||on|||||\u00bb header_2_text_align=\u00bbcenter\u00bb header_2_font_size=\u00bb32px\u00bb global_colors_info=\u00bb{}\u00bb]<\/p>\n<h2>Documentaci\u00f3n ESO<\/h2>\n<p>[\/et_pb_text][\/et_pb_column][\/et_pb_row][et_pb_row _builder_version=\u00bb4.22.2&#8243; _module_preset=\u00bbdefault\u00bb global_colors_info=\u00bb{}\u00bb][et_pb_column type=\u00bb4_4&#8243; _builder_version=\u00bb4.22.2&#8243; _module_preset=\u00bbdefault\u00bb global_colors_info=\u00bb{}\u00bb][et_pb_text _builder_version=\u00bb4.22.2&#8243; _module_preset=\u00bbdefault\u00bb global_colors_info=\u00bb{}\u00bb]<\/p>\n<p>Aqu\u00ed encontrar\u00e9is toda la documentaci\u00f3n referente a esta etapa educativa.<\/p>\n<p>En caso de necesitar alguna informaci\u00f3n adicional, contactar con el centro (pesta\u00f1a \u00abCONTACTO\u00bb del men\u00fa principal).<\/p>\n<p>[\/et_pb_text][\/et_pb_column][\/et_pb_row][\/et_pb_section][et_pb_section fb_built=\u00bb1&#8243; _builder_version=\u00bb4.22.2&#8243; _module_preset=\u00bbdefault\u00bb global_colors_info=\u00bb{}\u00bb][et_pb_row _builder_version=\u00bb4.22.2&#8243; _module_preset=\u00bbdefault\u00bb width_tablet=\u00bb95%\u00bb width_phone=\u00bb95%\u00bb width_last_edited=\u00bbon|tablet\u00bb global_colors_info=\u00bb{}\u00bb][et_pb_column type=\u00bb4_4&#8243; _builder_version=\u00bb4.22.2&#8243; _module_preset=\u00bbdefault\u00bb global_colors_info=\u00bb{}\u00bb][et_pb_tabs _builder_version=\u00bb4.27.4&#8243; _module_preset=\u00bbdefault\u00bb hover_enabled=\u00bb0&#8243; global_colors_info=\u00bb{}\u00bb sticky_enabled=\u00bb0&#8243;][et_pb_tab title=\u00bbNormativa\u00bb _builder_version=\u00bb4.27.4&#8243; _module_preset=\u00bbdefault\u00bb global_colors_info=\u00bb{}\u00bb]<\/p>\n<div class=\"tab-pane fade fusion-clearfix in active\" id=\"tab-de1db137d17eb22316d\">\n<p>* Normativa de la Etapa Obligatoria 2025-26&#8230;. <a href=\"https:\/\/educem.com\/wp-content\/uploads\/2025\/07\/Normativa-curs-25-26-EI-EP-i-ESO.pdf\" target=\"_blank\" rel=\"noopener\">DESCARGAR<\/a><\/p>\n<p>* Calendario Escolar 2025-26 EDUCEM&#8230;. <a href=\"https:\/\/educem.com\/wp-content\/uploads\/2025\/06\/Calendari-Escolar-2025-26.pdf\" target=\"_blank\" rel=\"noopener\">DESCARGAR<\/a><\/p>\n<\/div>\n<p>[\/et_pb_tab][et_pb_tab title=\u00bbDocumentaci\u00f3n\u00bb _builder_version=\u00bb4.27.4&#8243; _module_preset=\u00bbdefault\u00bb global_colors_info=\u00bb{}\u00bb]<\/p>\n<div class=\"tab-pane fade fusion-clearfix active in\" id=\"tab-8d44c9d581428a7cbfe\">\n<p>* Documentaci\u00f3n a entregar al inicio de curso 24-25 por 1\u00ba y 2\u00ba ESO&#8230;&#8230; <a href=\"https:\/\/educem.com\/wp-content\/uploads\/2023\/10\/Autoritzacions-inici-de-curs-1r-i-2n-ESO.pdf\" target=\"_blank\" rel=\"noopener\">DESCARGAR<\/a><\/p>\n<p>* Documentaci\u00f3n a entregar al inicio de curso 24-25 por 3\u00ba y 4\u00ba ESO&#8230;&#8230; <a href=\"https:\/\/educem.com\/wp-content\/uploads\/2023\/10\/Autoritzacions-inici-de-curs-3r-i-4tESO.pdf\" target=\"_blank\" rel=\"noopener\">DESCARGAR<\/a><\/p>\n<p>* Autorizaci\u00f3n salidas Granollers y normativa&#8230;&#8230;&#8230;. <a href=\"https:\/\/educem.com\/wp-content\/uploads\/2023\/10\/Autoritzacio-sortides-per-Granollers-i-normativa.pdf\" target=\"_blank\" rel=\"noopener\">DESCARGAR<\/a><\/p>\n<p>* Autorizaci\u00f3n intervenci\u00f3n DOT, Servicios externos y derivaci\u00f3n a la EAP&#8230;..<a href=\"https:\/\/educem.com\/wp-content\/uploads\/2023\/10\/Autoritzacio-intervencio-DOT-Serveis-externs-i-derivacio-a-lEAP-1.pdf\" target=\"_blank\" rel=\"noopener\"><\/a><\/p>\n<\/div>\n<p>[\/et_pb_tab][et_pb_tab title=\u00bbCirculares\u00bb _builder_version=\u00bb4.26.0&#8243; _module_preset=\u00bbdefault\u00bb global_colors_info=\u00bb{}\u00bb]* Circular Informativa inicio de curso septiembre curso 2024-25&#8230;.. <a href=\"https:\/\/educem.com\/wp-content\/uploads\/2024\/07\/Circular-Juny-pel-curs-2024-25.pdf\" target=\"_blank\" rel=\"noopener\">DESCARGAR<\/a><\/p>\n<p>* Carta de compromiso educativo&#8230;&#8230;&#8230;&#8230;&#8230;&#8230;&#8230;.. <a href=\"https:\/\/educem.com\/wp-content\/uploads\/2024\/07\/Carta-compromis-Educatiu-2024.pdf\" target=\"_blank\" rel=\"noopener\">DESCARGAR<\/a>[\/et_pb_tab][et_pb_tab title=\u00bbSalidas\u00bb _builder_version=\u00bb4.27.4&#8243; _module_preset=\u00bbdefault\u00bb hover_enabled=\u00bb0&#8243; global_colors_info=\u00bb{}\u00bb sticky_enabled=\u00bb0&#8243;]<\/p>\n<p>* Circular Colonias curso 25-26\u2026\u2026\u2026\u2026\u2026\u2026\u2026\u2026\u2026\u2026,,,,,,,,,,,,,,,,,,,,\u2026..<a href=\"https:\/\/educem.com\/wp-content\/uploads\/2025\/09\/Carta-Colonies-ESO-25-26.pdf\" target=\"_blank\" rel=\"noopener\">DESCARGAR<\/a><\/p>\n<p>* Circular 2a carta Colonias curso 25-26\u2026\u2026\u2026\u2026\u2026\u2026\u2026\u2026\u2026\u2026,,,,,,,\u2026..<a href=\"https:\/\/educem.com\/wp-content\/uploads\/2025\/10\/2a-carta-Colonies-2025.pdf\" target=\"_blank\" rel=\"noopener\">DESCARGAR<\/a><\/p>\n<p>* Circular Barri g\u00f2tic 4t curso 25-26\u2026\u2026\u2026\u2026\u2026\u2026\u2026\u2026\u2026\u2026,,,,,,,,,,,,,,\u2026..<a href=\"https:\/\/educem.com\/wp-content\/uploads\/2025\/10\/Barri-gotic-4t.pdf\" target=\"_blank\" rel=\"noopener\">DESCARGAR<\/a><\/p>\n<p>* Circular Salida 1r i 2n ESO 2T curso 25-26\u2026\u2026\u2026\u2026\u2026\u2026\u2026\u2026\u2026\u2026\u2026..<a href=\"#\" target=\"_blank\" rel=\"noopener\">DESCARGAR<\/a><\/p>\n<p>* Circular Salida 3r i 4t ESO 2T curso 25-26\u2026\u2026\u2026\u2026\u2026\u2026\u2026\u2026\u2026\u2026\u2026..<a href=\"#\" target=\"_blank\" rel=\"noopener\">DESCARGAR<\/a><\/p>\n<p>[\/et_pb_tab][et_pb_tab title=\u00bbDoc. M\u00e9dica\u00bb _builder_version=\u00bb4.27.0&#8243; _module_preset=\u00bbdefault\u00bb global_colors_info=\u00bb{}\u00bb]<\/p>\n<div class=\"tab-pane fade fusion-clearfix active in\" id=\"tab-72486b53a0c362d4631\">\n<p>* Ficha m\u00e9dica&#8230;&#8230;&#8230;&#8230;&#8230;&#8230;&#8230;&#8230;&#8230;&#8230;&#8230;&#8230;&#8230;&#8230; <a href=\"https:\/\/educem.com\/wp-content\/uploads\/2024\/08\/Fitxa-medica-EP-i-ESO-1.pdf\" target=\"_blank\" rel=\"noopener\">DESCARGAR<\/a><\/p>\n<p>* Autorizaci\u00f3n medicamentos&#8230;&#8230;&#8230;&#8230;&#8230;&#8230;&#8230;&#8230;&#8230;.. <a href=\"https:\/\/educem.com\/wp-content\/uploads\/2023\/10\/AUTORITZACIO-MEDICAMENT.pdf\" target=\"_blank\" rel=\"noopener\">DESCARGAR<\/a><\/p>\n<\/div>\n<p>[\/et_pb_tab][et_pb_tab title=\u00bbHorarios\u00bb _builder_version=\u00bb4.27.4&#8243; _module_preset=\u00bbdefault\u00bb global_colors_info=\u00bb{}\u00bb]<\/p>\n<div class=\"tab-pane fade fusion-clearfix active in\" id=\"tab-8256fafd717556fb9d5\">\n<p>* Horario 1\u00ba. ESO 2025-26&#8230;&#8230;&#8230; <a href=\"https:\/\/educem.com\/wp-content\/uploads\/2025\/09\/Horari-1r-ESO.pdf\" target=\"_blank\" rel=\"noopener\">DESCARGAR<\/a><\/p>\n<p>* Horario 2\u00ba. ESO 2025-26&#8230;&#8230;&#8230; <a href=\"https:\/\/educem.com\/wp-content\/uploads\/2025\/09\/Horari-2n-ESO.pdf\" target=\"_blank\" rel=\"noopener\">DESCARGAR<\/a><\/p>\n<p>* Horario 3\u00ba. ESO 2025-26&#8230;&#8230;&#8230; <a href=\"https:\/\/educem.com\/wp-content\/uploads\/2025\/09\/Horari-3r-ESO.pdf\" target=\"_blank\" rel=\"noopener\">DESCARGAR<\/a><\/p>\n<p>* Horario 4\u00ba. ESO 2025-26&#8230;&#8230;&#8230; <a href=\"https:\/\/educem.com\/wp-content\/uploads\/2025\/09\/Horari-4t-ESO.pdf\" target=\"_blank\" rel=\"noopener\">DESCARGAR<\/a><\/p>\n<\/div>\n<p>[\/et_pb_tab][et_pb_tab title=\u00bbInternet \/ Im\u00e1genes\u00bb _builder_version=\u00bb4.27.0&#8243; _module_preset=\u00bbdefault\u00bb global_colors_info=\u00bb{}\u00bb]* Autorizaci\u00f3n mayores de 14 a\u00f1os uso internet&#8230;&#8230;&#8230;&#8230;&#8230;.. <a href=\"https:\/\/educem.com\/wp-content\/uploads\/2023\/10\/Autoritzacio-us-internet-majors-14-anys-1.pdf\" target=\"_blank\" rel=\"noopener\">DESCARGAR<\/a><\/p>\n<p>* Autorizaci\u00f3n menores de 14 a\u00f1os uso internet&#8230;&#8230;&#8230;&#8230;&#8230;.. <a href=\"https:\/\/educem.com\/wp-content\/uploads\/2024\/08\/Autoritzacio-us-internet-menors-14-anys-1.pdf\" target=\"_blank\" rel=\"noopener\">DESCARGAR<\/a>[\/et_pb_tab][et_pb_tab title=\u00bbOptativas\u00bb _builder_version=\u00bb4.27.4&#8243; _module_preset=\u00bbdefault\u00bb global_colors_info=\u00bb{}\u00bb]<\/p>\n<div class=\"tab-pane fade fusion-clearfix active in\" id=\"tab-443e60a1973d3d817fb\">\n<p>* Optativas 1\u00ba. ESO 2025-26&#8230;&#8230;.. <a href=\"https:\/\/educem.com\/wp-content\/uploads\/2025\/09\/Optatives-1r-ESO-25-26.pdf\" target=\"_blank\" rel=\"noopener\">DESCARGAR<\/a><\/p>\n<p>* Optativas 2\u00ba. ESO 2025-26&#8230;&#8230;.. <a href=\"https:\/\/educem.com\/wp-content\/uploads\/2025\/09\/Optatives-2n-ESO-25-26.pdf\" target=\"_blank\" rel=\"noopener\">DESCARGAR<\/a><\/p>\n<p>* Optativas 3\u00ba. ESO 2025-26&#8230;&#8230;.. <a href=\"https:\/\/educem.com\/wp-content\/uploads\/2025\/09\/Optatives-3r-ESO-25-26.pdf\" target=\"_blank\" rel=\"noopener\">DESCARGAR<\/a><\/p>\n<p>* Optativas 4\u00ba. ESO 2025-26&#8230;&#8230;.. <a href=\"https:\/\/educem.com\/wp-content\/uploads\/2025\/09\/Optatives-especifiques-4t-ESO-25-26.pdf\" target=\"_blank\" rel=\"noopener\">DESCARGAR<\/a><\/p>\n<\/div>\n<p>[\/et_pb_tab][et_pb_tab title=\u00bbProyectos\u00bb _builder_version=\u00bb4.27.0&#8243; _module_preset=\u00bbdefault\u00bb global_colors_info=\u00bb{}\u00bb]<\/p>\n<div class=\"tab-pane fade fusion-clearfix active in\" id=\"tab-e5eddf25ea3622a16e8\">\n<p>* Proyecto 1\u00ba. ESO 2024-25&#8230;&#8230;&#8230; <a href=\"https:\/\/educem.com\/wp-content\/uploads\/2024\/09\/Projectes-1r-ESO-24-25.pdf\" target=\"_blank\" rel=\"noopener\">DESCARGAR<\/a><\/p>\n<p>* Proyecto 2\u00ba. ESO 2024-25&#8230;&#8230;.. <a href=\"https:\/\/educem.com\/wp-content\/uploads\/2024\/09\/Projectes-2n-ESO-24-25.pdf\" target=\"_blank\" rel=\"noopener\">DESCARGAR<\/a><\/p>\n<p>* Proyecto 3\u00ba. ESO 2024-25&#8230;&#8230;&#8230; <a href=\"https:\/\/educem.com\/wp-content\/uploads\/2024\/09\/Projectes-3r.-ESO-24-25.pdf\" target=\"_blank\" rel=\"noopener\">DESCARGAR<\/a><\/p>\n<p>* Proyecto 4\u00ba. ESO 2024-25&#8230;&#8230;&#8230; <a href=\"https:\/\/educem.com\/wp-content\/uploads\/2024\/09\/Projectes-4t-ESO-24-25.pdf\" target=\"_blank\" rel=\"noopener\">DESCARGAR<\/a><\/p>\n<\/div>\n<p>[\/et_pb_tab][\/et_pb_tabs][\/et_pb_column][\/et_pb_row][\/et_pb_section]<\/p>\n","protected":false},"excerpt":{"rendered":"<p>Curso 2025 &#8211; 2026Documentaci\u00f3n ESOAqu\u00ed encontrar\u00e9is toda la documentaci\u00f3n referente a esta etapa educativa. En caso de necesitar alguna informaci\u00f3n adicional, contactar con el centro (pesta\u00f1a \u00abCONTACTO\u00bb del men\u00fa principal). * Normativa de la Etapa Obligatoria 2025-26&#8230;. DESCARGAR * Calendario Escolar 2025-26 EDUCEM&#8230;. DESCARGAR * Documentaci\u00f3n a entregar al inicio de curso 24-25 por 1\u00ba [&hellip;]<\/p>\n","protected":false},"author":1,"featured_media":0,"parent":0,"menu_order":0,"comment_status":"closed","ping_status":"closed","template":"","meta":{"_et_pb_use_builder":"on","_et_pb_old_content":"","_et_gb_content_width":"","footnotes":""},"class_list":["post-1514","page","type-page","status-publish","hentry"],"yoast_head":"<!-- This site is optimized with the Yoast SEO plugin v27.4 - https:\/\/yoast.com\/product\/yoast-seo-wordpress\/ -->\n<title>Documentaci\u00f3n - ESO - Centres Educem<\/title>\n<meta name=\"robots\" content=\"index, follow, max-snippet:-1, max-image-preview:large, max-video-preview:-1\" \/>\n<link rel=\"canonical\" href=\"https:\/\/educem.com\/es\/documentacion-eso\/\" \/>\n<meta property=\"og:locale\" content=\"es_ES\" \/>\n<meta property=\"og:type\" content=\"article\" \/>\n<meta property=\"og:title\" content=\"Documentaci\u00f3n - ESO - Centres Educem\" \/>\n<meta property=\"og:description\" content=\"Curso 2025 - 2026Documentaci\u00f3n ESOAqu\u00ed encontrar\u00e9is toda la documentaci\u00f3n referente a esta etapa educativa. En caso de necesitar alguna informaci\u00f3n adicional, contactar con el centro (pesta\u00f1a &quot;CONTACTO&quot; del men\u00fa principal). * Normativa de la Etapa Obligatoria 2025-26.... DESCARGAR * Calendario Escolar 2025-26 EDUCEM.... DESCARGAR * Documentaci\u00f3n a entregar al inicio de curso 24-25 por 1\u00ba [&hellip;]\" \/>\n<meta property=\"og:url\" content=\"https:\/\/educem.com\/es\/documentacion-eso\/\" \/>\n<meta property=\"og:site_name\" content=\"Centres Educem\" \/>\n<meta property=\"article:publisher\" content=\"https:\/\/ca-es.facebook.com\/educemcentresdensenyament\/\" \/>\n<meta property=\"article:modified_time\" content=\"2025-10-02T16:44:35+00:00\" \/>\n<meta property=\"og:image\" content=\"https:\/\/educem.com\/wp-content\/uploads\/2023\/09\/img_edifici_home.jpg\" \/>\n\t<meta property=\"og:image:width\" content=\"1925\" \/>\n\t<meta property=\"og:image:height\" content=\"859\" \/>\n\t<meta property=\"og:image:type\" content=\"image\/jpeg\" \/>\n<meta name=\"twitter:card\" content=\"summary_large_image\" \/>\n<meta name=\"twitter:site\" content=\"@EducemGran\" \/>\n<script type=\"application\/ld+json\" class=\"yoast-schema-graph\">{\"@context\":\"https:\\\/\\\/schema.org\",\"@graph\":[{\"@type\":\"WebPage\",\"@id\":\"https:\\\/\\\/educem.com\\\/es\\\/documentacion-eso\\\/\",\"url\":\"https:\\\/\\\/educem.com\\\/es\\\/documentacion-eso\\\/\",\"name\":\"Documentaci\u00f3n - ESO - Centres Educem\",\"isPartOf\":{\"@id\":\"https:\\\/\\\/educem.com\\\/#website\"},\"datePublished\":\"2023-10-23T08:19:51+00:00\",\"dateModified\":\"2025-10-02T16:44:35+00:00\",\"breadcrumb\":{\"@id\":\"https:\\\/\\\/educem.com\\\/es\\\/documentacion-eso\\\/#breadcrumb\"},\"inLanguage\":\"es\",\"potentialAction\":[{\"@type\":\"ReadAction\",\"target\":[\"https:\\\/\\\/educem.com\\\/es\\\/documentacion-eso\\\/\"]}]},{\"@type\":\"BreadcrumbList\",\"@id\":\"https:\\\/\\\/educem.com\\\/es\\\/documentacion-eso\\\/#breadcrumb\",\"itemListElement\":[{\"@type\":\"ListItem\",\"position\":1,\"name\":\"Portada\",\"item\":\"https:\\\/\\\/educem.com\\\/es\\\/\"},{\"@type\":\"ListItem\",\"position\":2,\"name\":\"Documentaci\u00f3n &#8211; ESO\"}]},{\"@type\":\"WebSite\",\"@id\":\"https:\\\/\\\/educem.com\\\/#website\",\"url\":\"https:\\\/\\\/educem.com\\\/\",\"name\":\"Centres Educem\",\"description\":\"Oferta formativa\",\"publisher\":{\"@id\":\"https:\\\/\\\/educem.com\\\/#organization\"},\"potentialAction\":[{\"@type\":\"SearchAction\",\"target\":{\"@type\":\"EntryPoint\",\"urlTemplate\":\"https:\\\/\\\/educem.com\\\/?s={search_term_string}\"},\"query-input\":{\"@type\":\"PropertyValueSpecification\",\"valueRequired\":true,\"valueName\":\"search_term_string\"}}],\"inLanguage\":\"es\"},{\"@type\":\"Organization\",\"@id\":\"https:\\\/\\\/educem.com\\\/#organization\",\"name\":\"Educem\",\"url\":\"https:\\\/\\\/educem.com\\\/\",\"logo\":{\"@type\":\"ImageObject\",\"inLanguage\":\"es\",\"@id\":\"https:\\\/\\\/educem.com\\\/#\\\/schema\\\/logo\\\/image\\\/\",\"url\":\"https:\\\/\\\/educem.com\\\/wp-content\\\/uploads\\\/2023\\\/06\\\/logo_educem_menu.png\",\"contentUrl\":\"https:\\\/\\\/educem.com\\\/wp-content\\\/uploads\\\/2023\\\/06\\\/logo_educem_menu.png\",\"width\":150,\"height\":49,\"caption\":\"Educem\"},\"image\":{\"@id\":\"https:\\\/\\\/educem.com\\\/#\\\/schema\\\/logo\\\/image\\\/\"},\"sameAs\":[\"https:\\\/\\\/ca-es.facebook.com\\\/educemcentresdensenyament\\\/\",\"https:\\\/\\\/x.com\\\/EducemGran\",\"https:\\\/\\\/www.instagram.com\\\/educem_granollers\\\/\",\"https:\\\/\\\/www.linkedin.com\\\/company\\\/escola-educem\"]}]}<\/script>\n<!-- \/ Yoast SEO plugin. -->","yoast_head_json":{"title":"Documentaci\u00f3n - ESO - Centres Educem","robots":{"index":"index","follow":"follow","max-snippet":"max-snippet:-1","max-image-preview":"max-image-preview:large","max-video-preview":"max-video-preview:-1"},"canonical":"https:\/\/educem.com\/es\/documentacion-eso\/","og_locale":"es_ES","og_type":"article","og_title":"Documentaci\u00f3n - ESO - Centres Educem","og_description":"Curso 2025 - 2026Documentaci\u00f3n ESOAqu\u00ed encontrar\u00e9is toda la documentaci\u00f3n referente a esta etapa educativa. En caso de necesitar alguna informaci\u00f3n adicional, contactar con el centro (pesta\u00f1a \"CONTACTO\" del men\u00fa principal). * Normativa de la Etapa Obligatoria 2025-26.... DESCARGAR * Calendario Escolar 2025-26 EDUCEM.... DESCARGAR * Documentaci\u00f3n a entregar al inicio de curso 24-25 por 1\u00ba [&hellip;]","og_url":"https:\/\/educem.com\/es\/documentacion-eso\/","og_site_name":"Centres Educem","article_publisher":"https:\/\/ca-es.facebook.com\/educemcentresdensenyament\/","article_modified_time":"2025-10-02T16:44:35+00:00","og_image":[{"width":1925,"height":859,"url":"https:\/\/educem.com\/wp-content\/uploads\/2023\/09\/img_edifici_home.jpg","type":"image\/jpeg"}],"twitter_card":"summary_large_image","twitter_site":"@EducemGran","schema":{"@context":"https:\/\/schema.org","@graph":[{"@type":"WebPage","@id":"https:\/\/educem.com\/es\/documentacion-eso\/","url":"https:\/\/educem.com\/es\/documentacion-eso\/","name":"Documentaci\u00f3n - ESO - Centres Educem","isPartOf":{"@id":"https:\/\/educem.com\/#website"},"datePublished":"2023-10-23T08:19:51+00:00","dateModified":"2025-10-02T16:44:35+00:00","breadcrumb":{"@id":"https:\/\/educem.com\/es\/documentacion-eso\/#breadcrumb"},"inLanguage":"es","potentialAction":[{"@type":"ReadAction","target":["https:\/\/educem.com\/es\/documentacion-eso\/"]}]},{"@type":"BreadcrumbList","@id":"https:\/\/educem.com\/es\/documentacion-eso\/#breadcrumb","itemListElement":[{"@type":"ListItem","position":1,"name":"Portada","item":"https:\/\/educem.com\/es\/"},{"@type":"ListItem","position":2,"name":"Documentaci\u00f3n &#8211; ESO"}]},{"@type":"WebSite","@id":"https:\/\/educem.com\/#website","url":"https:\/\/educem.com\/","name":"Centres Educem","description":"Oferta formativa","publisher":{"@id":"https:\/\/educem.com\/#organization"},"potentialAction":[{"@type":"SearchAction","target":{"@type":"EntryPoint","urlTemplate":"https:\/\/educem.com\/?s={search_term_string}"},"query-input":{"@type":"PropertyValueSpecification","valueRequired":true,"valueName":"search_term_string"}}],"inLanguage":"es"},{"@type":"Organization","@id":"https:\/\/educem.com\/#organization","name":"Educem","url":"https:\/\/educem.com\/","logo":{"@type":"ImageObject","inLanguage":"es","@id":"https:\/\/educem.com\/#\/schema\/logo\/image\/","url":"https:\/\/educem.com\/wp-content\/uploads\/2023\/06\/logo_educem_menu.png","contentUrl":"https:\/\/educem.com\/wp-content\/uploads\/2023\/06\/logo_educem_menu.png","width":150,"height":49,"caption":"Educem"},"image":{"@id":"https:\/\/educem.com\/#\/schema\/logo\/image\/"},"sameAs":["https:\/\/ca-es.facebook.com\/educemcentresdensenyament\/","https:\/\/x.com\/EducemGran","https:\/\/www.instagram.com\/educem_granollers\/","https:\/\/www.linkedin.com\/company\/escola-educem"]}]}},"_links":{"self":[{"href":"https:\/\/educem.com\/es\/wp-json\/wp\/v2\/pages\/1514","targetHints":{"allow":["GET"]}}],"collection":[{"href":"https:\/\/educem.com\/es\/wp-json\/wp\/v2\/pages"}],"about":[{"href":"https:\/\/educem.com\/es\/wp-json\/wp\/v2\/types\/page"}],"author":[{"embeddable":true,"href":"https:\/\/educem.com\/es\/wp-json\/wp\/v2\/users\/1"}],"replies":[{"embeddable":true,"href":"https:\/\/educem.com\/es\/wp-json\/wp\/v2\/comments?post=1514"}],"version-history":[{"count":26,"href":"https:\/\/educem.com\/es\/wp-json\/wp\/v2\/pages\/1514\/revisions"}],"predecessor-version":[{"id":8102,"href":"https:\/\/educem.com\/es\/wp-json\/wp\/v2\/pages\/1514\/revisions\/8102"}],"wp:attachment":[{"href":"https:\/\/educem.com\/es\/wp-json\/wp\/v2\/media?parent=1514"}],"curies":[{"name":"wp","href":"https:\/\/api.w.org\/{rel}","templated":true}]}}