{"id":1592,"date":"2023-10-19T15:09:42","date_gmt":"2023-10-19T13:09:42","guid":{"rendered":"https:\/\/educem.com\/defensa-de-los-proyectos-cfgs-curso-16-17\/"},"modified":"2024-01-10T09:34:27","modified_gmt":"2024-01-10T08:34:27","slug":"defensa-de-los-proyectos-cfgs-curso-16-17","status":"publish","type":"page","link":"https:\/\/educem.com\/es\/defensa-de-los-proyectos-cfgs-curso-16-17\/","title":{"rendered":"Defensa de los proyectos CFGS Curso 16-17"},"content":{"rendered":"<p>[et_pb_section fb_built=\u00bb1&#8243; fullwidth=\u00bbon\u00bb module_id=\u00bbed_cap\u00bb _builder_version=\u00bb4.22.2&#8243; _module_preset=\u00bbdefault\u00bb global_colors_info=\u00bb{}\u00bb][et_pb_fullwidth_header title=\u00bbDefensa de los proyectos CFGS Curso 16-17&#8243; background_overlay_color=\u00bbRGBA(255,255,255,0)\u00bb _builder_version=\u00bb4.23.1&#8243; _module_preset=\u00bbdefault\u00bb title_font=\u00bbArial Rounded|600||on|||||\u00bb title_text_color=\u00bb#102569&#8243; title_font_size=\u00bb32px\u00bb title_line_height=\u00bb3em\u00bb background_color=\u00bbRGBA(255,255,255,0)\u00bb background_image=\u00bbhttps:\/\/educem.com\/wp-content\/uploads\/2023\/10\/DSF9455-scaled.jpg\u00bb background_position=\u00bbtop_center\u00bb background_vertical_offset=\u00bb0%\u00bb min_height=\u00bb700px\u00bb custom_padding=\u00bb550px||||false|false\u00bb title_font_size_tablet=\u00bb32px\u00bb title_font_size_phone=\u00bb20px\u00bb title_font_size_last_edited=\u00bbon|phone\u00bb global_colors_info=\u00bb{}\u00bb][\/et_pb_fullwidth_header][\/et_pb_section][et_pb_section fb_built=\u00bb1&#8243; _builder_version=\u00bb4.22.2&#8243; _module_preset=\u00bbdefault\u00bb global_colors_info=\u00bb{}\u00bb][et_pb_row _builder_version=\u00bb4.22.2&#8243; _module_preset=\u00bbdefault\u00bb global_colors_info=\u00bb{}\u00bb][et_pb_column type=\u00bb4_4&#8243; _builder_version=\u00bb4.22.2&#8243; _module_preset=\u00bbdefault\u00bb global_colors_info=\u00bb{}\u00bb][et_pb_text _builder_version=\u00bb4.22.2&#8243; _module_preset=\u00bbdefault\u00bb text_font=\u00bbArial Rounded||||||||\u00bb text_font_size=\u00bb22px\u00bb text_orientation=\u00bbcenter\u00bb global_colors_info=\u00bb{}\u00bb]<\/p>\n<p>Desarrollo de aplicaciones multiplataforma<\/p>\n<p>[\/et_pb_text][\/et_pb_column][\/et_pb_row][\/et_pb_section][et_pb_section fb_built=\u00bb1&#8243; _builder_version=\u00bb4.22.2&#8243; _module_preset=\u00bbdefault\u00bb background_color=\u00bbgcid-09c858cd-8520-4fb5-b2fa-491252a03b0c\u00bb global_colors_info=\u00bb{%22gcid-09c858cd-8520-4fb5-b2fa-491252a03b0c%22:%91%22background_color%22%93}\u00bb][et_pb_row _builder_version=\u00bb4.22.2&#8243; _module_preset=\u00bbdefault\u00bb global_colors_info=\u00bb{}\u00bb][et_pb_column type=\u00bb4_4&#8243; _builder_version=\u00bb4.22.2&#8243; _module_preset=\u00bbdefault\u00bb global_colors_info=\u00bb{}\u00bb][et_pb_text _builder_version=\u00bb4.22.2&#8243; _module_preset=\u00bbdefault\u00bb header_font=\u00bb|||on|||||\u00bb header_text_align=\u00bbcenter\u00bb header_2_font=\u00bb|||on|||||\u00bb header_2_text_align=\u00bbcenter\u00bb header_2_font_size=\u00bb32px\u00bb global_colors_info=\u00bb{}\u00bb]<\/p>\n<h2>Un mundo de aventuras<\/h2>\n<p>[\/et_pb_text][\/et_pb_column][\/et_pb_row][et_pb_row column_structure=\u00bb1_3,2_3&#8243; _builder_version=\u00bb4.22.2&#8243; _module_preset=\u00bbdefault\u00bb global_colors_info=\u00bb{}\u00bb][et_pb_column type=\u00bb1_3&#8243; _builder_version=\u00bb4.22.2&#8243; _module_preset=\u00bbdefault\u00bb global_colors_info=\u00bb{}\u00bb][et_pb_image src=\u00bbhttps:\/\/educem.com\/wp-content\/uploads\/2023\/10\/PROJECTE-DAM-GRUP-1-IMG-1.png\u00bb title_text=\u00bbPROYECTO-DAM-GRUPO-1-IMG-1&#8243; _builder_version=\u00bb4.22.2&#8243; _module_preset=\u00bbdefault\u00bb global_colors_info=\u00bb{}\u00bb][\/et_pb_image][\/et_pb_column][et_pb_column type=\u00bb2_3&#8243; _builder_version=\u00bb4.22.2&#8243; _module_preset=\u00bbdefault\u00bb global_colors_info=\u00bb{}\u00bb][et_pb_text _builder_version=\u00bb4.22.2&#8243; _module_preset=\u00bbdefault\u00bb global_colors_info=\u00bb{}\u00bb]Descripci\u00f3n: Sistema de monitorizaci\u00f3n y control dom\u00f3tico para interior y exterior basado en Arduino.<\/p>\n<p>Desarrollo y dificultades: It involves the monitoring of lighting, air quality and security. It is also useful for measuring atmospheric conditions (temperature, atmospheric pressure, humidity and precipitation). The control of lighting is another purpose.<\/p>\n<p>Promotores del negocio: Arantxa Escalera y Rub\u00e9n Arrebola<br \/>\nPagina Web[\/et_pb_text][\/et_pb_column][\/et_pb_row][\/et_pb_section][et_pb_section fb_built=\u00bb1&#8243; _builder_version=\u00bb4.22.2&#8243; _module_preset=\u00bbdefault\u00bb global_colors_info=\u00bb{}\u00bb][et_pb_row _builder_version=\u00bb4.22.2&#8243; _module_preset=\u00bbdefault\u00bb global_colors_info=\u00bb{}\u00bb][et_pb_column type=\u00bb4_4&#8243; _builder_version=\u00bb4.22.2&#8243; _module_preset=\u00bbdefault\u00bb global_colors_info=\u00bb{}\u00bb][et_pb_text _builder_version=\u00bb4.22.2&#8243; _module_preset=\u00bbdefault\u00bb header_2_font=\u00bbArial Rounded|600||on|||||\u00bb header_2_text_align=\u00bbcenter\u00bb header_2_font_size=\u00bb32px\u00bb global_colors_info=\u00bb{}\u00bb]<\/p>\n<h2>Crystal Room<\/h2>\n<p>[\/et_pb_text][\/et_pb_column][\/et_pb_row][et_pb_row column_structure=\u00bb2_3,1_3&#8243; _builder_version=\u00bb4.22.2&#8243; _module_preset=\u00bbdefault\u00bb global_colors_info=\u00bb{}\u00bb][et_pb_column type=\u00bb2_3&#8243; _builder_version=\u00bb4.22.2&#8243; _module_preset=\u00bbdefault\u00bb global_colors_info=\u00bb{}\u00bb][et_pb_text _builder_version=\u00bb4.22.2&#8243; _module_preset=\u00bbdefault\u00bb global_colors_info=\u00bb{}\u00bb]Descripci\u00f3n: Aplicaci\u00f3n web de salas de reuni\u00f3n en l\u00ednea que permite compartir documentos y trabajar conjuntamente.<\/p>\n<p>Desarrollo y dificultades: Crystal Room is a digital platform that offers you the tools to open chat Rooms and manage all your groups. Chat with friends, work with your teammates or enter a public Room and meet new people!<\/p>\n<p>Promotores del negocio: Abraham L\u00f3pez y Gerard C\u00f3rdoba<br \/>\nPagina Web[\/et_pb_text][\/et_pb_column][et_pb_column type=\u00bb1_3&#8243; _builder_version=\u00bb4.22.2&#8243; _module_preset=\u00bbdefault\u00bb global_colors_info=\u00bb{}\u00bb][et_pb_image src=\u00bbhttps:\/\/educem.com\/wp-content\/uploads\/2023\/10\/PROJECTE-DAM-GRUP-2-IMG-1.png\u00bb title_text=\u00bbPROYECTO-DAM-GRUPO-2-IMG-1&#8243; _builder_version=\u00bb4.22.2&#8243; _module_preset=\u00bbdefault\u00bb global_colors_info=\u00bb{}\u00bb][\/et_pb_image][\/et_pb_column][\/et_pb_row][\/et_pb_section][et_pb_section fb_built=\u00bb1&#8243; _builder_version=\u00bb4.22.2&#8243; _module_preset=\u00bbdefault\u00bb background_color=\u00bbgcid-09c858cd-8520-4fb5-b2fa-491252a03b0c\u00bb global_colors_info=\u00bb{%22gcid-09c858cd-8520-4fb5-b2fa-491252a03b0c%22:%91%22background_color%22%93}\u00bb][et_pb_row _builder_version=\u00bb4.22.2&#8243; _module_preset=\u00bbdefault\u00bb global_colors_info=\u00bb{}\u00bb][et_pb_column type=\u00bb4_4&#8243; _builder_version=\u00bb4.22.2&#8243; _module_preset=\u00bbdefault\u00bb global_colors_info=\u00bb{}\u00bb][et_pb_text _builder_version=\u00bb4.22.2&#8243; _module_preset=\u00bbdefault\u00bb header_font=\u00bb|||on|||||\u00bb header_text_align=\u00bbcenter\u00bb header_2_font=\u00bb|||on|||||\u00bb header_2_text_align=\u00bbcenter\u00bb header_2_font_size=\u00bb32px\u00bb global_colors_info=\u00bb{}\u00bb]<\/p>\n<h2>QuickPark<\/h2>\n<p>[\/et_pb_text][\/et_pb_column][\/et_pb_row][et_pb_row column_structure=\u00bb1_3,2_3&#8243; _builder_version=\u00bb4.22.2&#8243; _module_preset=\u00bbdefault\u00bb global_colors_info=\u00bb{}\u00bb][et_pb_column type=\u00bb1_3&#8243; _builder_version=\u00bb4.22.2&#8243; _module_preset=\u00bbdefault\u00bb global_colors_info=\u00bb{}\u00bb][et_pb_image src=\u00bbhttps:\/\/educem.com\/wp-content\/uploads\/2023\/10\/PROJECTE-DAM-GRUP-3-IMG-1.png\u00bb title_text=\u00bbPROYECTO-DAM-GRUPO-3-IMG-1&#8243; _builder_version=\u00bb4.22.2&#8243; _module_preset=\u00bbdefault\u00bb global_colors_info=\u00bb{}\u00bb][\/et_pb_image][\/et_pb_column][et_pb_column type=\u00bb2_3&#8243; _builder_version=\u00bb4.22.2&#8243; _module_preset=\u00bbdefault\u00bb global_colors_info=\u00bb{}\u00bb][et_pb_text _builder_version=\u00bb4.22.2&#8243; _module_preset=\u00bbdefault\u00bb global_colors_info=\u00bb{}\u00bb]Descripci\u00f3n: Gesti\u00f3n de zonas de aparcamiento de pago mediante dispositivos m\u00f3viles.<\/p>\n<p>Desarrollo y dificultades: QuickpaRk, its an Android App that allows users to remotely manage their parking in payment zones without the use of a meter<\/p>\n<p>  QR parking area identification<br \/>\n  Payment Management<br \/>\n  GPS Location<br \/>\n  Parking Surveillance<\/p>\n<p>Promotores del negocio: Jos\u00e9 Antonio Picazos y Alex Garc\u00eda<br \/>\nPagina Web[\/et_pb_text][\/et_pb_column][\/et_pb_row][\/et_pb_section][et_pb_section fb_built=\u00bb1&#8243; _builder_version=\u00bb4.22.2&#8243; _module_preset=\u00bbdefault\u00bb global_colors_info=\u00bb{}\u00bb][et_pb_row _builder_version=\u00bb4.22.2&#8243; _module_preset=\u00bbdefault\u00bb global_colors_info=\u00bb{}\u00bb][et_pb_column type=\u00bb4_4&#8243; _builder_version=\u00bb4.22.2&#8243; _module_preset=\u00bbdefault\u00bb global_colors_info=\u00bb{}\u00bb][et_pb_text _builder_version=\u00bb4.22.2&#8243; _module_preset=\u00bbdefault\u00bb header_2_font=\u00bbArial Rounded|600||on|||||\u00bb header_2_text_align=\u00bbcenter\u00bb header_2_font_size=\u00bb32px\u00bb global_colors_info=\u00bb{}\u00bb]<\/p>\n<h2>KAMS (Kinect Advanced Movement Sensor)<\/h2>\n<p>[\/et_pb_text][\/et_pb_column][\/et_pb_row][et_pb_row column_structure=\u00bb2_3,1_3&#8243; _builder_version=\u00bb4.22.2&#8243; _module_preset=\u00bbdefault\u00bb global_colors_info=\u00bb{}\u00bb][et_pb_column type=\u00bb2_3&#8243; _builder_version=\u00bb4.22.2&#8243; _module_preset=\u00bbdefault\u00bb global_colors_info=\u00bb{}\u00bb][et_pb_text _builder_version=\u00bb4.22.2&#8243; _module_preset=\u00bbdefault\u00bb global_colors_info=\u00bb{}\u00bb]Descripci\u00f3n: Gesti\u00f3n de aplicaciones Windows integrada con el sistema Kinect orientada a personas con dificultades de accesibilidad.<\/p>\n<p>Desarrollo y dificultades: KAMS (Kinect Advanced Motion Sensor) is a software platform dedicated to controlling your computer with the powerful Kinect technology. Its different add-ons provide utility and entertainment to children and adults alike.<\/p>\n<p>Promotores del negocio: Arnau Tarrag\u00f3, Xavi Vidal y Juan Jos\u00e9 Navarro<br \/>\nPagina Web[\/et_pb_text][\/et_pb_column][et_pb_column type=\u00bb1_3&#8243; _builder_version=\u00bb4.22.2&#8243; _module_preset=\u00bbdefault\u00bb global_colors_info=\u00bb{}\u00bb][et_pb_image src=\u00bbhttps:\/\/educem.com\/wp-content\/uploads\/2023\/10\/PROJECTE-DAM-GRUP-4-IMG-1.png\u00bb title_text=\u00bbPROYECTO-DAM-GRUPO-4-IMG-1&#8243; _builder_version=\u00bb4.22.2&#8243; _module_preset=\u00bbdefault\u00bb global_colors_info=\u00bb{}\u00bb][\/et_pb_image][\/et_pb_column][\/et_pb_row][\/et_pb_section][et_pb_section fb_built=\u00bb1&#8243; _builder_version=\u00bb4.22.2&#8243; _module_preset=\u00bbdefault\u00bb background_color=\u00bbgcid-09c858cd-8520-4fb5-b2fa-491252a03b0c\u00bb global_colors_info=\u00bb{%22gcid-09c858cd-8520-4fb5-b2fa-491252a03b0c%22:%91%22background_color%22%93}\u00bb][et_pb_row _builder_version=\u00bb4.22.2&#8243; _module_preset=\u00bbdefault\u00bb global_colors_info=\u00bb{}\u00bb][et_pb_column type=\u00bb4_4&#8243; _builder_version=\u00bb4.22.2&#8243; _module_preset=\u00bbdefault\u00bb global_colors_info=\u00bb{}\u00bb][et_pb_text _builder_version=\u00bb4.22.2&#8243; _module_preset=\u00bbdefault\u00bb header_font=\u00bb|||on|||||\u00bb header_text_align=\u00bbcenter\u00bb header_2_font=\u00bb|||on|||||\u00bb header_2_text_align=\u00bbcenter\u00bb header_2_font_size=\u00bb32px\u00bb global_colors_info=\u00bb{}\u00bb]<\/p>\n<h2>Cappsule<\/h2>\n<p>[\/et_pb_text][\/et_pb_column][\/et_pb_row][et_pb_row column_structure=\u00bb1_3,2_3&#8243; _builder_version=\u00bb4.22.2&#8243; _module_preset=\u00bbdefault\u00bb global_colors_info=\u00bb{}\u00bb][et_pb_column type=\u00bb1_3&#8243; _builder_version=\u00bb4.22.2&#8243; _module_preset=\u00bbdefault\u00bb global_colors_info=\u00bb{}\u00bb][et_pb_image src=\u00bbhttps:\/\/educem.com\/wp-content\/uploads\/2023\/10\/PROJECTE-DAM-GRUP-5-IMG-1.jpg\u00bb title_text=\u00bbPROYECTO-DAM-GRUPO-5-IMG-1&#8243; _builder_version=\u00bb4.22.2&#8243; _module_preset=\u00bbdefault\u00bb global_colors_info=\u00bb{}\u00bb][\/et_pb_image][\/et_pb_column][et_pb_column type=\u00bb2_3&#8243; _builder_version=\u00bb4.22.2&#8243; _module_preset=\u00bbdefault\u00bb global_colors_info=\u00bb{}\u00bb][et_pb_text _builder_version=\u00bb4.22.2&#8243; _module_preset=\u00bbdefault\u00bb global_colors_info=\u00bb{}\u00bb]Descripci\u00f3n: Sistema de apoyo a pacientes para la gesti\u00f3n y control de la administraci\u00f3n de los planes de medicaci\u00f3n.<\/p>\n<p>Desarrollo y dificultades: Cappsule is an Android application for medication management using an alarm system. Cappsule is easy to use and does not require any advanced technological knowledge. You just need a smartphone to enjoy it.<\/p>\n<p>Promotores del negocio: Jordi Gordillo, Marta Heredia y Ra\u00fal Flores[\/et_pb_text][\/et_pb_column][\/et_pb_row][\/et_pb_section][et_pb_section fb_built=\u00bb1&#8243; _builder_version=\u00bb4.22.2&#8243; _module_preset=\u00bbdefault\u00bb global_colors_info=\u00bb{}\u00bb][et_pb_row _builder_version=\u00bb4.22.2&#8243; _module_preset=\u00bbdefault\u00bb global_colors_info=\u00bb{}\u00bb][et_pb_column type=\u00bb4_4&#8243; _builder_version=\u00bb4.22.2&#8243; _module_preset=\u00bbdefault\u00bb global_colors_info=\u00bb{}\u00bb][et_pb_text _builder_version=\u00bb4.22.2&#8243; _module_preset=\u00bbdefault\u00bb header_2_font=\u00bbArial Rounded|600||on|||||\u00bb header_2_text_align=\u00bbcenter\u00bb header_2_font_size=\u00bb32px\u00bb global_colors_info=\u00bb{}\u00bb]<\/p>\n<h2>Hungry Crossing<\/h2>\n<p>[\/et_pb_text][\/et_pb_column][\/et_pb_row][et_pb_row column_structure=\u00bb2_3,1_3&#8243; _builder_version=\u00bb4.22.2&#8243; _module_preset=\u00bbdefault\u00bb global_colors_info=\u00bb{}\u00bb][et_pb_column type=\u00bb2_3&#8243; _builder_version=\u00bb4.22.2&#8243; _module_preset=\u00bbdefault\u00bb global_colors_info=\u00bb{}\u00bb][et_pb_text _builder_version=\u00bb4.22.2&#8243; _module_preset=\u00bbdefault\u00bb global_colors_info=\u00bb{}\u00bb]Descripci\u00f3n: App de localizaci\u00f3n de restaurantes con posibilidad de valorarlos e intercambiar opiniones.<\/p>\n<p>Desarrollo y dificultades: Hungry Crossing is a search engine which uses a series of filters so that you can choose the restaurants that best suit you.<\/p>\n<p>Promotores del negocio: Bernat Farrera, Alejandro Maroto y Carlos Valverde<br \/>\nPagina Web[\/et_pb_text][\/et_pb_column][et_pb_column type=\u00bb1_3&#8243; _builder_version=\u00bb4.22.2&#8243; _module_preset=\u00bbdefault\u00bb global_colors_info=\u00bb{}\u00bb][et_pb_image src=\u00bbhttps:\/\/educem.com\/wp-content\/uploads\/2023\/10\/PROJECTE-DAM-GRUP-6-IMG-1.png\u00bb title_text=\u00bbPROYECTO-DAM-GRUPO-6-IMG-1&#8243; _builder_version=\u00bb4.22.2&#8243; _module_preset=\u00bbdefault\u00bb global_colors_info=\u00bb{}\u00bb][\/et_pb_image][\/et_pb_column][\/et_pb_row][\/et_pb_section]<\/p>\n","protected":false},"excerpt":{"rendered":"<p>Desarrollo de aplicaciones multiplataformaUn mundo de aventurasDescripci\u00f3n: Sistema de monitorizaci\u00f3n y control dom\u00f3tico para interior y exterior basado en Arduino. Desarrollo y dificultades: It involves the monitoring of lighting, air quality and security. It is also useful for measuring atmospheric conditions (temperature, atmospheric pressure, humidity and precipitation). The control of lighting is another purpose. Promotores [&hellip;]<\/p>\n","protected":false},"author":1,"featured_media":0,"parent":0,"menu_order":0,"comment_status":"closed","ping_status":"closed","template":"","meta":{"_et_pb_use_builder":"on","_et_pb_old_content":"","_et_gb_content_width":"","footnotes":""},"class_list":["post-1592","page","type-page","status-publish","hentry"],"yoast_head":"<!-- This site is optimized with the Yoast SEO plugin v27.4 - https:\/\/yoast.com\/product\/yoast-seo-wordpress\/ -->\n<title>Defensa de los proyectos CFGS Curso 16-17 - Centres Educem<\/title>\n<meta name=\"robots\" content=\"index, follow, max-snippet:-1, max-image-preview:large, max-video-preview:-1\" \/>\n<link rel=\"canonical\" href=\"https:\/\/educem.com\/es\/defensa-de-los-proyectos-cfgs-curso-16-17\/\" \/>\n<meta property=\"og:locale\" content=\"es_ES\" \/>\n<meta property=\"og:type\" content=\"article\" \/>\n<meta property=\"og:title\" content=\"Defensa de los proyectos CFGS Curso 16-17 - Centres Educem\" \/>\n<meta property=\"og:description\" content=\"Desarrollo de aplicaciones multiplataformaUn mundo de aventurasDescripci\u00f3n: Sistema de monitorizaci\u00f3n y control dom\u00f3tico para interior y exterior basado en Arduino. Desarrollo y dificultades: It involves the monitoring of lighting, air quality and security. It is also useful for measuring atmospheric conditions (temperature, atmospheric pressure, humidity and precipitation). The control of lighting is another purpose. Promotores [&hellip;]\" \/>\n<meta property=\"og:url\" content=\"https:\/\/educem.com\/es\/defensa-de-los-proyectos-cfgs-curso-16-17\/\" \/>\n<meta property=\"og:site_name\" content=\"Centres Educem\" \/>\n<meta property=\"article:publisher\" content=\"https:\/\/ca-es.facebook.com\/educemcentresdensenyament\/\" \/>\n<meta property=\"article:modified_time\" content=\"2024-01-10T08:34:27+00:00\" \/>\n<meta property=\"og:image\" content=\"https:\/\/educem.com\/wp-content\/uploads\/2023\/09\/img_edifici_home.jpg\" \/>\n\t<meta property=\"og:image:width\" content=\"1925\" \/>\n\t<meta property=\"og:image:height\" content=\"859\" \/>\n\t<meta property=\"og:image:type\" content=\"image\/jpeg\" \/>\n<meta name=\"twitter:card\" content=\"summary_large_image\" \/>\n<meta name=\"twitter:site\" content=\"@EducemGran\" \/>\n<script type=\"application\/ld+json\" class=\"yoast-schema-graph\">{\"@context\":\"https:\\\/\\\/schema.org\",\"@graph\":[{\"@type\":\"WebPage\",\"@id\":\"https:\\\/\\\/educem.com\\\/es\\\/defensa-de-los-proyectos-cfgs-curso-16-17\\\/\",\"url\":\"https:\\\/\\\/educem.com\\\/es\\\/defensa-de-los-proyectos-cfgs-curso-16-17\\\/\",\"name\":\"Defensa de los proyectos CFGS Curso 16-17 - Centres Educem\",\"isPartOf\":{\"@id\":\"https:\\\/\\\/educem.com\\\/#website\"},\"datePublished\":\"2023-10-19T13:09:42+00:00\",\"dateModified\":\"2024-01-10T08:34:27+00:00\",\"breadcrumb\":{\"@id\":\"https:\\\/\\\/educem.com\\\/es\\\/defensa-de-los-proyectos-cfgs-curso-16-17\\\/#breadcrumb\"},\"inLanguage\":\"es\",\"potentialAction\":[{\"@type\":\"ReadAction\",\"target\":[\"https:\\\/\\\/educem.com\\\/es\\\/defensa-de-los-proyectos-cfgs-curso-16-17\\\/\"]}]},{\"@type\":\"BreadcrumbList\",\"@id\":\"https:\\\/\\\/educem.com\\\/es\\\/defensa-de-los-proyectos-cfgs-curso-16-17\\\/#breadcrumb\",\"itemListElement\":[{\"@type\":\"ListItem\",\"position\":1,\"name\":\"Portada\",\"item\":\"https:\\\/\\\/educem.com\\\/es\\\/\"},{\"@type\":\"ListItem\",\"position\":2,\"name\":\"Defensa de los proyectos CFGS Curso 16-17\"}]},{\"@type\":\"WebSite\",\"@id\":\"https:\\\/\\\/educem.com\\\/#website\",\"url\":\"https:\\\/\\\/educem.com\\\/\",\"name\":\"Centres Educem\",\"description\":\"Oferta formativa\",\"publisher\":{\"@id\":\"https:\\\/\\\/educem.com\\\/#organization\"},\"potentialAction\":[{\"@type\":\"SearchAction\",\"target\":{\"@type\":\"EntryPoint\",\"urlTemplate\":\"https:\\\/\\\/educem.com\\\/?s={search_term_string}\"},\"query-input\":{\"@type\":\"PropertyValueSpecification\",\"valueRequired\":true,\"valueName\":\"search_term_string\"}}],\"inLanguage\":\"es\"},{\"@type\":\"Organization\",\"@id\":\"https:\\\/\\\/educem.com\\\/#organization\",\"name\":\"Educem\",\"url\":\"https:\\\/\\\/educem.com\\\/\",\"logo\":{\"@type\":\"ImageObject\",\"inLanguage\":\"es\",\"@id\":\"https:\\\/\\\/educem.com\\\/#\\\/schema\\\/logo\\\/image\\\/\",\"url\":\"https:\\\/\\\/educem.com\\\/wp-content\\\/uploads\\\/2023\\\/06\\\/logo_educem_menu.png\",\"contentUrl\":\"https:\\\/\\\/educem.com\\\/wp-content\\\/uploads\\\/2023\\\/06\\\/logo_educem_menu.png\",\"width\":150,\"height\":49,\"caption\":\"Educem\"},\"image\":{\"@id\":\"https:\\\/\\\/educem.com\\\/#\\\/schema\\\/logo\\\/image\\\/\"},\"sameAs\":[\"https:\\\/\\\/ca-es.facebook.com\\\/educemcentresdensenyament\\\/\",\"https:\\\/\\\/x.com\\\/EducemGran\",\"https:\\\/\\\/www.instagram.com\\\/educem_granollers\\\/\",\"https:\\\/\\\/www.linkedin.com\\\/company\\\/escola-educem\"]}]}<\/script>\n<!-- \/ Yoast SEO plugin. -->","yoast_head_json":{"title":"Defensa de los proyectos CFGS Curso 16-17 - Centres Educem","robots":{"index":"index","follow":"follow","max-snippet":"max-snippet:-1","max-image-preview":"max-image-preview:large","max-video-preview":"max-video-preview:-1"},"canonical":"https:\/\/educem.com\/es\/defensa-de-los-proyectos-cfgs-curso-16-17\/","og_locale":"es_ES","og_type":"article","og_title":"Defensa de los proyectos CFGS Curso 16-17 - Centres Educem","og_description":"Desarrollo de aplicaciones multiplataformaUn mundo de aventurasDescripci\u00f3n: Sistema de monitorizaci\u00f3n y control dom\u00f3tico para interior y exterior basado en Arduino. Desarrollo y dificultades: It involves the monitoring of lighting, air quality and security. It is also useful for measuring atmospheric conditions (temperature, atmospheric pressure, humidity and precipitation). The control of lighting is another purpose. Promotores [&hellip;]","og_url":"https:\/\/educem.com\/es\/defensa-de-los-proyectos-cfgs-curso-16-17\/","og_site_name":"Centres Educem","article_publisher":"https:\/\/ca-es.facebook.com\/educemcentresdensenyament\/","article_modified_time":"2024-01-10T08:34:27+00:00","og_image":[{"width":1925,"height":859,"url":"https:\/\/educem.com\/wp-content\/uploads\/2023\/09\/img_edifici_home.jpg","type":"image\/jpeg"}],"twitter_card":"summary_large_image","twitter_site":"@EducemGran","schema":{"@context":"https:\/\/schema.org","@graph":[{"@type":"WebPage","@id":"https:\/\/educem.com\/es\/defensa-de-los-proyectos-cfgs-curso-16-17\/","url":"https:\/\/educem.com\/es\/defensa-de-los-proyectos-cfgs-curso-16-17\/","name":"Defensa de los proyectos CFGS Curso 16-17 - Centres Educem","isPartOf":{"@id":"https:\/\/educem.com\/#website"},"datePublished":"2023-10-19T13:09:42+00:00","dateModified":"2024-01-10T08:34:27+00:00","breadcrumb":{"@id":"https:\/\/educem.com\/es\/defensa-de-los-proyectos-cfgs-curso-16-17\/#breadcrumb"},"inLanguage":"es","potentialAction":[{"@type":"ReadAction","target":["https:\/\/educem.com\/es\/defensa-de-los-proyectos-cfgs-curso-16-17\/"]}]},{"@type":"BreadcrumbList","@id":"https:\/\/educem.com\/es\/defensa-de-los-proyectos-cfgs-curso-16-17\/#breadcrumb","itemListElement":[{"@type":"ListItem","position":1,"name":"Portada","item":"https:\/\/educem.com\/es\/"},{"@type":"ListItem","position":2,"name":"Defensa de los proyectos CFGS Curso 16-17"}]},{"@type":"WebSite","@id":"https:\/\/educem.com\/#website","url":"https:\/\/educem.com\/","name":"Centres Educem","description":"Oferta formativa","publisher":{"@id":"https:\/\/educem.com\/#organization"},"potentialAction":[{"@type":"SearchAction","target":{"@type":"EntryPoint","urlTemplate":"https:\/\/educem.com\/?s={search_term_string}"},"query-input":{"@type":"PropertyValueSpecification","valueRequired":true,"valueName":"search_term_string"}}],"inLanguage":"es"},{"@type":"Organization","@id":"https:\/\/educem.com\/#organization","name":"Educem","url":"https:\/\/educem.com\/","logo":{"@type":"ImageObject","inLanguage":"es","@id":"https:\/\/educem.com\/#\/schema\/logo\/image\/","url":"https:\/\/educem.com\/wp-content\/uploads\/2023\/06\/logo_educem_menu.png","contentUrl":"https:\/\/educem.com\/wp-content\/uploads\/2023\/06\/logo_educem_menu.png","width":150,"height":49,"caption":"Educem"},"image":{"@id":"https:\/\/educem.com\/#\/schema\/logo\/image\/"},"sameAs":["https:\/\/ca-es.facebook.com\/educemcentresdensenyament\/","https:\/\/x.com\/EducemGran","https:\/\/www.instagram.com\/educem_granollers\/","https:\/\/www.linkedin.com\/company\/escola-educem"]}]}},"_links":{"self":[{"href":"https:\/\/educem.com\/es\/wp-json\/wp\/v2\/pages\/1592","targetHints":{"allow":["GET"]}}],"collection":[{"href":"https:\/\/educem.com\/es\/wp-json\/wp\/v2\/pages"}],"about":[{"href":"https:\/\/educem.com\/es\/wp-json\/wp\/v2\/types\/page"}],"author":[{"embeddable":true,"href":"https:\/\/educem.com\/es\/wp-json\/wp\/v2\/users\/1"}],"replies":[{"embeddable":true,"href":"https:\/\/educem.com\/es\/wp-json\/wp\/v2\/comments?post=1592"}],"version-history":[{"count":3,"href":"https:\/\/educem.com\/es\/wp-json\/wp\/v2\/pages\/1592\/revisions"}],"predecessor-version":[{"id":4923,"href":"https:\/\/educem.com\/es\/wp-json\/wp\/v2\/pages\/1592\/revisions\/4923"}],"wp:attachment":[{"href":"https:\/\/educem.com\/es\/wp-json\/wp\/v2\/media?parent=1592"}],"curies":[{"name":"wp","href":"https:\/\/api.w.org\/{rel}","templated":true}]}}