{"id":1656,"date":"2023-06-27T08:19:53","date_gmt":"2023-06-27T06:19:53","guid":{"rendered":"https:\/\/educem.com\/politica-de-cookies\/"},"modified":"2023-11-21T16:54:07","modified_gmt":"2023-11-21T15:54:07","slug":"politica-de-cookies","status":"publish","type":"page","link":"https:\/\/educem.com\/es\/politica-de-cookies\/","title":{"rendered":"Pol\u00edtica de Cookies"},"content":{"rendered":"<p>[et_pb_section fb_built=\u00bb1&#8243; _builder_version=\u00bb4.16&#8243; global_colors_info=\u00bb{}\u00bb][et_pb_row _builder_version=\u00bb4.16&#8243; background_size=\u00bbinitial\u00bb background_position=\u00bbtop_left\u00bb background_repeat=\u00bbrepeat\u00bb global_colors_info=\u00bb{}\u00bb][et_pb_column type=\u00bb4_4&#8243; _builder_version=\u00bb4.16&#8243; custom_padding=\u00bb|||\u00bb global_colors_info=\u00bb{}\u00bb custom_padding__hover=\u00bb|||\u00bb][et_pb_post_title meta=\u00bboff\u00bb featured_image=\u00bboff\u00bb _builder_version=\u00bb4.22.2&#8243; _module_preset=\u00bbdefault\u00bb title_font=\u00bbArial Rounded||||||||\u00bb title_font_size=\u00bb32px\u00bb global_colors_info=\u00bb{}\u00bb][\/et_pb_post_title][et_pb_text _builder_version=\u00bb4.22.2&#8243; header_2_font=\u00bbArial Rounded||||||||\u00bb background_size=\u00bbinitial\u00bb background_position=\u00bbtop_left\u00bb background_repeat=\u00bbrepeat\u00bb global_colors_info=\u00bb{}\u00bb]<\/p>\n<h2 class=\"wp-block-heading\">INFORMACI\u00d3N SOBRE&nbsp;<em>COOKIES<\/em><\/h2>\n<p>Debido a la entrada en vigor de la referente modificaci\u00f3n de la \u00abLey de Servicios de la Sociedad de la Informaci\u00f3n\u00bb (LSSICE) establecida por el Real Decreto 13\/2012, es obligado obtener el consentimiento expreso del usuario de todas las p\u00e1ginas web que utilizan&nbsp;<em>cookies<\/em>&nbsp;prescindibles, antes de que \u00e9ste navegue por ellas.<\/p>\n<p>[\/et_pb_text][et_pb_text _builder_version=\u00bb4.22.2&#8243; header_2_font=\u00bbArial Rounded||||||||\u00bb background_size=\u00bbinitial\u00bb background_position=\u00bbtop_left\u00bb background_repeat=\u00bbrepeat\u00bb global_colors_info=\u00bb{}\u00bb]<\/p>\n<h2 class=\"wp-block-heading\">\u00bfQU\u00c9 SON LAS&nbsp;<em>COOKIES<\/em>?<\/h2>\n<p>Las&nbsp;<em>cookies<\/em>&nbsp;y otras tecnolog\u00edas similares como local shared objects, flash&nbsp;<em>cookies<\/em>&nbsp;o p\u00edxeles, son herramientas empleadas por los servidores Web para almacenar y recuperar informaci\u00f3n sobre sus visitantes, as\u00ed como para ofrecer un correcto funcionamiento del sitio.<\/p>\n<p>Mediante el uso de estos dispositivos se permite al servidor Web recordar algunos datos referentes al usuario, como los<br \/>preferencias para la visualizaci\u00f3n de las p\u00e1ginas de este servidor, nombre y contrase\u00f1a, productos que m\u00e1s le gustan.<br \/>interesan, etc.<\/p>\n<p>[\/et_pb_text][et_pb_text _builder_version=\u00bb4.22.2&#8243; header_2_font=\u00bbArial Rounded||||||||\u00bb background_size=\u00bbinitial\u00bb background_position=\u00bbtop_left\u00bb background_repeat=\u00bbrepeat\u00bb global_colors_info=\u00bb{}\u00bb]<\/p>\n<h2 class=\"wp-block-heading\"><em>COOKIES<\/em>&nbsp;AFECTADAS POR LA NORMATIVA Y&nbsp;<em>COOKIES<\/em>&nbsp;EXCEPTUADAS<\/h2>\n<p>Seg\u00fan la directiva de la UE, las  <em>cookies<\/em>  que requieren el consentimiento informado por parte del usuario son las  <em>cookies<\/em>  anal\u00edticas y las de publicidad y afiliaci\u00f3n, quedando exceptuadas las de car\u00e1cter t\u00e9cnico y las necesarias para el funcionamiento del sitio web o la prestaci\u00f3n de servicios expresamente solicitados por el usuario.<\/p>\n<p>[\/et_pb_text][et_pb_text _builder_version=\u00bb4.22.2&#8243; header_2_font=\u00bbArial Rounded||||||||\u00bb background_size=\u00bbinitial\u00bb background_position=\u00bbtop_left\u00bb background_repeat=\u00bbrepeat\u00bb global_colors_info=\u00bb{}\u00bb]<\/p>\n<h2 class=\"wp-block-heading\">TIPOS DE&nbsp;<em>COOKIES<\/em><\/h2>\n<h3 class=\"wp-block-heading\">SEG\u00daN LA FINALIDAD<\/h3>\n<ul>\n<li><strong><em>Cookies<\/em>&nbsp;t\u00e9cnicas y funcionales:<\/strong>&nbsp;son las que permiten al usuario navegar a trav\u00e9s de una p\u00e1gina web, plataforma o aplicaci\u00f3n y utilizar las diferentes opciones o servicios que haya.<\/li>\n<li><strong><em>Cookies<\/em>&nbsp;de an\u00e1lisis:<\/strong>&nbsp;son las que permiten al responsable de estas monitorizar y analizar el comportamiento de los usuarios de los sitios web a los que est\u00e1n vinculados. La informaci\u00f3n recogida mediante este tipo de&nbsp;<em>cookies<\/em>&nbsp;se utiliza en la medici\u00f3n de la actividad de los sitios web, aplicaci\u00f3n o plataforma y para elaborar perfiles de navegaci\u00f3n de los usuarios de estos sitios, aplicaciones y plataformas, con el fin de introducir mejoras en funci\u00f3n del an\u00e1lisis de los datos de uso que hacen los usuarios del servicio.<\/li>\n<li><strong><em>Cookies<\/em>&nbsp;publicitarias:<\/strong>&nbsp;son aquellas que permiten gestionar, de la manera m\u00e1s eficaz posible, los espacios publicitarios que, en su caso, el editor haya incluido en una p\u00e1gina web, aplicaci\u00f3n o plataforma desde la que presta el servicio solicitado seg\u00fan criterios como el contenido editado o la frecuencia en que se muestran los anuncios.<\/li>\n<li><strong><em>Cookies<\/em>&nbsp;de publicidad comportamental:<\/strong>&nbsp;recogen informaci\u00f3n sobre las preferencias y elecciones personales del usuario (retargeting) para permitir gestionar, de la manera m\u00e1s eficaz posible, los espacios publicitarios que, en su caso, el editor haya incluido en una p\u00e1gina web, aplicaci\u00f3n o plataforma desde la que presta el servicio solicitado.<\/li>\n<li><strong><em>Cookies<\/em>&nbsp;sociales:<\/strong>&nbsp;son aquellas que han sido instaladas por las plataformas de redes sociales en los servicios para permitiros compartir contenido con vuestros amigos y redes. Las plataformas de medios sociales tienen la capacidad de rastrear vuestra actividad en l\u00ednea fuera de los Servicios. Esto puede afectar al contenido y a los mensajes que veis en otros servicios que visite.<\/li>\n<li><strong><em>Cookies<\/em>&nbsp;de afiliados:<\/strong>&nbsp;permiten hacer un seguimiento de las visitas procedentes de otras webs, con las que el sitio web establece un contrato de afiliaci\u00f3n (empresas de afiliaci\u00f3n).<\/li>\n<li><strong><em>Cookies<\/em>&nbsp;de seguridad:<\/strong>&nbsp; almacenan informaci\u00f3n cifrada para evitar que los datos que se guardan sean vulnerables a ataques maliciosos de terceros.<\/li>\n<\/ul>\n<h3 class=\"wp-block-heading\">SEG\u00daN LA PROPIEDAD<\/h3>\n<ul>\n<li><strong><em>Cookies propias<\/em>&nbsp;:<\/strong>&nbsp;son las que se env\u00edan al equipo terminal del usuario desde un equipo o dominio gestionado por el propio editor y desde el que se proporciona el servicio solicitado por el usuario.<\/li>\n<li><strong><em>Cookies<\/em>&nbsp;de terceros:<\/strong>&nbsp;son las que se env\u00edan al equipo terminal del usuario desde un equipo o dominio que no es gestionado por el editor, sino por otra entidad que trata los datos obtenidos mediante las&nbsp;<em>cookies<\/em>.<\/li>\n<\/ul>\n<h3 class=\"wp-block-heading\">SEG\u00daN EL PLAZO DE CONSERVACI\u00d3N<\/h3>\n<ul>\n<li><strong><em>Cookies<\/em>&nbsp;de sesi\u00f3n:<\/strong>&nbsp;son un tipo de&nbsp;<em>cookies<\/em>&nbsp;dise\u00f1adas para obtener y almacenar datos mientras el usuario<br \/>accede a una p\u00e1gina web.<\/li>\n<li><strong><em>Cookies<\/em>&nbsp;persistentes:<\/strong>&nbsp;son un tipo de&nbsp;<em>cookies<\/em>&nbsp;en que los datos siguen almacenados en el terminal y<br \/>pueden ser accedidas y tratadas durante un periodo definido por el responsable de la cookie, y que durar desde unos 100.000 euros.<br \/>minutos a varios a\u00f1os.<\/li>\n<\/ul>\n<p>[\/et_pb_text][et_pb_text _builder_version=\u00bb4.22.2&#8243; header_2_font=\u00bbArial Rounded||||||||\u00bb background_size=\u00bbinitial\u00bb background_position=\u00bbtop_left\u00bb background_repeat=\u00bbrepeat\u00bb global_colors_info=\u00bb{}\u00bb]<\/p>\n<h2 class=\"wp-block-heading\">TRATAMIENTO DE DATOS PERSONALES<\/h2>\n<p>EDUCEM es el&nbsp;<strong>Responsable del tratamiento<\/strong>&nbsp;de los datos personales de&nbsp;<strong>el Interesado<\/strong>&nbsp;y le informa que estos datos se<br \/>tratar\u00e1n de conformidad con lo establecido en el Reglamento (UE) 2016\/679, de 27 de abril de 2016 (GDPR), por la que se aprueba la Ley 1\/2016, de 27 de abril, por la que se aprueba el Reglamento de la Ley 1\/2016, de 27 de abril de 2016.<br \/>se le facilita la siguiente informaci\u00f3n del tratamiento:<br \/><strong>Finalidades del tratamiento:<\/strong>&nbsp;seg\u00fan se especifica en el apartado de&nbsp;<em>cookies<\/em>&nbsp;que se utilizan en este sitio web.<br \/><strong>Legitimaci\u00f3n del tratamiento:<\/strong>&nbsp;por consentimiento del interesado (art. 6.1 GDPR).<br \/><strong>Criterios de conservaci\u00f3n de los datos:<\/strong>&nbsp;seg\u00fan se especifica en el apartado de&nbsp;<em>cookies&nbsp;<\/em>utilizadas en la web.<br \/><strong>Comunicaci\u00f3n de los datos:<\/strong>&nbsp;no se comunicar\u00e1n los datos a terceros, excepto en&nbsp;<em>cookies<\/em>&nbsp;propiedad de terceros o por<br \/>obligaci\u00f3n legal.<br \/><strong>Derechos que tiene el Interesado:<\/strong><\/p>\n<ul>\n<li>Derecho a retirar el consentimiento en cualquier momento. Derecho de acceso, rectificaci\u00f3n, portabilidad y supresi\u00f3n de sus datos y de limitaci\u00f3n u oposici\u00f3n a su tratamiento.<\/li>\n<li>Derecho a presentar una reclamaci\u00f3n ante la Autoridad de control (<a href=\"https:\/\/www.aepd.es\/\">www.aepd.es<\/a>) si considera que el tratamiento no<br \/>se ajusta a la normativa vigente.<\/li>\n<\/ul>\n<p><strong>Datos de contacto para ejercer sus derechos:<\/strong><br \/>EDUCEM. Plaza Maluquer i Salvador, 18 \u2013 08400 Granollers (Barcelona). E-mail:&nbsp;<a href=\"mailto:centres@educem.com\">centres@educem.com<\/a><\/p>\n<p>[\/et_pb_text][et_pb_text _builder_version=\u00bb4.23.1&#8243; header_2_font=\u00bbArial Rounded||||||||\u00bb background_size=\u00bbinitial\u00bb background_position=\u00bbtop_left\u00bb background_repeat=\u00bbrepeat\u00bb hover_enabled=\u00bb0&#8243; global_colors_info=\u00bb{}\u00bb sticky_enabled=\u00bb0&#8243;]<\/p>\n<h2 class=\"wp-block-heading\">COOKIES UTILIZADAS EN ESTE SITIO WEB<\/h2>\n<div class=\"cky-audit-table-element\"><\/div>\n<h3 class=\"wp-block-heading\"><\/h3>\n<p>Los servicios de terceros son ajenos al control del editor. Los proveedores pueden modificar en cualquier momento sus condiciones de servicio, finalidad y uso de las cookies, etc.<\/p>\n<p><strong>Proveedores externos de este sitio web:<\/strong><\/p>\n<figure class=\"wp-block-table\">\n<table>\n<tbody>\n<tr>\n<th>Editor<\/th>\n<th>Pol\u00edtica de privacidad<\/th>\n<\/tr>\n<tr>\n<td>Facebook<\/td>\n<td><a href=\"https:\/\/www.facebook.com\/about\/privacy\/\" target=\"_blank\" rel=\"noreferrer noopener\">https:\/\/www.facebook.com\/about\/privacy\/<\/a><\/td>\n<\/tr>\n<tr>\n<td>Google Analytics<\/td>\n<td><a href=\"https:\/\/privacy.google.com\/take-control.html\" target=\"_blank\" rel=\"noreferrer noopener\">https:\/\/privacy.google.com\/take-control.html<\/a><\/td>\n<\/tr>\n<tr>\n<td>Google<\/td>\n<td><a href=\"https:\/\/privacy.google.com\/take-control.html\" target=\"_blank\" rel=\"noreferrer noopener\">https:\/\/privacy.google.com\/take-control.html<\/a><\/td>\n<\/tr>\n<tr>\n<td>Google<\/td>\n<td><a href=\"https:\/\/safety.google\/privacy\/privacy-controls\/\" target=\"_blank\" rel=\"noreferrer noopener\">https:\/\/safety.google\/privacy\/privacy-controls\/<\/a><\/td>\n<\/tr>\n<tr>\n<td>Youtube<\/td>\n<td><a href=\"https:\/\/policies.google.com\/privacy\" target=\"_blank\" rel=\"noreferrer noopener\">https:\/\/policies.google.com\/privacy<\/a><\/td>\n<\/tr>\n<tr>\n<td>Youtube<\/td>\n<td><a href=\"https:\/\/privacy.google.com\/take-control.html\" target=\"_blank\" rel=\"noreferrer noopener\">https:\/\/privacy.google.com\/take-control.html<\/a><\/td>\n<\/tr>\n<\/tbody>\n<\/table>\n<\/figure>\n<h3 class=\"wp-block-heading\">PANEL DE CONFIGURACI\u00d3N DE COOKIES<\/h3>\n<p>Desde este panel puede configurar las cookies que el sitio web puede instalar en su navegador, excepto las cookies<br \/>\nt\u00e9cnicas o funcionales que son necesarias para la navegaci\u00f3n y la utilizaci\u00f3n de las diferentes opciones o servicios que<br \/>\nse ofrecen.<\/p>\n<figure class=\"wp-block-table\">\n<table>\n<tbody>\n<tr>\n<td colspan=\"4\">C\u00d3MO GESTIONAR LAS COOKIES DESDE EL NAVEGADOR<\/td>\n<\/tr>\n<tr>\n<td>Eliminar las cookies del dispositivo<\/td>\n<td>Las cookies que ya se encuentran en un dispositivo se pueden eliminar borrando el historial del<br \/>\nnavegador, de manera que se suprimen las cookies de todos los sitios web visitados.<br \/>\nNo obstante, tambi\u00e9n se puede perder parte de la informaci\u00f3n desada (por ejemplo, los datos de inicio de sesi\u00f3n o las preferencias de sitio web).<\/td>\n<\/tr>\n<tr>\n<td>Gestionar las cookies espec\u00edficas del sitio<\/td>\n<td>Para tener un control m\u00e1s preciso de las cookies espec\u00edficas de cada sitio, los usuarios pueden ajustar su configuraci\u00f3n de privacidad y cookies al navegador.<\/td>\n<\/tr>\n<tr>\n<td>Bloquear las cookies<\/td>\n<td>Aunque la mayor\u00eda de los navegadores modernos se pueden configurar para evitar que se instalen.<br \/>\ncookies en los dispositivos, esto puede obligar a ajustar manualmente determinadas preferencias cada vez que se visite un sitio o p\u00e1gina. Adem\u00e1s, algunos servicios y caracter\u00edsticas pueden no funcionar correctamente (por ejemplo, los inicios de sesi\u00f3n con perfil).<\/td>\n<\/tr>\n<\/tbody>\n<\/table>\n<\/figure>\n<figure class=\"wp-block-table\">\n<table>\n<tbody>\n<tr>\n<td colspan=\"4\">C\u00d3MO ELIMINAR LAS COOKIES DE LOS NAVEGADORES M\u00c1S COMUNES<\/td>\n<\/tr>\n<tr>\n<td>Chrome<\/td>\n<td><a href=\"http:\/\/support.google.com\/chrome\/answer\/95647?hl=es\" target=\"_blank\" rel=\"noreferrer noopener\">http:\/\/support.google.com\/chrome\/answer\/95647?hl=es<\/a><\/td>\n<\/tr>\n<tr>\n<td>Internet Explorer. Versi\u00f3n 11<\/td>\n<td><a href=\"https:\/\/support.microsoft.com\/es-es\/help\/278835\/how-to-delete-cookie-files-in-internet-explorer\" target=\"_blank\" rel=\"noreferrer noopener\">https:\/\/support.microsoft.com\/es-es\/help\/278835\/how-to-delete-cookie-files-in-internet-explorer<\/a><\/td>\n<\/tr>\n<tr>\n<td>Firefox. Versi\u00f3n 65.0.1<\/td>\n<td><a href=\"https:\/\/www.mozilla.org\/es-ES\/privacy\/websites\/#cookies\" target=\"_blank\" rel=\"noreferrer noopener\">https:\/\/www.mozilla.org\/es-ES\/privacy\/websites\/#cookies<\/a><\/td>\n<\/tr>\n<tr>\n<td>Safari Versi\u00f3n 5.1<\/td>\n<td><a href=\"https:\/\/support.apple.com\/es-es\/guide\/safari\/sfri11471\/mac\" target=\"_blank\" rel=\"noreferrer noopener\">https:\/\/support.apple.com\/es-es\/guide\/safari\/sfri11471\/mac<\/a><\/td>\n<\/tr>\n<tr>\n<td>Opera<\/td>\n<td><a href=\"https:\/\/help.opera.com\/en\/latest\/security-and-privacy\/#clearBrowsingData\" target=\"_blank\" rel=\"noreferrer noopener\">https:\/\/help.opera.com\/en\/latest\/security-and-privacy\/#clearBrowsingData<\/a><\/td>\n<\/tr>\n<\/tbody>\n<\/table>\n<\/figure>\n<p>[\/et_pb_text][\/et_pb_column][\/et_pb_row][\/et_pb_section]<\/p>\n","protected":false},"excerpt":{"rendered":"<p>INFORMACI\u00d3N SOBRE&nbsp;COOKIES Debido a la entrada en vigor de la referente modificaci\u00f3n de la \u00abLey de Servicios de la Sociedad de la Informaci\u00f3n\u00bb (LSSICE) establecida por el Real Decreto 13\/2012, es obligado obtener el consentimiento expreso del usuario de todas las p\u00e1ginas web que utilizan&nbsp;cookies&nbsp;prescindibles, antes de que \u00e9ste navegue por ellas.\u00bfQU\u00c9 SON LAS&nbsp;COOKIES? Las&nbsp;cookies&nbsp;y [&hellip;]<\/p>\n","protected":false},"author":2,"featured_media":0,"parent":0,"menu_order":0,"comment_status":"closed","ping_status":"closed","template":"","meta":{"_et_pb_use_builder":"on","_et_pb_old_content":"","_et_gb_content_width":"","footnotes":""},"class_list":["post-1656","page","type-page","status-publish","hentry"],"yoast_head":"<!-- This site is optimized with the Yoast SEO plugin v27.5 - https:\/\/yoast.com\/product\/yoast-seo-wordpress\/ -->\n<title>Pol\u00edtica de Cookies - Centres Educem<\/title>\n<meta name=\"robots\" content=\"index, follow, max-snippet:-1, max-image-preview:large, max-video-preview:-1\" \/>\n<link rel=\"canonical\" href=\"https:\/\/educem.com\/es\/politica-de-cookies\/\" \/>\n<meta property=\"og:locale\" content=\"es_ES\" \/>\n<meta property=\"og:type\" content=\"article\" \/>\n<meta property=\"og:title\" content=\"Pol\u00edtica de Cookies - Centres Educem\" \/>\n<meta property=\"og:description\" content=\"INFORMACI\u00d3N SOBRE&nbsp;COOKIES Debido a la entrada en vigor de la referente modificaci\u00f3n de la \u00abLey de Servicios de la Sociedad de la Informaci\u00f3n\u00bb (LSSICE) establecida por el Real Decreto 13\/2012, es obligado obtener el consentimiento expreso del usuario de todas las p\u00e1ginas web que utilizan&nbsp;cookies&nbsp;prescindibles, antes de que \u00e9ste navegue por ellas.\u00bfQU\u00c9 SON LAS&nbsp;COOKIES? Las&nbsp;cookies&nbsp;y [&hellip;]\" \/>\n<meta property=\"og:url\" content=\"https:\/\/educem.com\/es\/politica-de-cookies\/\" \/>\n<meta property=\"og:site_name\" content=\"Centres Educem\" \/>\n<meta property=\"article:publisher\" content=\"https:\/\/ca-es.facebook.com\/educemcentresdensenyament\/\" \/>\n<meta property=\"article:modified_time\" content=\"2023-11-21T15:54:07+00:00\" \/>\n<meta property=\"og:image\" content=\"https:\/\/educem.com\/wp-content\/uploads\/2023\/09\/img_edifici_home.jpg\" \/>\n\t<meta property=\"og:image:width\" content=\"1925\" \/>\n\t<meta property=\"og:image:height\" content=\"859\" \/>\n\t<meta property=\"og:image:type\" content=\"image\/jpeg\" \/>\n<meta name=\"twitter:card\" content=\"summary_large_image\" \/>\n<meta name=\"twitter:site\" content=\"@EducemGran\" \/>\n<script type=\"application\/ld+json\" class=\"yoast-schema-graph\">{\"@context\":\"https:\\\/\\\/schema.org\",\"@graph\":[{\"@type\":\"WebPage\",\"@id\":\"https:\\\/\\\/educem.com\\\/es\\\/politica-de-cookies\\\/\",\"url\":\"https:\\\/\\\/educem.com\\\/es\\\/politica-de-cookies\\\/\",\"name\":\"Pol\u00edtica de Cookies - Centres Educem\",\"isPartOf\":{\"@id\":\"https:\\\/\\\/educem.com\\\/#website\"},\"datePublished\":\"2023-06-27T06:19:53+00:00\",\"dateModified\":\"2023-11-21T15:54:07+00:00\",\"breadcrumb\":{\"@id\":\"https:\\\/\\\/educem.com\\\/es\\\/politica-de-cookies\\\/#breadcrumb\"},\"inLanguage\":\"es\",\"potentialAction\":[{\"@type\":\"ReadAction\",\"target\":[\"https:\\\/\\\/educem.com\\\/es\\\/politica-de-cookies\\\/\"]}]},{\"@type\":\"BreadcrumbList\",\"@id\":\"https:\\\/\\\/educem.com\\\/es\\\/politica-de-cookies\\\/#breadcrumb\",\"itemListElement\":[{\"@type\":\"ListItem\",\"position\":1,\"name\":\"Portada\",\"item\":\"https:\\\/\\\/educem.com\\\/es\\\/\"},{\"@type\":\"ListItem\",\"position\":2,\"name\":\"Pol\u00edtica de Cookies\"}]},{\"@type\":\"WebSite\",\"@id\":\"https:\\\/\\\/educem.com\\\/#website\",\"url\":\"https:\\\/\\\/educem.com\\\/\",\"name\":\"Centres Educem\",\"description\":\"Oferta formativa\",\"publisher\":{\"@id\":\"https:\\\/\\\/educem.com\\\/#organization\"},\"potentialAction\":[{\"@type\":\"SearchAction\",\"target\":{\"@type\":\"EntryPoint\",\"urlTemplate\":\"https:\\\/\\\/educem.com\\\/?s={search_term_string}\"},\"query-input\":{\"@type\":\"PropertyValueSpecification\",\"valueRequired\":true,\"valueName\":\"search_term_string\"}}],\"inLanguage\":\"es\"},{\"@type\":\"Organization\",\"@id\":\"https:\\\/\\\/educem.com\\\/#organization\",\"name\":\"Educem\",\"url\":\"https:\\\/\\\/educem.com\\\/\",\"logo\":{\"@type\":\"ImageObject\",\"inLanguage\":\"es\",\"@id\":\"https:\\\/\\\/educem.com\\\/#\\\/schema\\\/logo\\\/image\\\/\",\"url\":\"https:\\\/\\\/educem.com\\\/wp-content\\\/uploads\\\/2023\\\/06\\\/logo_educem_menu.png\",\"contentUrl\":\"https:\\\/\\\/educem.com\\\/wp-content\\\/uploads\\\/2023\\\/06\\\/logo_educem_menu.png\",\"width\":150,\"height\":49,\"caption\":\"Educem\"},\"image\":{\"@id\":\"https:\\\/\\\/educem.com\\\/#\\\/schema\\\/logo\\\/image\\\/\"},\"sameAs\":[\"https:\\\/\\\/ca-es.facebook.com\\\/educemcentresdensenyament\\\/\",\"https:\\\/\\\/x.com\\\/EducemGran\",\"https:\\\/\\\/www.instagram.com\\\/educem_granollers\\\/\",\"https:\\\/\\\/www.linkedin.com\\\/company\\\/escola-educem\"]}]}<\/script>\n<!-- \/ Yoast SEO plugin. -->","yoast_head_json":{"title":"Pol\u00edtica de Cookies - Centres Educem","robots":{"index":"index","follow":"follow","max-snippet":"max-snippet:-1","max-image-preview":"max-image-preview:large","max-video-preview":"max-video-preview:-1"},"canonical":"https:\/\/educem.com\/es\/politica-de-cookies\/","og_locale":"es_ES","og_type":"article","og_title":"Pol\u00edtica de Cookies - Centres Educem","og_description":"INFORMACI\u00d3N SOBRE&nbsp;COOKIES Debido a la entrada en vigor de la referente modificaci\u00f3n de la \u00abLey de Servicios de la Sociedad de la Informaci\u00f3n\u00bb (LSSICE) establecida por el Real Decreto 13\/2012, es obligado obtener el consentimiento expreso del usuario de todas las p\u00e1ginas web que utilizan&nbsp;cookies&nbsp;prescindibles, antes de que \u00e9ste navegue por ellas.\u00bfQU\u00c9 SON LAS&nbsp;COOKIES? Las&nbsp;cookies&nbsp;y [&hellip;]","og_url":"https:\/\/educem.com\/es\/politica-de-cookies\/","og_site_name":"Centres Educem","article_publisher":"https:\/\/ca-es.facebook.com\/educemcentresdensenyament\/","article_modified_time":"2023-11-21T15:54:07+00:00","og_image":[{"width":1925,"height":859,"url":"https:\/\/educem.com\/wp-content\/uploads\/2023\/09\/img_edifici_home.jpg","type":"image\/jpeg"}],"twitter_card":"summary_large_image","twitter_site":"@EducemGran","schema":{"@context":"https:\/\/schema.org","@graph":[{"@type":"WebPage","@id":"https:\/\/educem.com\/es\/politica-de-cookies\/","url":"https:\/\/educem.com\/es\/politica-de-cookies\/","name":"Pol\u00edtica de Cookies - Centres Educem","isPartOf":{"@id":"https:\/\/educem.com\/#website"},"datePublished":"2023-06-27T06:19:53+00:00","dateModified":"2023-11-21T15:54:07+00:00","breadcrumb":{"@id":"https:\/\/educem.com\/es\/politica-de-cookies\/#breadcrumb"},"inLanguage":"es","potentialAction":[{"@type":"ReadAction","target":["https:\/\/educem.com\/es\/politica-de-cookies\/"]}]},{"@type":"BreadcrumbList","@id":"https:\/\/educem.com\/es\/politica-de-cookies\/#breadcrumb","itemListElement":[{"@type":"ListItem","position":1,"name":"Portada","item":"https:\/\/educem.com\/es\/"},{"@type":"ListItem","position":2,"name":"Pol\u00edtica de Cookies"}]},{"@type":"WebSite","@id":"https:\/\/educem.com\/#website","url":"https:\/\/educem.com\/","name":"Centres Educem","description":"Oferta formativa","publisher":{"@id":"https:\/\/educem.com\/#organization"},"potentialAction":[{"@type":"SearchAction","target":{"@type":"EntryPoint","urlTemplate":"https:\/\/educem.com\/?s={search_term_string}"},"query-input":{"@type":"PropertyValueSpecification","valueRequired":true,"valueName":"search_term_string"}}],"inLanguage":"es"},{"@type":"Organization","@id":"https:\/\/educem.com\/#organization","name":"Educem","url":"https:\/\/educem.com\/","logo":{"@type":"ImageObject","inLanguage":"es","@id":"https:\/\/educem.com\/#\/schema\/logo\/image\/","url":"https:\/\/educem.com\/wp-content\/uploads\/2023\/06\/logo_educem_menu.png","contentUrl":"https:\/\/educem.com\/wp-content\/uploads\/2023\/06\/logo_educem_menu.png","width":150,"height":49,"caption":"Educem"},"image":{"@id":"https:\/\/educem.com\/#\/schema\/logo\/image\/"},"sameAs":["https:\/\/ca-es.facebook.com\/educemcentresdensenyament\/","https:\/\/x.com\/EducemGran","https:\/\/www.instagram.com\/educem_granollers\/","https:\/\/www.linkedin.com\/company\/escola-educem"]}]}},"_links":{"self":[{"href":"https:\/\/educem.com\/es\/wp-json\/wp\/v2\/pages\/1656","targetHints":{"allow":["GET"]}}],"collection":[{"href":"https:\/\/educem.com\/es\/wp-json\/wp\/v2\/pages"}],"about":[{"href":"https:\/\/educem.com\/es\/wp-json\/wp\/v2\/types\/page"}],"author":[{"embeddable":true,"href":"https:\/\/educem.com\/es\/wp-json\/wp\/v2\/users\/2"}],"replies":[{"embeddable":true,"href":"https:\/\/educem.com\/es\/wp-json\/wp\/v2\/comments?post=1656"}],"version-history":[{"count":8,"href":"https:\/\/educem.com\/es\/wp-json\/wp\/v2\/pages\/1656\/revisions"}],"predecessor-version":[{"id":3121,"href":"https:\/\/educem.com\/es\/wp-json\/wp\/v2\/pages\/1656\/revisions\/3121"}],"wp:attachment":[{"href":"https:\/\/educem.com\/es\/wp-json\/wp\/v2\/media?parent=1656"}],"curies":[{"name":"wp","href":"https:\/\/api.w.org\/{rel}","templated":true}]}}